{"id":3349,"date":"2024-10-10T11:19:23","date_gmt":"2024-10-10T09:19:23","guid":{"rendered":"https:\/\/www.ker-moor.com\/?page_id=3349"},"modified":"2024-10-10T11:28:28","modified_gmt":"2024-10-10T09:28:28","slug":"what-to-do-in-saint-quay-portrieux","status":"publish","type":"page","link":"https:\/\/www.ker-moor.com\/en\/que-faire-a-saint-quay-portrieux\/","title":{"rendered":"What to do in Saint-Quay-Portrieux"},"content":{"rendered":"<div data-elementor-type=\"wp-page\" data-elementor-id=\"3349\" class=\"elementor elementor-3349\" data-elementor-post-type=\"page\">\n\t\t\t\t<div class=\"elementor-element elementor-element-2d2a34a9 e-con-full e-flex e-con e-parent\" data-id=\"2d2a34a9\" data-element_type=\"container\" data-e-type=\"container\" data-settings=\"{&quot;background_background&quot;:&quot;classic&quot;}\">\n\t\t<div class=\"elementor-element elementor-element-37e1f51b e-flex e-con-boxed e-con e-child\" data-id=\"37e1f51b\" data-element_type=\"container\" data-e-type=\"container\">\n\t\t\t\t\t<div class=\"e-con-inner\">\n\t\t\t\t<div class=\"elementor-element elementor-element-6c1d87f7 elementor-widget-mobile__width-initial elementor-widget elementor-widget-image\" data-id=\"6c1d87f7\" data-element_type=\"widget\" data-e-type=\"widget\" data-widget_type=\"image.default\">\n\t\t\t\t<div class=\"elementor-widget-container\">\n\t\t\t\t\t\t\t\t\t\t\t\t\t\t\t<img decoding=\"async\" width=\"76\" height=\"39\" src=\"https:\/\/www.ker-moor.com\/wp-content\/uploads\/2024\/02\/pics-gauche.png\" class=\"attachment-full size-full wp-image-171\" alt=\"\" srcset=\"https:\/\/www.ker-moor.com\/wp-content\/uploads\/2024\/02\/pics-gauche.png 76w, https:\/\/www.ker-moor.com\/wp-content\/uploads\/2024\/02\/pics-gauche-18x9.png 18w\" sizes=\"(max-width: 76px) 100vw, 76px\" title=\"\">\t\t\t\t\t\t\t\t\t\t\t\t\t\t\t<\/div>\n\t\t\t\t<\/div>\n\t\t\t\t<div class=\"elementor-element elementor-element-111d7335 elementor-widget elementor-widget-heading\" data-id=\"111d7335\" data-element_type=\"widget\" data-e-type=\"widget\" data-widget_type=\"heading.default\">\n\t\t\t\t<div class=\"elementor-widget-container\">\n\t\t\t\t\t<h1 class=\"elementor-heading-title elementor-size-default\">What to do in Saint-Quay-Portrieux?<\/h1>\t\t\t\t<\/div>\n\t\t\t\t<\/div>\n\t\t\t\t<div class=\"elementor-element elementor-element-3b02a283 elementor-widget-mobile__width-initial elementor-widget elementor-widget-image\" data-id=\"3b02a283\" data-element_type=\"widget\" data-e-type=\"widget\" data-widget_type=\"image.default\">\n\t\t\t\t<div class=\"elementor-widget-container\">\n\t\t\t\t\t\t\t\t\t\t\t\t\t\t\t<img decoding=\"async\" width=\"76\" height=\"39\" src=\"https:\/\/www.ker-moor.com\/wp-content\/uploads\/2024\/02\/pics-droite.png\" class=\"attachment-full size-full wp-image-170\" alt=\"\" srcset=\"https:\/\/www.ker-moor.com\/wp-content\/uploads\/2024\/02\/pics-droite.png 76w, https:\/\/www.ker-moor.com\/wp-content\/uploads\/2024\/02\/pics-droite-18x9.png 18w\" sizes=\"(max-width: 76px) 100vw, 76px\" title=\"\">\t\t\t\t\t\t\t\t\t\t\t\t\t\t\t<\/div>\n\t\t\t\t<\/div>\n\t\t\t\t\t<\/div>\n\t\t\t\t<\/div>\n\t\t\t\t<\/div>\n\t\t<div class=\"elementor-element elementor-element-7ca07d99 e-flex e-con-boxed e-con e-parent\" data-id=\"7ca07d99\" data-element_type=\"container\" data-e-type=\"container\">\n\t\t\t\t\t<div class=\"e-con-inner\">\n\t\t<div class=\"elementor-element elementor-element-2e6b8a08 e-con-full e-flex e-con e-child\" data-id=\"2e6b8a08\" data-element_type=\"container\" data-e-type=\"container\">\n\t\t\t\t<div class=\"elementor-element elementor-element-41932d4f elementor-widget__width-initial elementor-widget elementor-widget-text-editor\" data-id=\"41932d4f\" data-element_type=\"widget\" data-e-type=\"widget\" data-widget_type=\"text-editor.default\">\n\t\t\t\t<div class=\"elementor-widget-container\">\n\t\t\t\t\t\t\t\t\t<p data-pm-slice=\"1 1 []\">A charming little town on the English Channel, Saint Quay Portrieux is the perfect destination for a rejuvenating break in Brittany. Situated between Paimpol and Saint-Brieuc, this seaside resort of 3,000 inhabitants has nothing to envy its famous neighbours. An influential fishing port, a modern marina, a succession of dream beaches, an exceptional natural heritage and water sports activities of all kinds: you'll never be bored! If you're still wondering what to do in Saint Quay Portrieux, follow the guide...<\/p>\t\t\t\t\t\t\t\t<\/div>\n\t\t\t\t<\/div>\n\t\t\t\t<\/div>\n\t\t\t\t\t<\/div>\n\t\t\t\t<\/div>\n\t\t<div class=\"elementor-element elementor-element-3b508916 e-con-full e-flex e-con e-parent\" data-id=\"3b508916\" data-element_type=\"container\" data-e-type=\"container\" data-settings=\"{&quot;background_background&quot;:&quot;classic&quot;}\">\n\t\t<div class=\"elementor-element elementor-element-1faf51e8 e-con-full events-bloc-toright e-flex e-con e-child\" data-id=\"1faf51e8\" data-element_type=\"container\" data-e-type=\"container\">\n\t\t<div class=\"elementor-element elementor-element-22cf95ea e-con-full e-flex e-con e-child\" data-id=\"22cf95ea\" data-element_type=\"container\" data-e-type=\"container\">\n\t\t<div class=\"elementor-element elementor-element-5fe2e1c e-con-full e-flex e-con e-child\" data-id=\"5fe2e1c\" data-element_type=\"container\" data-e-type=\"container\">\n\t\t\t\t<div class=\"elementor-element elementor-element-3bbaa6bc events-title-1 elementor-widget elementor-widget-heading\" data-id=\"3bbaa6bc\" data-element_type=\"widget\" data-e-type=\"widget\" data-widget_type=\"heading.default\">\n\t\t\t\t<div class=\"elementor-widget-container\">\n\t\t\t\t\t<h2 class=\"elementor-heading-title elementor-size-default\">What to do in Saint Quay Portrieux for a sporting holiday\u00a0<\/h2>\t\t\t\t<\/div>\n\t\t\t\t<\/div>\n\t\t\t\t<div class=\"elementor-element elementor-element-18aa36af elementor-widget__width-initial events-txt elementor-widget elementor-widget-text-editor\" data-id=\"18aa36af\" data-element_type=\"widget\" data-e-type=\"widget\" data-widget_type=\"text-editor.default\">\n\t\t\t\t<div class=\"elementor-widget-container\">\n\t\t\t\t\t\t\t\t\t<p data-pm-slice=\"1 1 []\">With its wide open spaces, Saint Quay Portrieux and the surrounding area offers an infinite number of outdoor sports activities. Between land and sea, there's something for all ages, all levels and all tastes! The seaside resort's port is one of the busiest in the region, with sailboats, yachts, catamarans and fishing boats coming and going from morning until sunset. Thanks to this energy, the port is the nerve centre of this small town, which can offer a wide range of water sports activities. Supervised scuba diving, jet skiing around the bay and boat hire are just some of the popular attractions. There's something for beginners and experts alike. A short distance away, along the many beaches, the sporting options continue: paddle, kayak or windsurf? The crystal-clear waters are just waiting for you. And if you're wondering what else to do in Saint Quay Portrieux apart from water sports, head to one of the tennis clubs or to the reception of the Ker Moor hotel to hire a bike. There are plenty of greenway routes to help you admire the wild beauty of the countryside along the Go\u00eblo coast.<\/p>\t\t\t\t\t\t\t\t<\/div>\n\t\t\t\t<\/div>\n\t\t\t\t<\/div>\n\t\t<div class=\"elementor-element elementor-element-595bb0df e-con-full e-flex e-con e-child\" data-id=\"595bb0df\" data-element_type=\"container\" data-e-type=\"container\">\n\t\t\t\t<div class=\"elementor-element elementor-element-5a0f468b elementor-widget-tablet__width-inherit elementor-widget elementor-widget-image\" data-id=\"5a0f468b\" data-element_type=\"widget\" data-e-type=\"widget\" data-widget_type=\"image.default\">\n\t\t\t\t<div class=\"elementor-widget-container\">\n\t\t\t\t\t\t\t\t\t\t\t\t\t\t\t<img fetchpriority=\"high\" decoding=\"async\" width=\"2560\" height=\"1707\" src=\"https:\/\/www.ker-moor.com\/wp-content\/uploads\/2024\/04\/reduit-2-scaled.jpg\" class=\"attachment-full size-full wp-image-2853\" alt=\"Distant aerial view of the Ker Moor hotel\" srcset=\"https:\/\/www.ker-moor.com\/wp-content\/uploads\/2024\/04\/reduit-2-scaled.jpg 2560w, https:\/\/www.ker-moor.com\/wp-content\/uploads\/2024\/04\/reduit-2-300x200.jpg 300w, https:\/\/www.ker-moor.com\/wp-content\/uploads\/2024\/04\/reduit-2-1024x683.jpg 1024w, https:\/\/www.ker-moor.com\/wp-content\/uploads\/2024\/04\/reduit-2-768x512.jpg 768w, https:\/\/www.ker-moor.com\/wp-content\/uploads\/2024\/04\/reduit-2-1536x1024.jpg 1536w, https:\/\/www.ker-moor.com\/wp-content\/uploads\/2024\/04\/reduit-2-2048x1365.jpg 2048w, https:\/\/www.ker-moor.com\/wp-content\/uploads\/2024\/04\/reduit-2-18x12.jpg 18w\" sizes=\"(max-width: 2560px) 100vw, 2560px\" title=\"\">\t\t\t\t\t\t\t\t\t\t\t\t\t\t\t<\/div>\n\t\t\t\t<\/div>\n\t\t\t\t<\/div>\n\t\t\t\t<\/div>\n\t\t\t\t<\/div>\n\t\t<div class=\"elementor-element elementor-element-37cd6c13 e-con-full events-bloc-toleft e-flex e-con e-child\" data-id=\"37cd6c13\" data-element_type=\"container\" data-e-type=\"container\">\n\t\t<div class=\"elementor-element elementor-element-c098364 e-con-full e-flex e-con e-child\" data-id=\"c098364\" data-element_type=\"container\" data-e-type=\"container\">\n\t\t<div class=\"elementor-element elementor-element-42d756ca e-con-full e-flex e-con e-child\" data-id=\"42d756ca\" data-element_type=\"container\" data-e-type=\"container\">\n\t\t\t\t<div class=\"elementor-element elementor-element-6491f9c elementor-widget-tablet__width-inherit elementor-widget elementor-widget-image\" data-id=\"6491f9c\" data-element_type=\"widget\" data-e-type=\"widget\" data-widget_type=\"image.default\">\n\t\t\t\t<div class=\"elementor-widget-container\">\n\t\t\t\t\t\t\t\t\t\t\t\t\t\t\t<img loading=\"lazy\" decoding=\"async\" width=\"1707\" height=\"2560\" src=\"https:\/\/www.ker-moor.com\/wp-content\/uploads\/2024\/07\/Texte-2-scaled.jpg\" class=\"attachment-full size-full wp-image-3170\" alt=\"\" srcset=\"https:\/\/www.ker-moor.com\/wp-content\/uploads\/2024\/07\/Texte-2-scaled.jpg 1707w, https:\/\/www.ker-moor.com\/wp-content\/uploads\/2024\/07\/Texte-2-200x300.jpg 200w, https:\/\/www.ker-moor.com\/wp-content\/uploads\/2024\/07\/Texte-2-683x1024.jpg 683w, https:\/\/www.ker-moor.com\/wp-content\/uploads\/2024\/07\/Texte-2-768x1152.jpg 768w, https:\/\/www.ker-moor.com\/wp-content\/uploads\/2024\/07\/Texte-2-1024x1536.jpg 1024w, https:\/\/www.ker-moor.com\/wp-content\/uploads\/2024\/07\/Texte-2-1365x2048.jpg 1365w, https:\/\/www.ker-moor.com\/wp-content\/uploads\/2024\/07\/Texte-2-8x12.jpg 8w\" sizes=\"(max-width: 1707px) 100vw, 1707px\" title=\"\">\t\t\t\t\t\t\t\t\t\t\t\t\t\t\t<\/div>\n\t\t\t\t<\/div>\n\t\t\t\t<\/div>\n\t\t<div class=\"elementor-element elementor-element-34c31bd9 e-con-full e-flex e-con e-child\" data-id=\"34c31bd9\" data-element_type=\"container\" data-e-type=\"container\">\n\t\t\t\t<div class=\"elementor-element elementor-element-3d41fa96 events-title-1 elementor-widget elementor-widget-heading\" data-id=\"3d41fa96\" data-element_type=\"widget\" data-e-type=\"widget\" data-widget_type=\"heading.default\">\n\t\t\t\t<div class=\"elementor-widget-container\">\n\t\t\t\t\t<h2 class=\"elementor-heading-title elementor-size-default\">Activities at the Ker Moor hotel in Saint Quay Portrieux<\/h2>\t\t\t\t<\/div>\n\t\t\t\t<\/div>\n\t\t\t\t<div class=\"elementor-element elementor-element-72f1e709 elementor-widget__width-initial events-txt  elementor-widget elementor-widget-text-editor\" data-id=\"72f1e709\" data-element_type=\"widget\" data-e-type=\"widget\" data-widget_type=\"text-editor.default\">\n\t\t\t\t<div class=\"elementor-widget-container\">\n\t\t\t\t\t\t\t\t\t<p data-pm-slice=\"1 1 []\">At the 4-star Ker Moor hotel, the services on offer promise great moments for two, a family or a team. If the day is fine, there's nothing more pleasant than access to the swimming pool, which is heated all year round. Situated just opposite the Ch\u00e2teau de Calan, you'll have a most unusual view from your deckchair! The establishment has <a href=\"https:\/\/www.ker-moor.com\/en\/rooms-saint-quay-portrieux-sea-view\/\"><u>30 rooms<\/u><\/a> 27 of which have balconies with sea views. It's a unique and restful setting, treat yourself to a moment of pure contemplation and calm. <a href=\"https:\/\/www.ker-moor.com\/en\/experiences\/ile-de-la-comtesse\/\"><u>The island of the countess<\/u><\/a> and the sound of the waves crashing beneath your windows are an immediate change of scenery. And what can you do in Saint Quay Portrieux at the end of the day? Go to the <a href=\"https:\/\/www.ker-moor.com\/en\/rooftop-hotel-bretagne-sea-view\/\"><u>rooftop<\/u><\/a> of the hotel for a suspended moment, in a cosy space accessible in all seasons. There is a comfortable covered area for the cooler months and a more summery outdoor terrace. At Kssar, the hotel bar, you can enjoy a privileged and exclusive location for a sunset over the water. To accompany this moment, the staff will be delighted to offer you their tapas and drinks menu. Cocktails, wines, spirits and soft drinks are served in a friendly, family atmosphere.\u00a0<\/p>\t\t\t\t\t\t\t\t<\/div>\n\t\t\t\t<\/div>\n\t\t\t\t<\/div>\n\t\t\t\t<\/div>\n\t\t\t\t<\/div>\n\t\t\t\t<\/div>\n\t\t<div class=\"elementor-element elementor-element-df9d40e e-con-full e-flex e-con e-parent\" data-id=\"df9d40e\" data-element_type=\"container\" data-e-type=\"container\" data-settings=\"{&quot;background_background&quot;:&quot;classic&quot;}\">\n\t\t<div class=\"elementor-element elementor-element-ca8ec73 e-con-full events-bloc-toright e-flex e-con e-child\" data-id=\"ca8ec73\" data-element_type=\"container\" data-e-type=\"container\">\n\t\t<div class=\"elementor-element elementor-element-b9b0f15 e-con-full e-flex e-con e-child\" data-id=\"b9b0f15\" data-element_type=\"container\" data-e-type=\"container\">\n\t\t<div class=\"elementor-element elementor-element-9e0da7d e-con-full e-flex e-con e-child\" data-id=\"9e0da7d\" data-element_type=\"container\" data-e-type=\"container\">\n\t\t\t\t<div class=\"elementor-element elementor-element-bbdcfb3 events-title-1 elementor-widget elementor-widget-heading\" data-id=\"bbdcfb3\" data-element_type=\"widget\" data-e-type=\"widget\" data-widget_type=\"heading.default\">\n\t\t\t\t<div class=\"elementor-widget-container\">\n\t\t\t\t\t<h2 class=\"elementor-heading-title elementor-size-default\">A 100 % trip to Brittany: a day in Saint-Quay Portrieux\u00a0<\/h2>\t\t\t\t<\/div>\n\t\t\t\t<\/div>\n\t\t\t\t<div class=\"elementor-element elementor-element-3af30e3 elementor-widget__width-initial events-txt elementor-widget elementor-widget-text-editor\" data-id=\"3af30e3\" data-element_type=\"widget\" data-e-type=\"widget\" data-widget_type=\"text-editor.default\">\n\t\t\t\t<div class=\"elementor-widget-container\">\n\t\t\t\t\t\t\t\t\t<p data-pm-slice=\"1 1 []\">If you're wondering what to do in Saint Quay Portrieux during your holiday in Brittany, you'll find plenty of reasons to fall under the region's spell. Starting with its generous gastronomy. There are no fewer than 20 restaurants in the commune, most of which serve typical regional dishes. There's nothing quite like a galette de sarrasin (buckwheat pancake) and a bowl of cider in the cobbled streets of the old town. Another culinary attraction is seafood: Saint Quay Portrieux is one of the scallop capitals. Every morning, the harbour is bustling with colourful trawlers pouring out their precious cargo. Breton atmosphere guaranteed. In April, Saint Quay Portrieux even hosts the annual Saint-Jacques festival! The programme includes tastings, concerts and meetings with fishermen. Among the wonders of the seaside resort, do you know <a href=\"https:\/\/www.ker-moor.com\/en\/experiences\/saint-quay-portrieux-natural-swimming-pool\/\"><u>seawater swimming pool<\/u><\/a> on the casino beach? It's unique in France and a must-see in the region. The rocky basin fills and empties to the rhythm of the tides. As soon as the weather permits, you can swim there in complete safety. Finally, to round off your Breton 100 % day, put on your trainers and set off along the customs trail. This is a fully signposted trail (GR 34) that runs along the black cliffs and offers viewpoints with an orientation table over the whole bay.<\/p>\t\t\t\t\t\t\t\t<\/div>\n\t\t\t\t<\/div>\n\t\t\t\t<\/div>\n\t\t<div class=\"elementor-element elementor-element-7d3ccdf e-con-full e-flex e-con e-child\" data-id=\"7d3ccdf\" data-element_type=\"container\" data-e-type=\"container\">\n\t\t\t\t<div class=\"elementor-element elementor-element-62334e4 elementor-widget-tablet__width-inherit elementor-widget elementor-widget-image\" data-id=\"62334e4\" data-element_type=\"widget\" data-e-type=\"widget\" data-widget_type=\"image.default\">\n\t\t\t\t<div class=\"elementor-widget-container\">\n\t\t\t\t\t\t\t\t\t\t\t\t\t\t\t<img loading=\"lazy\" decoding=\"async\" width=\"2560\" height=\"1920\" src=\"https:\/\/www.ker-moor.com\/wp-content\/uploads\/2024\/10\/piscine-naturelle-Saint-Quay-Portrieux-scaled.jpg\" class=\"attachment-full size-full wp-image-3358\" alt=\"\" srcset=\"https:\/\/www.ker-moor.com\/wp-content\/uploads\/2024\/10\/piscine-naturelle-Saint-Quay-Portrieux-scaled.jpg 2560w, https:\/\/www.ker-moor.com\/wp-content\/uploads\/2024\/10\/piscine-naturelle-Saint-Quay-Portrieux-300x225.jpg 300w, https:\/\/www.ker-moor.com\/wp-content\/uploads\/2024\/10\/piscine-naturelle-Saint-Quay-Portrieux-1024x768.jpg 1024w, https:\/\/www.ker-moor.com\/wp-content\/uploads\/2024\/10\/piscine-naturelle-Saint-Quay-Portrieux-768x576.jpg 768w, https:\/\/www.ker-moor.com\/wp-content\/uploads\/2024\/10\/piscine-naturelle-Saint-Quay-Portrieux-1536x1152.jpg 1536w, https:\/\/www.ker-moor.com\/wp-content\/uploads\/2024\/10\/piscine-naturelle-Saint-Quay-Portrieux-2048x1536.jpg 2048w, https:\/\/www.ker-moor.com\/wp-content\/uploads\/2024\/10\/piscine-naturelle-Saint-Quay-Portrieux-16x12.jpg 16w\" sizes=\"(max-width: 2560px) 100vw, 2560px\" title=\"\">\t\t\t\t\t\t\t\t\t\t\t\t\t\t\t<\/div>\n\t\t\t\t<\/div>\n\t\t\t\t<\/div>\n\t\t\t\t<\/div>\n\t\t\t\t<\/div>\n\t\t\t\t<\/div>\n\t\t\t\t<\/div>","protected":false},"excerpt":{"rendered":"<p>Que faire \u00e0 Saint-Quay-Portrieux ? Charmant petit bourg au bord de la Manche, Saint Quay Portrieux est la destination parfaite pour un s\u00e9jour ressour\u00e7ant en Bretagne. Situ\u00e9e entre Paimpol et Saint-Brieuc, la station baln\u00e9aire de 3000 habitants n&rsquo;a rien \u00e0 envier \u00e0 ses c\u00e9l\u00e8bres voisines. Port de p\u00eache influent, port de plaisance moderne, plages de [&hellip;]<\/p>\n","protected":false},"author":11,"featured_media":0,"parent":0,"menu_order":0,"comment_status":"closed","ping_status":"closed","template":"","meta":{"inline_featured_image":false,"footnotes":""},"class_list":["post-3349","page","type-page","status-publish","hentry"],"_links":{"self":[{"href":"https:\/\/www.ker-moor.com\/en\/wp-json\/wp\/v2\/pages\/3349","targetHints":{"allow":["GET"]}}],"collection":[{"href":"https:\/\/www.ker-moor.com\/en\/wp-json\/wp\/v2\/pages"}],"about":[{"href":"https:\/\/www.ker-moor.com\/en\/wp-json\/wp\/v2\/types\/page"}],"author":[{"embeddable":true,"href":"https:\/\/www.ker-moor.com\/en\/wp-json\/wp\/v2\/users\/11"}],"replies":[{"embeddable":true,"href":"https:\/\/www.ker-moor.com\/en\/wp-json\/wp\/v2\/comments?post=3349"}],"version-history":[{"count":8,"href":"https:\/\/www.ker-moor.com\/en\/wp-json\/wp\/v2\/pages\/3349\/revisions"}],"predecessor-version":[{"id":3361,"href":"https:\/\/www.ker-moor.com\/en\/wp-json\/wp\/v2\/pages\/3349\/revisions\/3361"}],"wp:attachment":[{"href":"https:\/\/www.ker-moor.com\/en\/wp-json\/wp\/v2\/media?parent=3349"}],"curies":[{"name":"wp","href":"https:\/\/api.w.org\/{rel}","templated":true}]}}