{"id":3084,"date":"2024-07-02T09:25:03","date_gmt":"2024-07-02T07:25:03","guid":{"rendered":"https:\/\/www.ker-moor.com\/?page_id=3084"},"modified":"2024-07-15T12:51:43","modified_gmt":"2024-07-15T10:51:43","slug":"saint-quay-portrieux-hotel","status":"publish","type":"page","link":"https:\/\/www.ker-moor.com\/en\/saint-quay-portrieux-hotel\/","title":{"rendered":"Saint-Quay-Portrieux Hotel"},"content":{"rendered":"<div data-elementor-type=\"wp-page\" data-elementor-id=\"3084\" class=\"elementor elementor-3084\" data-elementor-post-type=\"page\">\n\t\t\t\t<div class=\"elementor-element elementor-element-2d2a34a9 e-con-full e-flex e-con e-parent\" data-id=\"2d2a34a9\" data-element_type=\"container\" data-e-type=\"container\" data-settings=\"{&quot;background_background&quot;:&quot;classic&quot;}\">\n\t\t<div class=\"elementor-element elementor-element-37e1f51b e-flex e-con-boxed e-con e-child\" data-id=\"37e1f51b\" data-element_type=\"container\" data-e-type=\"container\">\n\t\t\t\t\t<div class=\"e-con-inner\">\n\t\t\t\t<div class=\"elementor-element elementor-element-6c1d87f7 elementor-widget-mobile__width-initial elementor-widget elementor-widget-image\" data-id=\"6c1d87f7\" data-element_type=\"widget\" data-e-type=\"widget\" data-widget_type=\"image.default\">\n\t\t\t\t<div class=\"elementor-widget-container\">\n\t\t\t\t\t\t\t\t\t\t\t\t\t\t\t<img decoding=\"async\" width=\"76\" height=\"39\" src=\"https:\/\/www.ker-moor.com\/wp-content\/uploads\/2024\/02\/pics-gauche.png\" class=\"attachment-full size-full wp-image-171\" alt=\"\" srcset=\"https:\/\/www.ker-moor.com\/wp-content\/uploads\/2024\/02\/pics-gauche.png 76w, https:\/\/www.ker-moor.com\/wp-content\/uploads\/2024\/02\/pics-gauche-18x9.png 18w\" sizes=\"(max-width: 76px) 100vw, 76px\" title=\"\">\t\t\t\t\t\t\t\t\t\t\t\t\t\t\t<\/div>\n\t\t\t\t<\/div>\n\t\t\t\t<div class=\"elementor-element elementor-element-111d7335 elementor-widget elementor-widget-heading\" data-id=\"111d7335\" data-element_type=\"widget\" data-e-type=\"widget\" data-widget_type=\"heading.default\">\n\t\t\t\t<div class=\"elementor-widget-container\">\n\t\t\t\t\t<h1 class=\"elementor-heading-title elementor-size-default\">Saint-Quay-Portrieux Hotel<\/h1>\t\t\t\t<\/div>\n\t\t\t\t<\/div>\n\t\t\t\t<div class=\"elementor-element elementor-element-3b02a283 elementor-widget-mobile__width-initial elementor-widget elementor-widget-image\" data-id=\"3b02a283\" data-element_type=\"widget\" data-e-type=\"widget\" data-widget_type=\"image.default\">\n\t\t\t\t<div class=\"elementor-widget-container\">\n\t\t\t\t\t\t\t\t\t\t\t\t\t\t\t<img decoding=\"async\" width=\"76\" height=\"39\" src=\"https:\/\/www.ker-moor.com\/wp-content\/uploads\/2024\/02\/pics-droite.png\" class=\"attachment-full size-full wp-image-170\" alt=\"\" srcset=\"https:\/\/www.ker-moor.com\/wp-content\/uploads\/2024\/02\/pics-droite.png 76w, https:\/\/www.ker-moor.com\/wp-content\/uploads\/2024\/02\/pics-droite-18x9.png 18w\" sizes=\"(max-width: 76px) 100vw, 76px\" title=\"\">\t\t\t\t\t\t\t\t\t\t\t\t\t\t\t<\/div>\n\t\t\t\t<\/div>\n\t\t\t\t\t<\/div>\n\t\t\t\t<\/div>\n\t\t\t\t<\/div>\n\t\t<div class=\"elementor-element elementor-element-7ca07d99 e-flex e-con-boxed e-con e-parent\" data-id=\"7ca07d99\" data-element_type=\"container\" data-e-type=\"container\">\n\t\t\t\t\t<div class=\"e-con-inner\">\n\t\t<div class=\"elementor-element elementor-element-2e6b8a08 e-con-full e-flex e-con e-child\" data-id=\"2e6b8a08\" data-element_type=\"container\" data-e-type=\"container\">\n\t\t<div class=\"elementor-element elementor-element-59b3479d e-flex e-con-boxed e-con e-child\" data-id=\"59b3479d\" data-element_type=\"container\" data-e-type=\"container\" data-settings=\"{&quot;background_background&quot;:&quot;classic&quot;}\">\n\t\t\t\t\t<div class=\"e-con-inner\">\n\t\t\t\t<div class=\"elementor-element elementor-element-21da33ba elementor-widget elementor-widget-heading\" data-id=\"21da33ba\" data-element_type=\"widget\" data-e-type=\"widget\" data-widget_type=\"heading.default\">\n\t\t\t\t<div class=\"elementor-widget-container\">\n\t\t\t\t\t<h2 class=\"elementor-heading-title elementor-size-default\">Saint Quay Portieux and the Ker Moor hotel are waiting to amaze you<\/h2>\t\t\t\t<\/div>\n\t\t\t\t<\/div>\n\t\t\t\t\t<\/div>\n\t\t\t\t<\/div>\n\t\t\t\t<div class=\"elementor-element elementor-element-41932d4f elementor-widget__width-initial elementor-widget elementor-widget-text-editor\" data-id=\"41932d4f\" data-element_type=\"widget\" data-e-type=\"widget\" data-widget_type=\"text-editor.default\">\n\t\t\t\t<div class=\"elementor-widget-container\">\n\t\t\t\t\t\t\t\t\t<p data-pm-slice=\"1 1 []\">Saint Quay Portrieux and the Ker Moor hotel are two essential stops on a trip to Brittany's Go\u00eblo coast. This small port town is full of surprises: an auction where the best scallops in the region are sold, a seawater swimming pool and even a treasure island. The 4-star hotel is ideally located for enjoying these marvels. You won't regret your visit to this charming coastal town between Paimpol and Saint-Brieuc!<\/p>\t\t\t\t\t\t\t\t<\/div>\n\t\t\t\t<\/div>\n\t\t\t\t<\/div>\n\t\t\t\t\t<\/div>\n\t\t\t\t<\/div>\n\t\t<div class=\"elementor-element elementor-element-3b508916 e-con-full e-flex e-con e-parent\" data-id=\"3b508916\" data-element_type=\"container\" data-e-type=\"container\" data-settings=\"{&quot;background_background&quot;:&quot;classic&quot;}\">\n\t\t<div class=\"elementor-element elementor-element-1faf51e8 e-con-full events-bloc-toright e-flex e-con e-child\" data-id=\"1faf51e8\" data-element_type=\"container\" data-e-type=\"container\">\n\t\t<div class=\"elementor-element elementor-element-22cf95ea e-con-full e-flex e-con e-child\" data-id=\"22cf95ea\" data-element_type=\"container\" data-e-type=\"container\">\n\t\t<div class=\"elementor-element elementor-element-5fe2e1c e-con-full e-flex e-con e-child\" data-id=\"5fe2e1c\" data-element_type=\"container\" data-e-type=\"container\">\n\t\t\t\t<div class=\"elementor-element elementor-element-3bbaa6bc events-title-1 elementor-widget elementor-widget-heading\" data-id=\"3bbaa6bc\" data-element_type=\"widget\" data-e-type=\"widget\" data-widget_type=\"heading.default\">\n\t\t\t\t<div class=\"elementor-widget-container\">\n\t\t\t\t\t<h2 class=\"elementor-heading-title elementor-size-default\">Saint Quay Portrieux: port city and seaside resort<\/h2>\t\t\t\t<\/div>\n\t\t\t\t<\/div>\n\t\t\t\t<div class=\"elementor-element elementor-element-18aa36af elementor-widget__width-initial events-txt elementor-widget elementor-widget-text-editor\" data-id=\"18aa36af\" data-element_type=\"widget\" data-e-type=\"widget\" data-widget_type=\"text-editor.default\">\n\t\t\t\t<div class=\"elementor-widget-container\">\n\t\t\t\t\t\t\t\t\t<p data-pm-slice=\"1 1 []\">Saint Quay Portrieux is built on steep hillsides, just 20 minutes from the famous Breton town of Saint-Brieuc. This small community of 3,000 inhabitants could easily go unnoticed. But it would be a shame not to stop here. And with good reason: halfway between a quiet seaside resort and a dynamic port city, it offers an unspoilt natural setting for a stopover of just a few days. The marina is an attraction in itself, with more than 1,000 berths and an endless spectacle of boats coming and going at all hours. In the early hours of the morning, you can witness another scene: the fishermen disembarking. This is undoubtedly the best way to immerse yourself in the Breton 100% atmosphere: the harbour is transformed into a fresh fish and shellfish market. A few hours after this joyous auction, the silence returns and gives way to the various nautical activities. The H\u00f4tel de Ker Moor is about 15 minutes' walk from the Saint Quay Portrieux pier, from where sailing and motor boats organise guided excursions around the bay. As for the town's many beaches, they all offer a wide range of leisure activities for all the family. The Casino beach, a 10-minute walk from Ker Moor, is a unique attraction in France: <a href=\"https:\/\/www.ker-moor.com\/en\/experiences\/saint-quay-portrieux-natural-swimming-pool\/\">a seawater swimming pool with diving board<\/a>. A must-do!<\/p>\t\t\t\t\t\t\t\t<\/div>\n\t\t\t\t<\/div>\n\t\t\t\t<\/div>\n\t\t<div class=\"elementor-element elementor-element-595bb0df e-con-full e-flex e-con e-child\" data-id=\"595bb0df\" data-element_type=\"container\" data-e-type=\"container\">\n\t\t\t\t<div class=\"elementor-element elementor-element-5a0f468b elementor-widget-tablet__width-inherit elementor-widget elementor-widget-image\" data-id=\"5a0f468b\" data-element_type=\"widget\" data-e-type=\"widget\" data-widget_type=\"image.default\">\n\t\t\t\t<div class=\"elementor-widget-container\">\n\t\t\t\t\t\t\t\t\t\t\t\t\t\t\t<img fetchpriority=\"high\" decoding=\"async\" width=\"2560\" height=\"1707\" src=\"https:\/\/www.ker-moor.com\/wp-content\/uploads\/2024\/04\/reduit-13-scaled.jpg\" class=\"attachment-full size-full wp-image-2852\" alt=\"Hotel Ker Moor distant aerial view - saint quay portrieux hotel\" srcset=\"https:\/\/www.ker-moor.com\/wp-content\/uploads\/2024\/04\/reduit-13-scaled.jpg 2560w, https:\/\/www.ker-moor.com\/wp-content\/uploads\/2024\/04\/reduit-13-300x200.jpg 300w, https:\/\/www.ker-moor.com\/wp-content\/uploads\/2024\/04\/reduit-13-1024x683.jpg 1024w, https:\/\/www.ker-moor.com\/wp-content\/uploads\/2024\/04\/reduit-13-768x512.jpg 768w, https:\/\/www.ker-moor.com\/wp-content\/uploads\/2024\/04\/reduit-13-1536x1024.jpg 1536w, https:\/\/www.ker-moor.com\/wp-content\/uploads\/2024\/04\/reduit-13-2048x1365.jpg 2048w, https:\/\/www.ker-moor.com\/wp-content\/uploads\/2024\/04\/reduit-13-18x12.jpg 18w\" sizes=\"(max-width: 2560px) 100vw, 2560px\" title=\"\">\t\t\t\t\t\t\t\t\t\t\t\t\t\t\t<\/div>\n\t\t\t\t<\/div>\n\t\t\t\t<\/div>\n\t\t\t\t<\/div>\n\t\t\t\t<\/div>\n\t\t<div class=\"elementor-element elementor-element-37cd6c13 e-con-full events-bloc-toleft e-flex e-con e-child\" data-id=\"37cd6c13\" data-element_type=\"container\" data-e-type=\"container\">\n\t\t<div class=\"elementor-element elementor-element-c098364 e-con-full e-flex e-con e-child\" data-id=\"c098364\" data-element_type=\"container\" data-e-type=\"container\">\n\t\t<div class=\"elementor-element elementor-element-42d756ca e-con-full e-flex e-con e-child\" data-id=\"42d756ca\" data-element_type=\"container\" data-e-type=\"container\">\n\t\t\t\t<div class=\"elementor-element elementor-element-6491f9c elementor-widget-tablet__width-inherit elementor-widget elementor-widget-image\" data-id=\"6491f9c\" data-element_type=\"widget\" data-e-type=\"widget\" data-widget_type=\"image.default\">\n\t\t\t\t<div class=\"elementor-widget-container\">\n\t\t\t\t\t\t\t\t\t\t\t\t\t\t\t<img loading=\"lazy\" decoding=\"async\" width=\"1707\" height=\"2560\" src=\"https:\/\/www.ker-moor.com\/wp-content\/uploads\/2024\/04\/Chambre-Confort-Terrasse-Vue-Mer-a-lHotel-Ker-Moor-Preference-SAINT-QUAY-PORTRIEUX-COTES-DARMOR-BRETAGNE-11-scaled.jpg\" class=\"attachment-full size-full wp-image-2660\" alt=\"sea view terrace from the comfort room at the Ker Moor Saint Quay hotel\" srcset=\"https:\/\/www.ker-moor.com\/wp-content\/uploads\/2024\/04\/Chambre-Confort-Terrasse-Vue-Mer-a-lHotel-Ker-Moor-Preference-SAINT-QUAY-PORTRIEUX-COTES-DARMOR-BRETAGNE-11-scaled.jpg 1707w, https:\/\/www.ker-moor.com\/wp-content\/uploads\/2024\/04\/Chambre-Confort-Terrasse-Vue-Mer-a-lHotel-Ker-Moor-Preference-SAINT-QUAY-PORTRIEUX-COTES-DARMOR-BRETAGNE-11-200x300.jpg 200w, https:\/\/www.ker-moor.com\/wp-content\/uploads\/2024\/04\/Chambre-Confort-Terrasse-Vue-Mer-a-lHotel-Ker-Moor-Preference-SAINT-QUAY-PORTRIEUX-COTES-DARMOR-BRETAGNE-11-683x1024.jpg 683w, https:\/\/www.ker-moor.com\/wp-content\/uploads\/2024\/04\/Chambre-Confort-Terrasse-Vue-Mer-a-lHotel-Ker-Moor-Preference-SAINT-QUAY-PORTRIEUX-COTES-DARMOR-BRETAGNE-11-768x1152.jpg 768w, https:\/\/www.ker-moor.com\/wp-content\/uploads\/2024\/04\/Chambre-Confort-Terrasse-Vue-Mer-a-lHotel-Ker-Moor-Preference-SAINT-QUAY-PORTRIEUX-COTES-DARMOR-BRETAGNE-11-1024x1536.jpg 1024w, https:\/\/www.ker-moor.com\/wp-content\/uploads\/2024\/04\/Chambre-Confort-Terrasse-Vue-Mer-a-lHotel-Ker-Moor-Preference-SAINT-QUAY-PORTRIEUX-COTES-DARMOR-BRETAGNE-11-1365x2048.jpg 1365w, https:\/\/www.ker-moor.com\/wp-content\/uploads\/2024\/04\/Chambre-Confort-Terrasse-Vue-Mer-a-lHotel-Ker-Moor-Preference-SAINT-QUAY-PORTRIEUX-COTES-DARMOR-BRETAGNE-11-8x12.jpg 8w\" sizes=\"(max-width: 1707px) 100vw, 1707px\" title=\"\">\t\t\t\t\t\t\t\t\t\t\t\t\t\t\t<\/div>\n\t\t\t\t<\/div>\n\t\t\t\t<\/div>\n\t\t<div class=\"elementor-element elementor-element-34c31bd9 e-con-full e-flex e-con e-child\" data-id=\"34c31bd9\" data-element_type=\"container\" data-e-type=\"container\">\n\t\t\t\t<div class=\"elementor-element elementor-element-3d41fa96 events-title-1 elementor-widget elementor-widget-heading\" data-id=\"3d41fa96\" data-element_type=\"widget\" data-e-type=\"widget\" data-widget_type=\"heading.default\">\n\t\t\t\t<div class=\"elementor-widget-container\">\n\t\t\t\t\t<h2 class=\"elementor-heading-title elementor-size-default\">Saint Quay Portrieux and the Ker Moor hotel: an atypical setting facing the sea\u00a0<\/h2>\t\t\t\t<\/div>\n\t\t\t\t<\/div>\n\t\t\t\t<div class=\"elementor-element elementor-element-72f1e709 elementor-widget__width-initial events-txt  elementor-widget elementor-widget-text-editor\" data-id=\"72f1e709\" data-element_type=\"widget\" data-e-type=\"widget\" data-widget_type=\"text-editor.default\">\n\t\t\t\t<div class=\"elementor-widget-container\">\n\t\t\t\t\t\t\t\t\t<p data-pm-slice=\"1 1 []\">When you arrive at the Ker Moor hotel, it's impossible not to notice a strange building that looks like it's at the end of the world. It's the Ch\u00e2teau de Calan, and it's sure to raise a lot of questions among the curious onlookers who pass by! It was built in 1880 by a French diplomat returning from a trip to the Middle East. 100 years later, after having escaped demolition, the H\u00f4tel de Ker Moor, or \"the house by the sea\", was erected at the foot of the building. In this Saint Quay Portrieux setting, the hotel boasts <a href=\"https:\/\/www.ker-moor.com\/en\/rooms-saint-quay-portrieux-sea-view\/\">30 rooms<\/a> 27 of which have sea views, some of which also have balconies for maximum enjoyment. Although the view is enough in itself, there are many services and areas to enhance the stay of the hotel's guests. The swimming pool, set in the elegant garden, is heated throughout the summer season (mid-May to mid-September). The sound of the waves breaking on the rocky foreshore below accompanies your moment of relaxation. To make the most of this panoramic view, the <a href=\"https:\/\/www.ker-moor.com\/en\/rooftop-hotel-bretagne-sea-view\/\">rooftop<\/a> will leave you wondering: like a watchtower, it's a great place to watch the uninterrupted flow of sea traffic and the sunset.<\/p>\t\t\t\t\t\t\t\t<\/div>\n\t\t\t\t<\/div>\n\t\t\t\t<\/div>\n\t\t\t\t<\/div>\n\t\t\t\t<\/div>\n\t\t\t\t<\/div>\n\t\t<div class=\"elementor-element elementor-element-df9d40e e-con-full e-flex e-con e-parent\" data-id=\"df9d40e\" data-element_type=\"container\" data-e-type=\"container\" data-settings=\"{&quot;background_background&quot;:&quot;classic&quot;}\">\n\t\t<div class=\"elementor-element elementor-element-ca8ec73 e-con-full events-bloc-toright e-flex e-con e-child\" data-id=\"ca8ec73\" data-element_type=\"container\" data-e-type=\"container\">\n\t\t<div class=\"elementor-element elementor-element-b9b0f15 e-con-full e-flex e-con e-child\" data-id=\"b9b0f15\" data-element_type=\"container\" data-e-type=\"container\">\n\t\t<div class=\"elementor-element elementor-element-9e0da7d e-con-full e-flex e-con e-child\" data-id=\"9e0da7d\" data-element_type=\"container\" data-e-type=\"container\">\n\t\t\t\t<div class=\"elementor-element elementor-element-bbdcfb3 events-title-1 elementor-widget elementor-widget-heading\" data-id=\"bbdcfb3\" data-element_type=\"widget\" data-e-type=\"widget\" data-widget_type=\"heading.default\">\n\t\t\t\t<div class=\"elementor-widget-container\">\n\t\t\t\t\t<h2 class=\"elementor-heading-title elementor-size-default\">An exceptional natural heritage just a stone's throw from the Ker Moor hotel<\/h2>\t\t\t\t<\/div>\n\t\t\t\t<\/div>\n\t\t\t\t<div class=\"elementor-element elementor-element-3af30e3 elementor-widget__width-initial events-txt elementor-widget elementor-widget-text-editor\" data-id=\"3af30e3\" data-element_type=\"widget\" data-e-type=\"widget\" data-widget_type=\"text-editor.default\">\n\t\t\t\t<div class=\"elementor-widget-container\">\n\t\t\t\t\t\t\t\t\t<p data-pm-slice=\"1 1 []\">Ker Moor, this \"house by the sea\" is ideally located for an authentic stay in Brittany. The town is not large, but offers a number of itineraries for discovering the wonders of the Go\u00eblo coastline. Saint Quay Portrieux and the hotel are crossed by the <a href=\"https:\/\/www.ker-moor.com\/en\/experiences\/gr-34-sentier-des-douaniers-bretagne\/\">GR 34<\/a> which is a signposted, safe walking route. Among other things, it provides access to the Pointe du S\u00e9maphore, which offers a 360\u00b0 view of the whole coastline. <a href=\"https:\/\/www.ker-moor.com\/en\/experiences\/bay-of-saint-brieuc\/\">the Bay of Saint-Brieuc<\/a>. An orientation table will help you find your way among all the islands that make up the landscape. From the hotel's rooms, you'll be able to see the little piece of land directly opposite. This is \"\u00a0<a href=\"https:\/\/www.ker-moor.com\/en\/experiences\/ile-de-la-comtesse\/\">l'\u00eele de la Comtesse<\/a> \"At low tide, you can reach it on foot - it's a romantic exploration you should do without hesitation! At its centre are the ruins of centuries-old botanical gardens. Back on the mainland, the reception offers electric bike hire, giving you the chance to explore the roads of the region and discover the wild beauty of Brittany.<\/p>\t\t\t\t\t\t\t\t<\/div>\n\t\t\t\t<\/div>\n\t\t\t\t<\/div>\n\t\t<div class=\"elementor-element elementor-element-7d3ccdf e-con-full e-flex e-con e-child\" data-id=\"7d3ccdf\" data-element_type=\"container\" data-e-type=\"container\">\n\t\t\t\t<div class=\"elementor-element elementor-element-62334e4 elementor-widget-tablet__width-inherit elementor-widget elementor-widget-image\" data-id=\"62334e4\" data-element_type=\"widget\" data-e-type=\"widget\" data-widget_type=\"image.default\">\n\t\t\t\t<div class=\"elementor-widget-container\">\n\t\t\t\t\t\t\t\t\t\t\t\t\t\t\t<img loading=\"lazy\" decoding=\"async\" width=\"2121\" height=\"1413\" src=\"https:\/\/www.ker-moor.com\/wp-content\/uploads\/2024\/07\/Saint-Quay-Portrieux.jpg\" class=\"attachment-full size-full wp-image-3090\" alt=\"View of Saint Quay Portrieux Hotel\" srcset=\"https:\/\/www.ker-moor.com\/wp-content\/uploads\/2024\/07\/Saint-Quay-Portrieux.jpg 2121w, https:\/\/www.ker-moor.com\/wp-content\/uploads\/2024\/07\/Saint-Quay-Portrieux-300x200.jpg 300w, https:\/\/www.ker-moor.com\/wp-content\/uploads\/2024\/07\/Saint-Quay-Portrieux-1024x682.jpg 1024w, https:\/\/www.ker-moor.com\/wp-content\/uploads\/2024\/07\/Saint-Quay-Portrieux-768x512.jpg 768w, https:\/\/www.ker-moor.com\/wp-content\/uploads\/2024\/07\/Saint-Quay-Portrieux-1536x1023.jpg 1536w, https:\/\/www.ker-moor.com\/wp-content\/uploads\/2024\/07\/Saint-Quay-Portrieux-2048x1364.jpg 2048w, https:\/\/www.ker-moor.com\/wp-content\/uploads\/2024\/07\/Saint-Quay-Portrieux-18x12.jpg 18w\" sizes=\"(max-width: 2121px) 100vw, 2121px\" title=\"\">\t\t\t\t\t\t\t\t\t\t\t\t\t\t\t<\/div>\n\t\t\t\t<\/div>\n\t\t\t\t<\/div>\n\t\t\t\t<\/div>\n\t\t\t\t<\/div>\n\t\t\t\t<\/div>\n\t\t\t\t<\/div>","protected":false},"excerpt":{"rendered":"<p>Saint-Quay-Portrieux H\u00f4tel Saint Quay Portieux et l&rsquo;h\u00f4tel Ker Moor vous attendent pour vous \u00e9merveiller Saint Quay Portrieux et l&rsquo;h\u00f4tel Ker Moor sont deux escales indispensables lors d&rsquo;un s\u00e9jour sur la c\u00f4te du Go\u00eblo, en Bretagne. Cette petite cit\u00e9 portuaire rec\u00e8le de surprises\u00a0: une cri\u00e9e o\u00f9 l&rsquo;on vend les meilleures coquilles Saint-Jacques de la r\u00e9gion, une [&hellip;]<\/p>\n","protected":false},"author":11,"featured_media":0,"parent":0,"menu_order":0,"comment_status":"closed","ping_status":"closed","template":"","meta":{"inline_featured_image":false,"footnotes":""},"class_list":["post-3084","page","type-page","status-publish","hentry"],"_links":{"self":[{"href":"https:\/\/www.ker-moor.com\/en\/wp-json\/wp\/v2\/pages\/3084","targetHints":{"allow":["GET"]}}],"collection":[{"href":"https:\/\/www.ker-moor.com\/en\/wp-json\/wp\/v2\/pages"}],"about":[{"href":"https:\/\/www.ker-moor.com\/en\/wp-json\/wp\/v2\/types\/page"}],"author":[{"embeddable":true,"href":"https:\/\/www.ker-moor.com\/en\/wp-json\/wp\/v2\/users\/11"}],"replies":[{"embeddable":true,"href":"https:\/\/www.ker-moor.com\/en\/wp-json\/wp\/v2\/comments?post=3084"}],"version-history":[{"count":27,"href":"https:\/\/www.ker-moor.com\/en\/wp-json\/wp\/v2\/pages\/3084\/revisions"}],"predecessor-version":[{"id":3257,"href":"https:\/\/www.ker-moor.com\/en\/wp-json\/wp\/v2\/pages\/3084\/revisions\/3257"}],"wp:attachment":[{"href":"https:\/\/www.ker-moor.com\/en\/wp-json\/wp\/v2\/media?parent=3084"}],"curies":[{"name":"wp","href":"https:\/\/api.w.org\/{rel}","templated":true}]}}