{"id":199,"date":"2024-02-13T16:43:12","date_gmt":"2024-02-13T15:43:12","guid":{"rendered":"https:\/\/www.ker-moor.com\/?page_id=199"},"modified":"2025-11-07T14:37:58","modified_gmt":"2025-11-07T13:37:58","slug":"experiences-hotel-by-the-sea-north-brittany","status":"publish","type":"page","link":"https:\/\/www.ker-moor.com\/en\/experiences-hotel-bord-de-mer-bretagne-nord\/","title":{"rendered":"Experiences"},"content":{"rendered":"<div data-elementor-type=\"wp-page\" data-elementor-id=\"199\" class=\"elementor elementor-199\" data-elementor-post-type=\"page\">\n\t\t\t\t<div class=\"elementor-element elementor-element-fb8600e e-con-full e-flex e-con e-parent\" data-id=\"fb8600e\" data-element_type=\"container\" data-e-type=\"container\" data-settings=\"{&quot;background_background&quot;:&quot;classic&quot;}\">\n\t\t<div class=\"elementor-element elementor-element-43b4043 e-flex e-con-boxed e-con e-child\" data-id=\"43b4043\" data-element_type=\"container\" data-e-type=\"container\">\n\t\t\t\t\t<div class=\"e-con-inner\">\n\t\t\t\t<div class=\"elementor-element elementor-element-8c850c6 elementor-widget-mobile__width-initial elementor-widget elementor-widget-image\" data-id=\"8c850c6\" data-element_type=\"widget\" data-e-type=\"widget\" data-widget_type=\"image.default\">\n\t\t\t\t<div class=\"elementor-widget-container\">\n\t\t\t\t\t\t\t\t\t\t\t\t\t\t\t<img decoding=\"async\" width=\"76\" height=\"39\" src=\"https:\/\/www.ker-moor.com\/wp-content\/uploads\/2024\/02\/pics-gauche.png\" class=\"attachment-full size-full wp-image-171\" alt=\"\" srcset=\"https:\/\/www.ker-moor.com\/wp-content\/uploads\/2024\/02\/pics-gauche.png 76w, https:\/\/www.ker-moor.com\/wp-content\/uploads\/2024\/02\/pics-gauche-18x9.png 18w\" sizes=\"(max-width: 76px) 100vw, 76px\" title=\"\">\t\t\t\t\t\t\t\t\t\t\t\t\t\t\t<\/div>\n\t\t\t\t<\/div>\n\t\t\t\t<div class=\"elementor-element elementor-element-1a69eba elementor-widget elementor-widget-heading\" data-id=\"1a69eba\" data-element_type=\"widget\" data-e-type=\"widget\" data-widget_type=\"heading.default\">\n\t\t\t\t<div class=\"elementor-widget-container\">\n\t\t\t\t\t<span class=\"elementor-heading-title elementor-size-default\">Experiences<\/span>\t\t\t\t<\/div>\n\t\t\t\t<\/div>\n\t\t\t\t<div class=\"elementor-element elementor-element-6c232df elementor-widget-mobile__width-initial elementor-widget elementor-widget-image\" data-id=\"6c232df\" data-element_type=\"widget\" data-e-type=\"widget\" data-widget_type=\"image.default\">\n\t\t\t\t<div class=\"elementor-widget-container\">\n\t\t\t\t\t\t\t\t\t\t\t\t\t\t\t<img decoding=\"async\" width=\"76\" height=\"39\" src=\"https:\/\/www.ker-moor.com\/wp-content\/uploads\/2024\/02\/pics-droite.png\" class=\"attachment-full size-full wp-image-170\" alt=\"\" srcset=\"https:\/\/www.ker-moor.com\/wp-content\/uploads\/2024\/02\/pics-droite.png 76w, https:\/\/www.ker-moor.com\/wp-content\/uploads\/2024\/02\/pics-droite-18x9.png 18w\" sizes=\"(max-width: 76px) 100vw, 76px\" title=\"\">\t\t\t\t\t\t\t\t\t\t\t\t\t\t\t<\/div>\n\t\t\t\t<\/div>\n\t\t\t\t\t<\/div>\n\t\t\t\t<\/div>\n\t\t<div class=\"elementor-element elementor-element-516b9c8 e-flex e-con-boxed e-con e-child\" data-id=\"516b9c8\" data-element_type=\"container\" data-e-type=\"container\">\n\t\t\t\t\t<div class=\"e-con-inner\">\n\t\t\t\t<div class=\"elementor-element elementor-element-0bc6e2a elementor-widget elementor-widget-heading\" data-id=\"0bc6e2a\" data-element_type=\"widget\" data-e-type=\"widget\" data-widget_type=\"heading.default\">\n\t\t\t\t<div class=\"elementor-widget-container\">\n\t\t\t\t\t<h1 class=\"elementor-heading-title elementor-size-default\">Hotel by the sea, North Brittany<\/h1>\t\t\t\t<\/div>\n\t\t\t\t<\/div>\n\t\t\t\t\t<\/div>\n\t\t\t\t<\/div>\n\t\t\t\t<\/div>\n\t\t<div class=\"elementor-element elementor-element-08eb04a e-flex e-con-boxed e-con e-parent\" data-id=\"08eb04a\" data-element_type=\"container\" data-e-type=\"container\">\n\t\t\t\t\t<div class=\"e-con-inner\">\n\t\t\t\t<div class=\"elementor-element elementor-element-ea33a7e elementor-widget elementor-widget-image\" data-id=\"ea33a7e\" data-element_type=\"widget\" data-e-type=\"widget\" data-widget_type=\"image.default\">\n\t\t\t\t<div class=\"elementor-widget-container\">\n\t\t\t\t\t\t\t\t\t\t\t\t\t\t\t<img fetchpriority=\"high\" decoding=\"async\" width=\"445\" height=\"485\" src=\"https:\/\/www.ker-moor.com\/wp-content\/uploads\/2024\/03\/Phare-avec-fond.png\" class=\"attachment-full size-full wp-image-2004\" alt=\"\" srcset=\"https:\/\/www.ker-moor.com\/wp-content\/uploads\/2024\/03\/Phare-avec-fond.png 445w, https:\/\/www.ker-moor.com\/wp-content\/uploads\/2024\/03\/Phare-avec-fond-275x300.png 275w, https:\/\/www.ker-moor.com\/wp-content\/uploads\/2024\/03\/Phare-avec-fond-11x12.png 11w\" sizes=\"(max-width: 445px) 100vw, 445px\" title=\"\">\t\t\t\t\t\t\t\t\t\t\t\t\t\t\t<\/div>\n\t\t\t\t<\/div>\n\t\t\t\t\t<\/div>\n\t\t\t\t<\/div>\n\t\t<div class=\"elementor-element elementor-element-ba280ad e-flex e-con-boxed e-con e-parent\" data-id=\"ba280ad\" data-element_type=\"container\" data-e-type=\"container\">\n\t\t\t\t\t<div class=\"e-con-inner\">\n\t\t<div class=\"elementor-element elementor-element-c6130fe e-con-full e-flex e-con e-child\" data-id=\"c6130fe\" data-element_type=\"container\" data-e-type=\"container\">\n\t\t<div class=\"elementor-element elementor-element-db77b3d e-flex e-con-boxed e-con e-child\" data-id=\"db77b3d\" data-element_type=\"container\" data-e-type=\"container\" data-settings=\"{&quot;background_background&quot;:&quot;classic&quot;}\">\n\t\t\t\t\t<div class=\"e-con-inner\">\n\t\t\t\t<div class=\"elementor-element elementor-element-02e1963 elementor-widget elementor-widget-heading\" data-id=\"02e1963\" data-element_type=\"widget\" data-e-type=\"widget\" data-widget_type=\"heading.default\">\n\t\t\t\t<div class=\"elementor-widget-container\">\n\t\t\t\t\t<h2 class=\"elementor-heading-title elementor-size-default\">The Ker Moor destination<\/h2>\t\t\t\t<\/div>\n\t\t\t\t<\/div>\n\t\t\t\t<div class=\"elementor-element elementor-element-9663149 border-title-bottom-only elementor-widget elementor-widget-heading\" data-id=\"9663149\" data-element_type=\"widget\" data-e-type=\"widget\" data-widget_type=\"heading.default\">\n\t\t\t\t<div class=\"elementor-widget-container\">\n\t\t\t\t\t<span class=\"elementor-heading-title elementor-size-default\">From our hotel<\/span>\t\t\t\t<\/div>\n\t\t\t\t<\/div>\n\t\t\t\t\t<\/div>\n\t\t\t\t<\/div>\n\t\t\t\t<div class=\"elementor-element elementor-element-a1a5a26 elementor-widget__width-initial elementor-widget elementor-widget-text-editor\" data-id=\"a1a5a26\" data-element_type=\"widget\" data-e-type=\"widget\" data-widget_type=\"text-editor.default\">\n\t\t\t\t<div class=\"elementor-widget-container\">\n\t\t\t\t\t\t\t\t\t<p>Dreaming, strolling, breathing, savouring, embarking, adventuring... Our hotel in Saint Quay Portrieux, set against the rocky hills of <a href=\"https:\/\/www.ker-moor.com\/en\/experiences\/bay-of-saint-brieuc\/\">the Bay of Saint Brieuc<\/a>invites you to take a trip to Northern Brittany. By the sea or by the land, in summer or winter, a thousand and one activities and discoveries are on the horizon! Between landscapes at the ends of the earth and beautiful beaches, it's so easy to organise your leisure time together as a couple, with family or friends.<br \/>In Saint Quay Portieux, you'll discover all the pleasures of a family-friendly seaside resort with <a href=\"https:\/\/www.ker-moor.com\/en\/experiences\/ile-de-la-comtesse\/\">its beaches<\/a>, <a href=\"https:\/\/www.ker-moor.com\/en\/experiences\/saint-quay-portrieux-natural-swimming-pool\/\">its activities and events<\/a> throughout the year, <a href=\"https:\/\/www.ker-moor.com\/en\/experiences\/gr-34-sentier-des-douaniers-bretagne\/\">its coastal paths<\/a>A wide choice of water sports. The H\u00f4tel Ker Moor has direct access to the sea and a small cove, protected from the wind, that will delight all swimmers.<br \/>Nearby, the must-sees of Northern Brittany. Between the Pink Granite Coast and the majestic Caps Fr\u00e9hel and Erquy... discover destinations bursting with colour, flavour, thrills and emotions! With the Bay of Saint-Brieuc at its centre, they enjoy changing lights, revealing magnificent landscapes and unspoilt nature.<\/p>\t\t\t\t\t\t\t\t<\/div>\n\t\t\t\t<\/div>\n\t\t<div class=\"elementor-element elementor-element-d4e4a1c e-flex e-con-boxed e-con e-child\" data-id=\"d4e4a1c\" data-element_type=\"container\" data-e-type=\"container\">\n\t\t\t\t\t<div class=\"e-con-inner\">\n\t\t\t\t<div class=\"elementor-element elementor-element-eb5b453 btn-wave-bleu elementor-widget elementor-widget-button\" data-id=\"eb5b453\" data-element_type=\"widget\" data-e-type=\"widget\" data-widget_type=\"button.default\">\n\t\t\t\t<div class=\"elementor-widget-container\">\n\t\t\t\t\t\t\t\t\t<div class=\"elementor-button-wrapper\">\n\t\t\t\t\t<a class=\"elementor-button elementor-button-link elementor-size-sm\" href=\"https:\/\/www.ker-moor.com\/en\/ker-moor-hotel-saint-quay-portrieux\/\">\n\t\t\t\t\t\t<span class=\"elementor-button-content-wrapper\">\n\t\t\t\t\t\t\t\t\t<span class=\"elementor-button-text\">hotel &amp; services<\/span>\n\t\t\t\t\t<\/span>\n\t\t\t\t\t<\/a>\n\t\t\t\t<\/div>\n\t\t\t\t\t\t\t\t<\/div>\n\t\t\t\t<\/div>\n\t\t\t\t\t<\/div>\n\t\t\t\t<\/div>\n\t\t\t\t<\/div>\n\t\t\t\t\t<\/div>\n\t\t\t\t<\/div>\n\t\t<div class=\"elementor-element elementor-element-5cb427a e-con-full e-flex e-con e-parent\" data-id=\"5cb427a\" data-element_type=\"container\" data-e-type=\"container\">\n\t\t\t\t<div class=\"elementor-element elementor-element-8ccd08c elementor-widget__width-inherit slider-destinations elementor--h-position-center elementor--v-position-middle elementor-arrows-position-inside elementor-pagination-position-inside elementor-widget elementor-widget-slides\" data-id=\"8ccd08c\" data-element_type=\"widget\" data-e-type=\"widget\" data-settings=\"{&quot;navigation&quot;:&quot;both&quot;,&quot;autoplay&quot;:&quot;yes&quot;,&quot;pause_on_hover&quot;:&quot;yes&quot;,&quot;autoplay_speed&quot;:5000,&quot;infinite&quot;:&quot;yes&quot;,&quot;transition&quot;:&quot;slide&quot;,&quot;transition_speed&quot;:500}\" data-widget_type=\"slides.default\">\n\t\t\t\t<div class=\"elementor-widget-container\">\n\t\t\t\t\t\t\t\t\t<div class=\"elementor-swiper\">\n\t\t\t\t\t<div class=\"elementor-slides-wrapper elementor-main-swiper swiper\" role=\"region\" aria-roledescription=\"carousel\" aria-label=\"Slides\" dir=\"ltr\" data-animation=\"fadeInUp\">\n\t\t\t\t<div class=\"swiper-wrapper elementor-slides\">\n\t\t\t\t\t\t\t\t\t\t<div class=\"elementor-repeater-item-b58f2d1 swiper-slide\" role=\"group\" aria-roledescription=\"slide\"><div class=\"swiper-slide-bg elementor-ken-burns elementor-ken-burns--in\" role=\"img\" aria-label=\"Ile de Comtesse - saint quay portrieux sea view hotel\"><\/div><div class=\"elementor-background-overlay\"><\/div><div class=\"swiper-slide-inner\" ><div class=\"swiper-slide-contents\"><div class=\"elementor-slide-heading\">\u00cele de la Comtesse<\/div><a href=\"https:\/\/www.ker-moor.com\/en\/experiences-hotel-bord-de-mer-bretagne-nord\/ile-de-la-comtesse\/\" class=\"elementor-button elementor-slide-button elementor-size-sm\">Discover<\/a><\/div><\/div><\/div><div class=\"elementor-repeater-item-fe3f332 swiper-slide\" role=\"group\" aria-roledescription=\"slide\"><div class=\"swiper-slide-bg elementor-ken-burns elementor-ken-burns--in\" role=\"img\" aria-label=\"Plouha cliffs in Brittany - saint quay portrieux sea view hotel\"><\/div><div class=\"elementor-background-overlay\"><\/div><div class=\"swiper-slide-inner\" ><div class=\"swiper-slide-contents\"><div class=\"elementor-slide-heading\">Cliffs of Plouha<\/div><a href=\"https:\/\/www.ker-moor.com\/en\/experiences-hotel-bord-de-mer-bretagne-nord\/falaises-de-plouha-et-port-de-gwin-zegal\/\" class=\"elementor-button elementor-slide-button elementor-size-sm\">Discover<\/a><\/div><\/div><\/div><div class=\"elementor-repeater-item-4d5583c swiper-slide\" role=\"group\" aria-roledescription=\"slide\"><div class=\"swiper-slide-bg elementor-ken-burns elementor-ken-burns--in\" role=\"img\" aria-label=\"Beach houses in Etables-sur-Mer - saint quay portrieux hotel sea view\"><\/div><div class=\"elementor-background-overlay\"><\/div><div class=\"swiper-slide-inner\" ><div class=\"swiper-slide-contents\"><div class=\"elementor-slide-heading\">Binic-\u00c9tables-sur-Mer<\/div><a href=\"https:\/\/www.ker-moor.com\/en\/experiences-hotel-bord-de-mer-bretagne-nord\/binic-etables-sur-mer\/\" class=\"elementor-button elementor-slide-button elementor-size-sm\">Discover<\/a><\/div><\/div><\/div><div class=\"elementor-repeater-item-076ae8b swiper-slide\" role=\"group\" aria-roledescription=\"slide\"><div class=\"swiper-slide-bg elementor-ken-burns elementor-ken-burns--in\" role=\"img\" aria-label=\"Natural swimming pool - saint quay portrieux hotel sea view\"><\/div><div class=\"elementor-background-overlay\"><\/div><div class=\"swiper-slide-inner\" ><div class=\"swiper-slide-contents\"><div class=\"elementor-slide-heading\">Saint-quay-portrieux natural swimming pool<\/div><a href=\"https:\/\/www.ker-moor.com\/en\/experiences-hotel-bord-de-mer-bretagne-nord\/piscine-naturelle-de-saint-quay-portrieux\/\" class=\"elementor-button elementor-slide-button elementor-size-sm\">Discover<\/a><\/div><\/div><\/div><div class=\"elementor-repeater-item-f180e9d swiper-slide\" role=\"group\" aria-roledescription=\"slide\"><div class=\"swiper-slide-bg elementor-ken-burns elementor-ken-burns--in\" role=\"img\" aria-label=\"GR34 hiking trail - saint quay portrieux hotel sea view\"><\/div><div class=\"elementor-background-overlay\"><\/div><div class=\"swiper-slide-inner\" ><div class=\"swiper-slide-contents\"><div class=\"elementor-slide-heading\">GR 34: Customs officers' trail<\/div><a href=\"https:\/\/www.ker-moor.com\/en\/experiences-hotel-bord-de-mer-bretagne-nord\/gr-34-sentier-des-douaniers-bretagne\/\" class=\"elementor-button elementor-slide-button elementor-size-sm\">Discover<\/a><\/div><\/div><\/div><div class=\"elementor-repeater-item-03f9d33 swiper-slide\" role=\"group\" aria-roledescription=\"slide\"><div class=\"swiper-slide-bg elementor-ken-burns elementor-ken-burns--in\" role=\"img\" aria-label=\"Port of Paimpol in Brittany - saint quay portrieux hotel\"><\/div><div class=\"elementor-background-overlay\"><\/div><div class=\"swiper-slide-inner\" ><div class=\"swiper-slide-contents\"><div class=\"elementor-slide-heading\">Paimpol &amp; Brehat Island<\/div><a href=\"https:\/\/www.ker-moor.com\/en\/experiences-hotel-bord-de-mer-bretagne-nord\/paimpol-et-ile-de-brehat-hotel\/\" class=\"elementor-button elementor-slide-button elementor-size-sm\">Discover<\/a><\/div><\/div><\/div><div class=\"elementor-repeater-item-f0d34bd swiper-slide\" role=\"group\" aria-roledescription=\"slide\"><div class=\"swiper-slide-bg elementor-ken-burns elementor-ken-burns--in\" role=\"img\" aria-label=\"Baie de Saint Brieux - saint quay portrieux sea view hotel\"><\/div><div class=\"elementor-background-overlay\"><\/div><div class=\"swiper-slide-inner\" ><div class=\"swiper-slide-contents\"><div class=\"elementor-slide-heading\">The Bay of Saint-Brieuc<\/div><a href=\"https:\/\/www.ker-moor.com\/en\/experiences-hotel-bord-de-mer-bretagne-nord\/baie-de-saint-brieuc\/\" class=\"elementor-button elementor-slide-button elementor-size-sm\">Discover<\/a><\/div><\/div><\/div>\t\t\t\t<\/div>\n\t\t\t\t\t\t\t\t\t\t\t\t\t\t\t<div class=\"elementor-swiper-button elementor-swiper-button-prev\" role=\"button\" tabindex=\"0\" aria-label=\"Previous slide\">\n\t\t\t\t\t\t\t<i aria-hidden=\"true\" class=\"eicon-chevron-left\"><\/i>\t\t\t\t\t\t<\/div>\n\t\t\t\t\t\t<div class=\"elementor-swiper-button elementor-swiper-button-next\" role=\"button\" tabindex=\"0\" aria-label=\"Next slide\">\n\t\t\t\t\t\t\t<i aria-hidden=\"true\" class=\"eicon-chevron-right\"><\/i>\t\t\t\t\t\t<\/div>\n\t\t\t\t\t\t\t\t\t\t\t\t\t\t\t\t<div class=\"swiper-pagination\"><\/div>\n\t\t\t\t\t\t\t\t\t\t\t\t<\/div>\n\t\t\t\t<\/div>\n\t\t\t\t\t\t\t\t<\/div>\n\t\t\t\t<\/div>\n\t\t\t\t<\/div>\n\t\t\t\t<\/div>","protected":false},"excerpt":{"rendered":"<p>Exp\u00e9riences H\u00f4tel en bord de mer, Bretagne du nord La destination Ker Moor Depuis notre h\u00f4tel R\u00eaver, fl\u00e2ner, respirer, savourer, embarquer, s\u2019aventurer\u2026 Notre h\u00f4tel situ\u00e9 \u00e0 Saint Quay Portrieux, adoss\u00e9 aux flans rocheux de la Baie de Saint Brieuc, invite \u00e0 tous les voyages dans l\u2019\u00e9crin de la Bretagne Nord. C\u00f4t\u00e9 mer ou c\u00f4t\u00e9 terre, [&hellip;]<\/p>\n","protected":false},"author":13,"featured_media":0,"parent":0,"menu_order":0,"comment_status":"closed","ping_status":"closed","template":"","meta":{"inline_featured_image":false,"footnotes":""},"class_list":["post-199","page","type-page","status-publish","hentry"],"_links":{"self":[{"href":"https:\/\/www.ker-moor.com\/en\/wp-json\/wp\/v2\/pages\/199","targetHints":{"allow":["GET"]}}],"collection":[{"href":"https:\/\/www.ker-moor.com\/en\/wp-json\/wp\/v2\/pages"}],"about":[{"href":"https:\/\/www.ker-moor.com\/en\/wp-json\/wp\/v2\/types\/page"}],"author":[{"embeddable":true,"href":"https:\/\/www.ker-moor.com\/en\/wp-json\/wp\/v2\/users\/13"}],"replies":[{"embeddable":true,"href":"https:\/\/www.ker-moor.com\/en\/wp-json\/wp\/v2\/comments?post=199"}],"version-history":[{"count":115,"href":"https:\/\/www.ker-moor.com\/en\/wp-json\/wp\/v2\/pages\/199\/revisions"}],"predecessor-version":[{"id":3741,"href":"https:\/\/www.ker-moor.com\/en\/wp-json\/wp\/v2\/pages\/199\/revisions\/3741"}],"wp:attachment":[{"href":"https:\/\/www.ker-moor.com\/en\/wp-json\/wp\/v2\/media?parent=199"}],"curies":[{"name":"wp","href":"https:\/\/api.w.org\/{rel}","templated":true}]}}