{"id":183,"date":"2024-02-13T16:17:46","date_gmt":"2024-02-13T15:17:46","guid":{"rendered":"https:\/\/www.ker-moor.com\/?page_id=183"},"modified":"2024-05-06T15:37:05","modified_gmt":"2024-05-06T13:37:05","slug":"cancellation-conditions","status":"publish","type":"page","link":"https:\/\/www.ker-moor.com\/en\/conditions-dannulation\/","title":{"rendered":"Cancellation policy"},"content":{"rendered":"<div data-elementor-type=\"wp-page\" data-elementor-id=\"183\" class=\"elementor elementor-183\" data-elementor-post-type=\"page\">\n\t\t\t\t<div class=\"elementor-element elementor-element-6977b11 e-con-full e-flex e-con e-parent\" data-id=\"6977b11\" data-element_type=\"container\" data-e-type=\"container\" data-settings=\"{&quot;background_background&quot;:&quot;classic&quot;}\">\n\t\t<div class=\"elementor-element elementor-element-1fa2eb9 e-flex e-con-boxed e-con e-child\" data-id=\"1fa2eb9\" data-element_type=\"container\" data-e-type=\"container\">\n\t\t\t\t\t<div class=\"e-con-inner\">\n\t\t\t\t<div class=\"elementor-element elementor-element-8cf655f elementor-widget-mobile__width-initial elementor-widget elementor-widget-image\" data-id=\"8cf655f\" data-element_type=\"widget\" data-e-type=\"widget\" data-widget_type=\"image.default\">\n\t\t\t\t<div class=\"elementor-widget-container\">\n\t\t\t\t\t\t\t\t\t\t\t\t\t\t\t<img decoding=\"async\" width=\"76\" height=\"39\" src=\"https:\/\/www.ker-moor.com\/wp-content\/uploads\/2024\/02\/pics-gauche.png\" class=\"attachment-full size-full wp-image-171\" alt=\"\" srcset=\"https:\/\/www.ker-moor.com\/wp-content\/uploads\/2024\/02\/pics-gauche.png 76w, https:\/\/www.ker-moor.com\/wp-content\/uploads\/2024\/02\/pics-gauche-18x9.png 18w\" sizes=\"(max-width: 76px) 100vw, 76px\" title=\"\">\t\t\t\t\t\t\t\t\t\t\t\t\t\t\t<\/div>\n\t\t\t\t<\/div>\n\t\t\t\t<div class=\"elementor-element elementor-element-bf970e5 elementor-widget elementor-widget-heading\" data-id=\"bf970e5\" data-element_type=\"widget\" data-e-type=\"widget\" data-widget_type=\"heading.default\">\n\t\t\t\t<div class=\"elementor-widget-container\">\n\t\t\t\t\t<h1 class=\"elementor-heading-title elementor-size-default\">conditions <br>cancellation<\/h1>\t\t\t\t<\/div>\n\t\t\t\t<\/div>\n\t\t\t\t<div class=\"elementor-element elementor-element-482362f elementor-widget-mobile__width-initial elementor-widget elementor-widget-image\" data-id=\"482362f\" data-element_type=\"widget\" data-e-type=\"widget\" data-widget_type=\"image.default\">\n\t\t\t\t<div class=\"elementor-widget-container\">\n\t\t\t\t\t\t\t\t\t\t\t\t\t\t\t<img decoding=\"async\" width=\"76\" height=\"39\" src=\"https:\/\/www.ker-moor.com\/wp-content\/uploads\/2024\/02\/pics-droite.png\" class=\"attachment-full size-full wp-image-170\" alt=\"\" srcset=\"https:\/\/www.ker-moor.com\/wp-content\/uploads\/2024\/02\/pics-droite.png 76w, https:\/\/www.ker-moor.com\/wp-content\/uploads\/2024\/02\/pics-droite-18x9.png 18w\" sizes=\"(max-width: 76px) 100vw, 76px\" title=\"\">\t\t\t\t\t\t\t\t\t\t\t\t\t\t\t<\/div>\n\t\t\t\t<\/div>\n\t\t\t\t\t<\/div>\n\t\t\t\t<\/div>\n\t\t\t\t<\/div>\n\t\t<div class=\"elementor-element elementor-element-34b7fb8 e-flex e-con-boxed e-con e-parent\" data-id=\"34b7fb8\" data-element_type=\"container\" data-e-type=\"container\">\n\t\t\t\t\t<div class=\"e-con-inner\">\n\t\t\t\t<div class=\"elementor-element elementor-element-1d7fa38 elementor-widget elementor-widget-text-editor\" data-id=\"1d7fa38\" data-element_type=\"widget\" data-e-type=\"widget\" data-widget_type=\"text-editor.default\">\n\t\t\t\t<div class=\"elementor-widget-container\">\n\t\t\t\t\t\t\t\t\t<p>Cancellation policy :<\/p><p>\u00a0<\/p><p>- Flexible: Free cancellation up to 48 hours before check-in. After this time, 100% of the booking will be charged and is non-refundable.<br \/>- Non-refundable: The total amount of your booking will be debited at the time of booking, and is non-cancellable and non-changeable.<br \/>- Special offers: please check the details on your booking confirmation.<\/p>\t\t\t\t\t\t\t\t<\/div>\n\t\t\t\t<\/div>\n\t\t\t\t\t<\/div>\n\t\t\t\t<\/div>\n\t\t\t\t<\/div>","protected":false},"excerpt":{"rendered":"<p>conditions d&rsquo;annulation Politique d\u2019annulation : \u00a0 \u2013 Flexible : Annulation gratuite jusqu\u2019\u00e0 48h avant le check-in. Pass\u00e9 ce d\u00e9lai, 100% de la r\u00e9servation sont factur\u00e9s et non remboursable.\u2013 Non remboursable : Le montant total de votre r\u00e9servation sera d\u00e9bit\u00e9 \u00e0 la r\u00e9servation, non annulable, non modifiable.\u2013 Offres sp\u00e9ciales : veuillez v\u00e9rifier les d\u00e9tails sur votre [&hellip;]<\/p>\n","protected":false},"author":13,"featured_media":0,"parent":0,"menu_order":0,"comment_status":"closed","ping_status":"closed","template":"","meta":{"inline_featured_image":false,"footnotes":""},"class_list":["post-183","page","type-page","status-publish","hentry"],"_links":{"self":[{"href":"https:\/\/www.ker-moor.com\/en\/wp-json\/wp\/v2\/pages\/183","targetHints":{"allow":["GET"]}}],"collection":[{"href":"https:\/\/www.ker-moor.com\/en\/wp-json\/wp\/v2\/pages"}],"about":[{"href":"https:\/\/www.ker-moor.com\/en\/wp-json\/wp\/v2\/types\/page"}],"author":[{"embeddable":true,"href":"https:\/\/www.ker-moor.com\/en\/wp-json\/wp\/v2\/users\/13"}],"replies":[{"embeddable":true,"href":"https:\/\/www.ker-moor.com\/en\/wp-json\/wp\/v2\/comments?post=183"}],"version-history":[{"count":7,"href":"https:\/\/www.ker-moor.com\/en\/wp-json\/wp\/v2\/pages\/183\/revisions"}],"predecessor-version":[{"id":2430,"href":"https:\/\/www.ker-moor.com\/en\/wp-json\/wp\/v2\/pages\/183\/revisions\/2430"}],"wp:attachment":[{"href":"https:\/\/www.ker-moor.com\/en\/wp-json\/wp\/v2\/media?parent=183"}],"curies":[{"name":"wp","href":"https:\/\/api.w.org\/{rel}","templated":true}]}}