{"id":3608,"date":"2025-03-26T10:39:09","date_gmt":"2025-03-26T09:39:09","guid":{"rendered":"https:\/\/www.ker-moor.com\/?page_id=3608"},"modified":"2025-03-26T11:21:17","modified_gmt":"2025-03-26T10:21:17","slug":"rooftop-saint-quay-portrieux","status":"publish","type":"page","link":"https:\/\/www.ker-moor.com\/de\/rooftop-saint-quay-portrieux\/","title":{"rendered":"Rooftop Saint Quay Portrieux: Augen in den Wellen\u00a0"},"content":{"rendered":"<div data-elementor-type=\"wp-page\" data-elementor-id=\"3608\" class=\"elementor elementor-3608\" data-elementor-post-type=\"page\">\n\t\t\t\t<div class=\"elementor-element elementor-element-2d2a34a9 e-con-full e-flex e-con e-parent\" data-id=\"2d2a34a9\" data-element_type=\"container\" data-e-type=\"container\" data-settings=\"{&quot;background_background&quot;:&quot;classic&quot;}\">\n\t\t<div class=\"elementor-element elementor-element-37e1f51b e-flex e-con-boxed e-con e-child\" data-id=\"37e1f51b\" data-element_type=\"container\" data-e-type=\"container\">\n\t\t\t\t\t<div class=\"e-con-inner\">\n\t\t\t\t<div class=\"elementor-element elementor-element-46d1b33 elementor-widget-mobile__width-initial e-transform elementor-widget elementor-widget-image\" data-id=\"46d1b33\" data-element_type=\"widget\" data-e-type=\"widget\" data-settings=\"{&quot;_transform_rotateZ_effect&quot;:{&quot;unit&quot;:&quot;px&quot;,&quot;size&quot;:180,&quot;sizes&quot;:[]},&quot;_transform_rotateZ_effect_tablet&quot;:{&quot;unit&quot;:&quot;deg&quot;,&quot;size&quot;:&quot;&quot;,&quot;sizes&quot;:[]},&quot;_transform_rotateZ_effect_mobile&quot;:{&quot;unit&quot;:&quot;deg&quot;,&quot;size&quot;:&quot;&quot;,&quot;sizes&quot;:[]}}\" data-widget_type=\"image.default\">\n\t\t\t\t<div class=\"elementor-widget-container\">\n\t\t\t\t\t\t\t\t\t\t\t\t\t\t\t<img decoding=\"async\" width=\"76\" height=\"39\" src=\"https:\/\/www.ker-moor.com\/wp-content\/uploads\/2024\/02\/pics-droite.png\" class=\"attachment-full size-full wp-image-170\" alt=\"\" srcset=\"https:\/\/www.ker-moor.com\/wp-content\/uploads\/2024\/02\/pics-droite.png 76w, https:\/\/www.ker-moor.com\/wp-content\/uploads\/2024\/02\/pics-droite-18x9.png 18w\" sizes=\"(max-width: 76px) 100vw, 76px\" title=\"\">\t\t\t\t\t\t\t\t\t\t\t\t\t\t\t<\/div>\n\t\t\t\t<\/div>\n\t\t\t\t<div class=\"elementor-element elementor-element-111d7335 elementor-widget elementor-widget-heading\" data-id=\"111d7335\" data-element_type=\"widget\" data-e-type=\"widget\" data-widget_type=\"heading.default\">\n\t\t\t\t<div class=\"elementor-widget-container\">\n\t\t\t\t\t<h1 class=\"elementor-heading-title elementor-size-default\">Rooftop Saint Quay Portrieux: Augen in den Wellen\u00a0<\/h1>\t\t\t\t<\/div>\n\t\t\t\t<\/div>\n\t\t\t\t<div class=\"elementor-element elementor-element-3b02a283 elementor-widget-mobile__width-initial elementor-widget elementor-widget-image\" data-id=\"3b02a283\" data-element_type=\"widget\" data-e-type=\"widget\" data-widget_type=\"image.default\">\n\t\t\t\t<div class=\"elementor-widget-container\">\n\t\t\t\t\t\t\t\t\t\t\t\t\t\t\t<img decoding=\"async\" width=\"76\" height=\"39\" src=\"https:\/\/www.ker-moor.com\/wp-content\/uploads\/2024\/02\/pics-droite.png\" class=\"attachment-full size-full wp-image-170\" alt=\"\" srcset=\"https:\/\/www.ker-moor.com\/wp-content\/uploads\/2024\/02\/pics-droite.png 76w, https:\/\/www.ker-moor.com\/wp-content\/uploads\/2024\/02\/pics-droite-18x9.png 18w\" sizes=\"(max-width: 76px) 100vw, 76px\" title=\"\">\t\t\t\t\t\t\t\t\t\t\t\t\t\t\t<\/div>\n\t\t\t\t<\/div>\n\t\t\t\t\t<\/div>\n\t\t\t\t<\/div>\n\t\t\t\t<\/div>\n\t\t<div class=\"elementor-element elementor-element-3b508916 e-con-full e-flex e-con e-parent\" data-id=\"3b508916\" data-element_type=\"container\" data-e-type=\"container\" data-settings=\"{&quot;background_background&quot;:&quot;classic&quot;}\">\n\t\t<div class=\"elementor-element elementor-element-1faf51e8 e-con-full events-bloc-toright e-flex e-con e-child\" data-id=\"1faf51e8\" data-element_type=\"container\" data-e-type=\"container\">\n\t\t<div class=\"elementor-element elementor-element-22cf95ea e-con-full e-flex e-con e-child\" data-id=\"22cf95ea\" data-element_type=\"container\" data-e-type=\"container\">\n\t\t<div class=\"elementor-element elementor-element-5fe2e1c e-con-full e-flex e-con e-child\" data-id=\"5fe2e1c\" data-element_type=\"container\" data-e-type=\"container\">\n\t\t\t\t<div class=\"elementor-element elementor-element-18aa36af elementor-widget__width-initial events-txt elementor-widget elementor-widget-text-editor\" data-id=\"18aa36af\" data-element_type=\"widget\" data-e-type=\"widget\" data-widget_type=\"text-editor.default\">\n\t\t\t\t<div class=\"elementor-widget-container\">\n\t\t\t\t\t\t\t\t\t<p data-pm-slice=\"1 1 []\">Stellen Sie sich vor: Ein Glas in der Hand, ein Teller mit Tapas ist gerade angekommen, eine leichte Jodbrise streichelt Ihr Gesicht... und im Hintergrund versinkt die Sonne langsam im Ozean. Das erwartet Sie auf unserem <a href=\"https:\/\/www.ker-moor.com\/de\/rooftop-hotel-bretagne-meerblick\/\"><strong>rooftop in Saint Quay Portrieux<\/strong><\/a> befindet sich im obersten Stockwerk des 4-Sterne-Hotels Ker Moor. Ein idealer Ort, um eine der sch\u00f6nsten Aussichten der Stadt zwischen Himmel und Meer zu genie\u00dfen.<\/p>\t\t\t\t\t\t\t\t<\/div>\n\t\t\t\t<\/div>\n\t\t\t\t<\/div>\n\t\t<div class=\"elementor-element elementor-element-595bb0df e-con-full e-flex e-con e-child\" data-id=\"595bb0df\" data-element_type=\"container\" data-e-type=\"container\">\n\t\t\t\t<div class=\"elementor-element elementor-element-5a0f468b elementor-widget-tablet__width-inherit elementor-widget elementor-widget-image\" data-id=\"5a0f468b\" data-element_type=\"widget\" data-e-type=\"widget\" data-widget_type=\"image.default\">\n\t\t\t\t<div class=\"elementor-widget-container\">\n\t\t\t\t\t\t\t\t\t\t\t\t\t\t\t<img fetchpriority=\"high\" decoding=\"async\" width=\"2560\" height=\"1707\" src=\"https:\/\/www.ker-moor.com\/wp-content\/uploads\/2024\/07\/galerie-8-scaled.jpg\" class=\"attachment-full size-full wp-image-3200\" alt=\"Zwei Wei\u00dfweingl\u00e4ser, die bei sch\u00f6nem Wetter auf einem Tisch mit Blick auf das Meer stehen\" srcset=\"https:\/\/www.ker-moor.com\/wp-content\/uploads\/2024\/07\/galerie-8-scaled.jpg 2560w, https:\/\/www.ker-moor.com\/wp-content\/uploads\/2024\/07\/galerie-8-300x200.jpg 300w, https:\/\/www.ker-moor.com\/wp-content\/uploads\/2024\/07\/galerie-8-1024x683.jpg 1024w, https:\/\/www.ker-moor.com\/wp-content\/uploads\/2024\/07\/galerie-8-768x512.jpg 768w, https:\/\/www.ker-moor.com\/wp-content\/uploads\/2024\/07\/galerie-8-1536x1024.jpg 1536w, https:\/\/www.ker-moor.com\/wp-content\/uploads\/2024\/07\/galerie-8-2048x1365.jpg 2048w, https:\/\/www.ker-moor.com\/wp-content\/uploads\/2024\/07\/galerie-8-18x12.jpg 18w\" sizes=\"(max-width: 2560px) 100vw, 2560px\" title=\"\">\t\t\t\t\t\t\t\t\t\t\t\t\t\t\t<\/div>\n\t\t\t\t<\/div>\n\t\t\t\t<\/div>\n\t\t\t\t<\/div>\n\t\t\t\t<\/div>\n\t\t<div class=\"elementor-element elementor-element-37cd6c13 e-con-full events-bloc-toleft e-flex e-con e-child\" data-id=\"37cd6c13\" data-element_type=\"container\" data-e-type=\"container\">\n\t\t<div class=\"elementor-element elementor-element-c098364 e-con-full e-flex e-con e-child\" data-id=\"c098364\" data-element_type=\"container\" data-e-type=\"container\">\n\t\t<div class=\"elementor-element elementor-element-42d756ca e-con-full e-flex e-con e-child\" data-id=\"42d756ca\" data-element_type=\"container\" data-e-type=\"container\">\n\t\t\t\t<div class=\"elementor-element elementor-element-6491f9c elementor-widget-tablet__width-inherit elementor-widget elementor-widget-image\" data-id=\"6491f9c\" data-element_type=\"widget\" data-e-type=\"widget\" data-widget_type=\"image.default\">\n\t\t\t\t<div class=\"elementor-widget-container\">\n\t\t\t\t\t\t\t\t\t\t\t\t\t\t\t<img decoding=\"async\" width=\"1707\" height=\"2560\" src=\"https:\/\/www.ker-moor.com\/wp-content\/uploads\/2024\/04\/KERMOOR_2024-109-scaled.jpg\" class=\"attachment-full size-full wp-image-2855\" alt=\"Frau in einem langen wei\u00dfen Kleid mit roten Gewichten, die auf der Terrasse eines Zimmers ein Glas Wein trinkt - hotel ker moor\" srcset=\"https:\/\/www.ker-moor.com\/wp-content\/uploads\/2024\/04\/KERMOOR_2024-109-scaled.jpg 1707w, https:\/\/www.ker-moor.com\/wp-content\/uploads\/2024\/04\/KERMOOR_2024-109-200x300.jpg 200w, https:\/\/www.ker-moor.com\/wp-content\/uploads\/2024\/04\/KERMOOR_2024-109-683x1024.jpg 683w, https:\/\/www.ker-moor.com\/wp-content\/uploads\/2024\/04\/KERMOOR_2024-109-768x1152.jpg 768w, https:\/\/www.ker-moor.com\/wp-content\/uploads\/2024\/04\/KERMOOR_2024-109-1024x1536.jpg 1024w, https:\/\/www.ker-moor.com\/wp-content\/uploads\/2024\/04\/KERMOOR_2024-109-1365x2048.jpg 1365w, https:\/\/www.ker-moor.com\/wp-content\/uploads\/2024\/04\/KERMOOR_2024-109-8x12.jpg 8w\" sizes=\"(max-width: 1707px) 100vw, 1707px\" title=\"\">\t\t\t\t\t\t\t\t\t\t\t\t\t\t\t<\/div>\n\t\t\t\t<\/div>\n\t\t\t\t<\/div>\n\t\t<div class=\"elementor-element elementor-element-34c31bd9 e-con-full e-flex e-con e-child\" data-id=\"34c31bd9\" data-element_type=\"container\" data-e-type=\"container\">\n\t\t\t\t<div class=\"elementor-element elementor-element-3d41fa96 events-title-1 elementor-widget elementor-widget-heading\" data-id=\"3d41fa96\" data-element_type=\"widget\" data-e-type=\"widget\" data-widget_type=\"heading.default\">\n\t\t\t\t<div class=\"elementor-widget-container\">\n\t\t\t\t\t<h2 class=\"elementor-heading-title elementor-size-default\">Ein Gourmet-Roftop mit Blick auf das Meer<\/h2>\t\t\t\t<\/div>\n\t\t\t\t<\/div>\n\t\t\t\t<div class=\"elementor-element elementor-element-72f1e709 elementor-widget__width-initial events-txt  elementor-widget elementor-widget-text-editor\" data-id=\"72f1e709\" data-element_type=\"widget\" data-e-type=\"widget\" data-widget_type=\"text-editor.default\">\n\t\t\t\t<div class=\"elementor-widget-container\">\n\t\t\t\t\t\t\t\t\t<p><span style=\"text-decoration: underline;\"><strong>Die Bar Le Kssar: ein privilegierter Aussichtspunkt in Saint Quay Portrieux\u00a0<\/strong><\/span><\/p><p>Auf dem Gipfel des Hotels Ker Moor l\u00e4dt Sie die Bar Le Kssar zu einem einzigartigen Erlebnis ein. Eine Gelegenheit, die Augen und den Gaumen zu verw\u00f6hnen! Von der obersten Etage des Hotels aus haben Sie einen 180\u00b0-Blick auf die Bucht von Saint-Brieuc und die \u00cele de la Comtesse. Die Terrasse des Kssar ist ein unumg\u00e4nglicher Treffpunkt, um im Winter das Schauspiel der gro\u00dfen bretonischen Gezeiten zu beobachten oder einfach nur das letzte Licht des Tages zu bewundern, egal zu welcher Jahreszeit. Die Bar empf\u00e4ngt Sie in den k\u00fchleren Jahreszeiten auch in einem Innenraum. Dieses gesellige und raffinierte Rooftop in Saint Quay Portrieux ist der perfekte Ort, um einen Cocktail zu schl\u00fcrfen und dabei ein atemberaubendes Panorama zu bewundern.<\/p><p data-pm-slice=\"1 1 []\"><span style=\"text-decoration: underline;\"><strong>Eine vielf\u00e4ltige Getr\u00e4nkekarte und raffinierte costarmorquinische Tapas<\/strong><\/span><\/p><p>Unser Team ist von 17:00 bis 22:00 Uhr ge\u00f6ffnet und freut sich, Ihnen eine kleine Erfrischung anbieten zu k\u00f6nnen! F\u00fcr einen sp\u00e4ten Snack, einen Aperitif-Drink oder f\u00fcr einen Digestif am Ende des Essens finden Sie unter unserer Auswahl an Tees, Weinen, Bieren, Cocktails und Softdrinks das Richtige. F\u00fcr den kleinen Hunger zwischendurch pr\u00e4sentieren wir Ihnen eine lokale 100%-Karte, die von uns zusammengestellt wurde. Accras, Panko-Garnelen, Brotaufstriche und andere \u00dcberraschungen des K\u00fcchenchefs warten auf Sie! Sonntags k\u00f6nnen Sie mit Familie oder Freunden unseren gro\u00dfz\u00fcgigen Brunch genie\u00dfen - hier ist f\u00fcr jeden Geschmack etwas dabei!\u00a0<\/p>\t\t\t\t\t\t\t\t<\/div>\n\t\t\t\t<\/div>\n\t\t\t\t<\/div>\n\t\t\t\t<\/div>\n\t\t\t\t<\/div>\n\t\t\t\t<\/div>\n\t\t<div class=\"elementor-element elementor-element-df9d40e e-con-full e-flex e-con e-parent\" data-id=\"df9d40e\" data-element_type=\"container\" data-e-type=\"container\" data-settings=\"{&quot;background_background&quot;:&quot;classic&quot;}\">\n\t\t<div class=\"elementor-element elementor-element-ca8ec73 e-con-full events-bloc-toright e-flex e-con e-child\" data-id=\"ca8ec73\" data-element_type=\"container\" data-e-type=\"container\">\n\t\t<div class=\"elementor-element elementor-element-b9b0f15 e-con-full e-flex e-con e-child\" data-id=\"b9b0f15\" data-element_type=\"container\" data-e-type=\"container\">\n\t\t<div class=\"elementor-element elementor-element-9e0da7d e-con-full e-flex e-con e-child\" data-id=\"9e0da7d\" data-element_type=\"container\" data-e-type=\"container\">\n\t\t\t\t<div class=\"elementor-element elementor-element-bbdcfb3 events-title-1 elementor-widget elementor-widget-heading\" data-id=\"bbdcfb3\" data-element_type=\"widget\" data-e-type=\"widget\" data-widget_type=\"heading.default\">\n\t\t\t\t<div class=\"elementor-widget-container\">\n\t\t\t\t\t<h2 class=\"elementor-heading-title elementor-size-default\">Das Hotel Ker Moor: ein Aufenthalt am Meer<\/h2>\t\t\t\t<\/div>\n\t\t\t\t<\/div>\n\t\t\t\t<div class=\"elementor-element elementor-element-3af30e3 elementor-widget__width-initial events-txt elementor-widget elementor-widget-text-editor\" data-id=\"3af30e3\" data-element_type=\"widget\" data-e-type=\"widget\" data-widget_type=\"text-editor.default\">\n\t\t\t\t<div class=\"elementor-widget-container\">\n\t\t\t\t\t\t\t\t\t<p data-pm-slice=\"1 1 []\"><span style=\"text-decoration: underline;\"><strong>Zimmer mit atemberaubendem Meerblick<\/strong><\/span>\u00a0<\/p><p>In Ker Moor sind alle <a href=\"https:\/\/www.ker-moor.com\/de\/zimmer-hotel-saint-quay-portrieux-meerblick\/\">unsere Zimmer<\/a> bieten Meerblick und 27 von ihnen verf\u00fcgen \u00fcber einen eigenen Balkon. Unsere Zimmer bieten sowohl Platz f\u00fcr Alleinreisende als auch f\u00fcr Familien mit bis zu 5 Personen. Alle Zimmer sind mit einer Minibar, einem Nuxe-Willkommenspaket, einem Flachbildfernseher und einer Nespresso-Maschine ausgestattet. Zum Hotel geh\u00f6rt auch eine 67 m2 gro\u00dfe H\u00f6hlenwohnung mit 3 Schlafzimmern, die sich perfekt f\u00fcr Familien eignet, die Ruhe und Unabh\u00e4ngigkeit suchen.\u00a0<\/p><p><span style=\"text-decoration: underline;\"><strong>Hochwertige Dienstleistungen<\/strong><\/span><\/p><p>Zus\u00e4tzlich zu seinem au\u00dfergew\u00f6hnlichen Rooftop in Saint Quay Portrieux bietet unser Haus zahlreiche Serviceleistungen, um unseren G\u00e4sten einen sorgenfreien Aufenthalt zu garantieren. Von Mitte Mai bis Mitte September ist ein beheizter Au\u00dfenpool ge\u00f6ffnet, der von Liegest\u00fchlen ges\u00e4umt ist und einen direkten Blick auf das atypische maurische Schloss bietet, das ihn \u00fcberragt. Und um den Tag gut zu beginnen, wird jeden Morgen ein Fr\u00fchst\u00fcck angeboten. Frische und lokale Produkte, S\u00fc\u00dfes und Salziges werden Ihnen auf Ihrem Zimmer serviert.<\/p>\t\t\t\t\t\t\t\t<\/div>\n\t\t\t\t<\/div>\n\t\t\t\t<\/div>\n\t\t<div class=\"elementor-element elementor-element-7d3ccdf e-con-full e-flex e-con e-child\" data-id=\"7d3ccdf\" data-element_type=\"container\" data-e-type=\"container\">\n\t\t\t\t<div class=\"elementor-element elementor-element-62334e4 elementor-widget-tablet__width-inherit elementor-widget elementor-widget-image\" data-id=\"62334e4\" data-element_type=\"widget\" data-e-type=\"widget\" data-widget_type=\"image.default\">\n\t\t\t\t<div class=\"elementor-widget-container\">\n\t\t\t\t\t\t\t\t\t\t\t\t\t\t\t<img loading=\"lazy\" decoding=\"async\" width=\"2560\" height=\"1707\" src=\"https:\/\/www.ker-moor.com\/wp-content\/uploads\/2024\/07\/KERMOOR_2024-Prestige-4-scaled.jpg\" class=\"attachment-full size-full wp-image-3284\" alt=\"\" srcset=\"https:\/\/www.ker-moor.com\/wp-content\/uploads\/2024\/07\/KERMOOR_2024-Prestige-4-scaled.jpg 2560w, https:\/\/www.ker-moor.com\/wp-content\/uploads\/2024\/07\/KERMOOR_2024-Prestige-4-300x200.jpg 300w, https:\/\/www.ker-moor.com\/wp-content\/uploads\/2024\/07\/KERMOOR_2024-Prestige-4-1024x683.jpg 1024w, https:\/\/www.ker-moor.com\/wp-content\/uploads\/2024\/07\/KERMOOR_2024-Prestige-4-768x512.jpg 768w, https:\/\/www.ker-moor.com\/wp-content\/uploads\/2024\/07\/KERMOOR_2024-Prestige-4-1536x1024.jpg 1536w, https:\/\/www.ker-moor.com\/wp-content\/uploads\/2024\/07\/KERMOOR_2024-Prestige-4-2048x1365.jpg 2048w, https:\/\/www.ker-moor.com\/wp-content\/uploads\/2024\/07\/KERMOOR_2024-Prestige-4-18x12.jpg 18w\" sizes=\"(max-width: 2560px) 100vw, 2560px\" title=\"\">\t\t\t\t\t\t\t\t\t\t\t\t\t\t\t<\/div>\n\t\t\t\t<\/div>\n\t\t\t\t<\/div>\n\t\t\t\t<\/div>\n\t\t\t\t<\/div>\n\t\t\t\t<\/div>\n\t\t<div class=\"elementor-element elementor-element-844788c e-con-full e-flex e-con e-parent\" data-id=\"844788c\" data-element_type=\"container\" data-e-type=\"container\" data-settings=\"{&quot;background_background&quot;:&quot;classic&quot;}\">\n\t\t<div class=\"elementor-element elementor-element-9ca2113 e-con-full events-bloc-toleft e-flex e-con e-child\" data-id=\"9ca2113\" data-element_type=\"container\" data-e-type=\"container\">\n\t\t<div class=\"elementor-element elementor-element-d84a61b e-con-full e-flex e-con e-child\" data-id=\"d84a61b\" data-element_type=\"container\" data-e-type=\"container\">\n\t\t<div class=\"elementor-element elementor-element-22751ce e-con-full e-flex e-con e-child\" data-id=\"22751ce\" data-element_type=\"container\" data-e-type=\"container\">\n\t\t\t\t<div class=\"elementor-element elementor-element-cb0be8d elementor-widget-tablet__width-inherit elementor-widget elementor-widget-image\" data-id=\"cb0be8d\" data-element_type=\"widget\" data-e-type=\"widget\" data-widget_type=\"image.default\">\n\t\t\t\t<div class=\"elementor-widget-container\">\n\t\t\t\t\t\t\t\t\t\t\t\t\t\t\t<img loading=\"lazy\" decoding=\"async\" width=\"1050\" height=\"702\" src=\"https:\/\/www.ker-moor.com\/wp-content\/uploads\/2024\/10\/rooftop-image-2024.jpg\" class=\"attachment-full size-full wp-image-3481\" alt=\"\" srcset=\"https:\/\/www.ker-moor.com\/wp-content\/uploads\/2024\/10\/rooftop-image-2024.jpg 1050w, https:\/\/www.ker-moor.com\/wp-content\/uploads\/2024\/10\/rooftop-image-2024-300x201.jpg 300w, https:\/\/www.ker-moor.com\/wp-content\/uploads\/2024\/10\/rooftop-image-2024-1024x685.jpg 1024w, https:\/\/www.ker-moor.com\/wp-content\/uploads\/2024\/10\/rooftop-image-2024-768x513.jpg 768w, https:\/\/www.ker-moor.com\/wp-content\/uploads\/2024\/10\/rooftop-image-2024-18x12.jpg 18w\" sizes=\"(max-width: 1050px) 100vw, 1050px\" title=\"\">\t\t\t\t\t\t\t\t\t\t\t\t\t\t\t<\/div>\n\t\t\t\t<\/div>\n\t\t\t\t<\/div>\n\t\t<div class=\"elementor-element elementor-element-212ad59 e-con-full e-flex e-con e-child\" data-id=\"212ad59\" data-element_type=\"container\" data-e-type=\"container\">\n\t\t\t\t<div class=\"elementor-element elementor-element-5164df7 events-title-1 elementor-widget elementor-widget-heading\" data-id=\"5164df7\" data-element_type=\"widget\" data-e-type=\"widget\" data-widget_type=\"heading.default\">\n\t\t\t\t<div class=\"elementor-widget-container\">\n\t\t\t\t\t<h2 class=\"elementor-heading-title elementor-size-default\">Saint Quay Portrieux, ein Reiseziel, das die ganze wilde Sch\u00f6nheit der C\u00f4tes-d'Armor offenbart<\/h2>\t\t\t\t<\/div>\n\t\t\t\t<\/div>\n\t\t\t\t<div class=\"elementor-element elementor-element-4018de6 elementor-widget__width-initial events-txt  elementor-widget elementor-widget-text-editor\" data-id=\"4018de6\" data-element_type=\"widget\" data-e-type=\"widget\" data-widget_type=\"text-editor.default\">\n\t\t\t\t<div class=\"elementor-widget-container\">\n\t\t\t\t\t\t\t\t\t<p data-pm-slice=\"1 1 []\"><span style=\"text-decoration: underline;\"><strong>Eine spektakul\u00e4re Naturkulisse in der N\u00e4he von Saint-Brieuc<\/strong><\/span><\/p><p>Zwischen feinen Sandstr\u00e4nden, wilden Buchten und K\u00fcstenpfaden ist Saint Quay Portrieux<a href=\"https:\/\/www.ker-moor.com\/de\/erfahrungen-hotel-am-meer-bretagne-nord\/\"> ein ideales Reiseziel<\/a> um die Wohltaten der Natur zu genie\u00dfen. Wanderfreunde werden die Panoramen vom GR34 (markierter Wanderweg) aus genie\u00dfen, w\u00e4hrend Wassersportler sich im Paddeln, Segeln oder auch Tauchen im t\u00fcrkisfarbenen Wasser des kleinen Badeortes versuchen k\u00f6nnen.\u00a0<\/p><p><strong><span style=\"text-decoration: underline;\">Ein gastronomisches Reiseziel<\/span><\/strong><\/p><p>Saint Quay Portrieux ist auch ein Ort f\u00fcr Feinschmecker und tr\u00e4gt den Namen \"Hauptstadt der Jakobsmuschel\". Die Jakobsmuschel wird hier frisch gefangen am Hafen oder von den K\u00fcchenchefs der Region in den Restaurants der Stadt veredelt. F\u00fcgen Sie diesem Men\u00fc ein paar Austern und ein Glas handwerklich hergestellten Cidre hinzu, und Sie haben eine k\u00f6stliche Mahlzeit mit lokalen Aromen. Ob in den Gassen oder auf unserem Rooftop, Saint Quay Portrieux h\u00e4lt einen Urlaub voller Eindr\u00fccke und Entdeckungen f\u00fcr Sie bereit!<\/p>\t\t\t\t\t\t\t\t<\/div>\n\t\t\t\t<\/div>\n\t\t\t\t<\/div>\n\t\t\t\t<\/div>\n\t\t\t\t<\/div>\n\t\t\t\t<\/div>\n\t\t\t\t<\/div>","protected":false},"excerpt":{"rendered":"<p>Rooftop Saint Quay Portrieux : les yeux dans les vagues\u00a0 Imaginez-vous : un verre \u00e0 la main, une assiette de tapas vient d&rsquo;arriver, une l\u00e9g\u00e8re brise iod\u00e9e caresse votre visage&#8230; et en toile de fond, le soleil plonge lentement dans l&rsquo;oc\u00e9an. Voici ce qui vous attend sur notre rooftop \u00e0 Saint Quay Portrieux situ\u00e9 au [&hellip;]<\/p>\n","protected":false},"author":11,"featured_media":3199,"parent":0,"menu_order":0,"comment_status":"closed","ping_status":"closed","template":"","meta":{"inline_featured_image":false,"footnotes":""},"class_list":["post-3608","page","type-page","status-publish","has-post-thumbnail","hentry"],"_links":{"self":[{"href":"https:\/\/www.ker-moor.com\/de\/wp-json\/wp\/v2\/pages\/3608","targetHints":{"allow":["GET"]}}],"collection":[{"href":"https:\/\/www.ker-moor.com\/de\/wp-json\/wp\/v2\/pages"}],"about":[{"href":"https:\/\/www.ker-moor.com\/de\/wp-json\/wp\/v2\/types\/page"}],"author":[{"embeddable":true,"href":"https:\/\/www.ker-moor.com\/de\/wp-json\/wp\/v2\/users\/11"}],"replies":[{"embeddable":true,"href":"https:\/\/www.ker-moor.com\/de\/wp-json\/wp\/v2\/comments?post=3608"}],"version-history":[{"count":13,"href":"https:\/\/www.ker-moor.com\/de\/wp-json\/wp\/v2\/pages\/3608\/revisions"}],"predecessor-version":[{"id":3633,"href":"https:\/\/www.ker-moor.com\/de\/wp-json\/wp\/v2\/pages\/3608\/revisions\/3633"}],"wp:featuredmedia":[{"embeddable":true,"href":"https:\/\/www.ker-moor.com\/de\/wp-json\/wp\/v2\/media\/3199"}],"wp:attachment":[{"href":"https:\/\/www.ker-moor.com\/de\/wp-json\/wp\/v2\/media?parent=3608"}],"curies":[{"name":"wp","href":"https:\/\/api.w.org\/{rel}","templated":true}]}}