{"id":3349,"date":"2024-10-10T11:19:23","date_gmt":"2024-10-10T09:19:23","guid":{"rendered":"https:\/\/www.ker-moor.com\/?page_id=3349"},"modified":"2024-10-10T11:28:28","modified_gmt":"2024-10-10T09:28:28","slug":"was-tun-in-saint-quay-portrieux","status":"publish","type":"page","link":"https:\/\/www.ker-moor.com\/de\/que-faire-a-saint-quay-portrieux\/","title":{"rendered":"Was man in Saint-Quay-Portrieux unternehmen kann"},"content":{"rendered":"<div data-elementor-type=\"wp-page\" data-elementor-id=\"3349\" class=\"elementor elementor-3349\" data-elementor-post-type=\"page\">\n\t\t\t\t<div class=\"elementor-element elementor-element-2d2a34a9 e-con-full e-flex e-con e-parent\" data-id=\"2d2a34a9\" data-element_type=\"container\" data-e-type=\"container\" data-settings=\"{&quot;background_background&quot;:&quot;classic&quot;}\">\n\t\t<div class=\"elementor-element elementor-element-37e1f51b e-flex e-con-boxed e-con e-child\" data-id=\"37e1f51b\" data-element_type=\"container\" data-e-type=\"container\">\n\t\t\t\t\t<div class=\"e-con-inner\">\n\t\t\t\t<div class=\"elementor-element elementor-element-6c1d87f7 elementor-widget-mobile__width-initial elementor-widget elementor-widget-image\" data-id=\"6c1d87f7\" data-element_type=\"widget\" data-e-type=\"widget\" data-widget_type=\"image.default\">\n\t\t\t\t<div class=\"elementor-widget-container\">\n\t\t\t\t\t\t\t\t\t\t\t\t\t\t\t<img decoding=\"async\" width=\"76\" height=\"39\" src=\"https:\/\/www.ker-moor.com\/wp-content\/uploads\/2024\/02\/pics-gauche.png\" class=\"attachment-full size-full wp-image-171\" alt=\"\" srcset=\"https:\/\/www.ker-moor.com\/wp-content\/uploads\/2024\/02\/pics-gauche.png 76w, https:\/\/www.ker-moor.com\/wp-content\/uploads\/2024\/02\/pics-gauche-18x9.png 18w\" sizes=\"(max-width: 76px) 100vw, 76px\" title=\"\">\t\t\t\t\t\t\t\t\t\t\t\t\t\t\t<\/div>\n\t\t\t\t<\/div>\n\t\t\t\t<div class=\"elementor-element elementor-element-111d7335 elementor-widget elementor-widget-heading\" data-id=\"111d7335\" data-element_type=\"widget\" data-e-type=\"widget\" data-widget_type=\"heading.default\">\n\t\t\t\t<div class=\"elementor-widget-container\">\n\t\t\t\t\t<h1 class=\"elementor-heading-title elementor-size-default\">Was kann man in Saint-Quay-Portrieux unternehmen?<\/h1>\t\t\t\t<\/div>\n\t\t\t\t<\/div>\n\t\t\t\t<div class=\"elementor-element elementor-element-3b02a283 elementor-widget-mobile__width-initial elementor-widget elementor-widget-image\" data-id=\"3b02a283\" data-element_type=\"widget\" data-e-type=\"widget\" data-widget_type=\"image.default\">\n\t\t\t\t<div class=\"elementor-widget-container\">\n\t\t\t\t\t\t\t\t\t\t\t\t\t\t\t<img decoding=\"async\" width=\"76\" height=\"39\" src=\"https:\/\/www.ker-moor.com\/wp-content\/uploads\/2024\/02\/pics-droite.png\" class=\"attachment-full size-full wp-image-170\" alt=\"\" srcset=\"https:\/\/www.ker-moor.com\/wp-content\/uploads\/2024\/02\/pics-droite.png 76w, https:\/\/www.ker-moor.com\/wp-content\/uploads\/2024\/02\/pics-droite-18x9.png 18w\" sizes=\"(max-width: 76px) 100vw, 76px\" title=\"\">\t\t\t\t\t\t\t\t\t\t\t\t\t\t\t<\/div>\n\t\t\t\t<\/div>\n\t\t\t\t\t<\/div>\n\t\t\t\t<\/div>\n\t\t\t\t<\/div>\n\t\t<div class=\"elementor-element elementor-element-7ca07d99 e-flex e-con-boxed e-con e-parent\" data-id=\"7ca07d99\" data-element_type=\"container\" data-e-type=\"container\">\n\t\t\t\t\t<div class=\"e-con-inner\">\n\t\t<div class=\"elementor-element elementor-element-2e6b8a08 e-con-full e-flex e-con e-child\" data-id=\"2e6b8a08\" data-element_type=\"container\" data-e-type=\"container\">\n\t\t\t\t<div class=\"elementor-element elementor-element-41932d4f elementor-widget__width-initial elementor-widget elementor-widget-text-editor\" data-id=\"41932d4f\" data-element_type=\"widget\" data-e-type=\"widget\" data-widget_type=\"text-editor.default\">\n\t\t\t\t<div class=\"elementor-widget-container\">\n\t\t\t\t\t\t\t\t\t<p data-pm-slice=\"1 1 []\">Saint Quay Portrieux, eine charmante kleine Stadt am \u00c4rmelkanal, ist das perfekte Ziel f\u00fcr einen erholsamen Aufenthalt in der Bretagne. Der zwischen Paimpol und Saint-Brieuc gelegene Badeort mit 3000 Einwohnern steht seinen ber\u00fchmten Nachbarn in nichts nach. Ein einflussreicher Fischereihafen, moderner Jachthafen, Traumstr\u00e4nde aneinandergereiht, ein au\u00dfergew\u00f6hnliches Naturerbe und Wassersportaktivit\u00e4ten aller Art: Langeweile kommt hier nicht auf! Wenn Sie sich immer noch fragen, was Sie in Saint Quay Portrieux unternehmen k\u00f6nnen, folgen Sie dem Reisef\u00fchrer...<\/p>\t\t\t\t\t\t\t\t<\/div>\n\t\t\t\t<\/div>\n\t\t\t\t<\/div>\n\t\t\t\t\t<\/div>\n\t\t\t\t<\/div>\n\t\t<div class=\"elementor-element elementor-element-3b508916 e-con-full e-flex e-con e-parent\" data-id=\"3b508916\" data-element_type=\"container\" data-e-type=\"container\" data-settings=\"{&quot;background_background&quot;:&quot;classic&quot;}\">\n\t\t<div class=\"elementor-element elementor-element-1faf51e8 e-con-full events-bloc-toright e-flex e-con e-child\" data-id=\"1faf51e8\" data-element_type=\"container\" data-e-type=\"container\">\n\t\t<div class=\"elementor-element elementor-element-22cf95ea e-con-full e-flex e-con e-child\" data-id=\"22cf95ea\" data-element_type=\"container\" data-e-type=\"container\">\n\t\t<div class=\"elementor-element elementor-element-5fe2e1c e-con-full e-flex e-con e-child\" data-id=\"5fe2e1c\" data-element_type=\"container\" data-e-type=\"container\">\n\t\t\t\t<div class=\"elementor-element elementor-element-3bbaa6bc events-title-1 elementor-widget elementor-widget-heading\" data-id=\"3bbaa6bc\" data-element_type=\"widget\" data-e-type=\"widget\" data-widget_type=\"heading.default\">\n\t\t\t\t<div class=\"elementor-widget-container\">\n\t\t\t\t\t<h2 class=\"elementor-heading-title elementor-size-default\">Was man in Saint Quay Portrieux f\u00fcr einen Aufenthalt im Zeichen des Sports tun kann\u00a0<\/h2>\t\t\t\t<\/div>\n\t\t\t\t<\/div>\n\t\t\t\t<div class=\"elementor-element elementor-element-18aa36af elementor-widget__width-initial events-txt elementor-widget elementor-widget-text-editor\" data-id=\"18aa36af\" data-element_type=\"widget\" data-e-type=\"widget\" data-widget_type=\"text-editor.default\">\n\t\t\t\t<div class=\"elementor-widget-container\">\n\t\t\t\t\t\t\t\t\t<p data-pm-slice=\"1 1 []\">Mit seinen gro\u00dfen Naturgebieten bieten Saint Quay Portrieux und seine Umgebung unendlich viele Angebote f\u00fcr Sport im Freien. Zwischen Land und Meer gibt es etwas f\u00fcr jedes Alter, jedes Niveau und jede Lust! Der Hafen des Badeortes ist einer der meistbesuchten der Region. Von morgens bis zum Sonnenuntergang kommen und gehen Segelboote, Jachten, Katamarane und Fischerboote. Dank dieser Energie ist der Hafen das neuralgische Herz dieser kleinen Stadt, die so zahlreiche Wassersportaktivit\u00e4ten anbieten kann. Betreutes Tauchen, die Erkundung der Bucht mit dem Jetski oder der Bootsverleih geh\u00f6ren zu den beliebtesten Attraktionen. Sowohl Anf\u00e4nger als auch Fortgeschrittene k\u00f6nnen hier ihr Gl\u00fcck finden. Ein paar Schritte weiter, entlang der zahlreichen Str\u00e4nde, gehen die Sportangebote weiter: eher Paddeln, Kajakfahren oder Windsurfen? Das kristallklare Wasser wartet nur auf Sie. Und wenn Sie sich fragen, was Sie in Saint Quay Portrieux neben den Wassersportarten noch unternehmen k\u00f6nnen, wenden Sie sich an einen der Tennisclubs oder an die Rezeption des Hotels Ker Moor, um ein Fahrrad zu mieten. Auf zahlreichen Strecken des Gr\u00fcnen Wegs k\u00f6nnen Sie die wilde Sch\u00f6nheit der Landschaft an der K\u00fcste von Go\u00eblo bewundern.<\/p>\t\t\t\t\t\t\t\t<\/div>\n\t\t\t\t<\/div>\n\t\t\t\t<\/div>\n\t\t<div class=\"elementor-element elementor-element-595bb0df e-con-full e-flex e-con e-child\" data-id=\"595bb0df\" data-element_type=\"container\" data-e-type=\"container\">\n\t\t\t\t<div class=\"elementor-element elementor-element-5a0f468b elementor-widget-tablet__width-inherit elementor-widget elementor-widget-image\" data-id=\"5a0f468b\" data-element_type=\"widget\" data-e-type=\"widget\" data-widget_type=\"image.default\">\n\t\t\t\t<div class=\"elementor-widget-container\">\n\t\t\t\t\t\t\t\t\t\t\t\t\t\t\t<img fetchpriority=\"high\" decoding=\"async\" width=\"2560\" height=\"1707\" src=\"https:\/\/www.ker-moor.com\/wp-content\/uploads\/2024\/04\/reduit-2-scaled.jpg\" class=\"attachment-full size-full wp-image-2853\" alt=\"Entfernte Luftaufnahme des Ker Moor Hotels\" srcset=\"https:\/\/www.ker-moor.com\/wp-content\/uploads\/2024\/04\/reduit-2-scaled.jpg 2560w, https:\/\/www.ker-moor.com\/wp-content\/uploads\/2024\/04\/reduit-2-300x200.jpg 300w, https:\/\/www.ker-moor.com\/wp-content\/uploads\/2024\/04\/reduit-2-1024x683.jpg 1024w, https:\/\/www.ker-moor.com\/wp-content\/uploads\/2024\/04\/reduit-2-768x512.jpg 768w, https:\/\/www.ker-moor.com\/wp-content\/uploads\/2024\/04\/reduit-2-1536x1024.jpg 1536w, https:\/\/www.ker-moor.com\/wp-content\/uploads\/2024\/04\/reduit-2-2048x1365.jpg 2048w, https:\/\/www.ker-moor.com\/wp-content\/uploads\/2024\/04\/reduit-2-18x12.jpg 18w\" sizes=\"(max-width: 2560px) 100vw, 2560px\" title=\"\">\t\t\t\t\t\t\t\t\t\t\t\t\t\t\t<\/div>\n\t\t\t\t<\/div>\n\t\t\t\t<\/div>\n\t\t\t\t<\/div>\n\t\t\t\t<\/div>\n\t\t<div class=\"elementor-element elementor-element-37cd6c13 e-con-full events-bloc-toleft e-flex e-con e-child\" data-id=\"37cd6c13\" data-element_type=\"container\" data-e-type=\"container\">\n\t\t<div class=\"elementor-element elementor-element-c098364 e-con-full e-flex e-con e-child\" data-id=\"c098364\" data-element_type=\"container\" data-e-type=\"container\">\n\t\t<div class=\"elementor-element elementor-element-42d756ca e-con-full e-flex e-con e-child\" data-id=\"42d756ca\" data-element_type=\"container\" data-e-type=\"container\">\n\t\t\t\t<div class=\"elementor-element elementor-element-6491f9c elementor-widget-tablet__width-inherit elementor-widget elementor-widget-image\" data-id=\"6491f9c\" data-element_type=\"widget\" data-e-type=\"widget\" data-widget_type=\"image.default\">\n\t\t\t\t<div class=\"elementor-widget-container\">\n\t\t\t\t\t\t\t\t\t\t\t\t\t\t\t<img loading=\"lazy\" decoding=\"async\" width=\"1707\" height=\"2560\" src=\"https:\/\/www.ker-moor.com\/wp-content\/uploads\/2024\/07\/Texte-2-scaled.jpg\" class=\"attachment-full size-full wp-image-3170\" alt=\"\" srcset=\"https:\/\/www.ker-moor.com\/wp-content\/uploads\/2024\/07\/Texte-2-scaled.jpg 1707w, https:\/\/www.ker-moor.com\/wp-content\/uploads\/2024\/07\/Texte-2-200x300.jpg 200w, https:\/\/www.ker-moor.com\/wp-content\/uploads\/2024\/07\/Texte-2-683x1024.jpg 683w, https:\/\/www.ker-moor.com\/wp-content\/uploads\/2024\/07\/Texte-2-768x1152.jpg 768w, https:\/\/www.ker-moor.com\/wp-content\/uploads\/2024\/07\/Texte-2-1024x1536.jpg 1024w, https:\/\/www.ker-moor.com\/wp-content\/uploads\/2024\/07\/Texte-2-1365x2048.jpg 1365w, https:\/\/www.ker-moor.com\/wp-content\/uploads\/2024\/07\/Texte-2-8x12.jpg 8w\" sizes=\"(max-width: 1707px) 100vw, 1707px\" title=\"\">\t\t\t\t\t\t\t\t\t\t\t\t\t\t\t<\/div>\n\t\t\t\t<\/div>\n\t\t\t\t<\/div>\n\t\t<div class=\"elementor-element elementor-element-34c31bd9 e-con-full e-flex e-con e-child\" data-id=\"34c31bd9\" data-element_type=\"container\" data-e-type=\"container\">\n\t\t\t\t<div class=\"elementor-element elementor-element-3d41fa96 events-title-1 elementor-widget elementor-widget-heading\" data-id=\"3d41fa96\" data-element_type=\"widget\" data-e-type=\"widget\" data-widget_type=\"heading.default\">\n\t\t\t\t<div class=\"elementor-widget-container\">\n\t\t\t\t\t<h2 class=\"elementor-heading-title elementor-size-default\">Aktivit\u00e4ten im Hotel Ker Moor in Saint Quay Portrieux<\/h2>\t\t\t\t<\/div>\n\t\t\t\t<\/div>\n\t\t\t\t<div class=\"elementor-element elementor-element-72f1e709 elementor-widget__width-initial events-txt  elementor-widget elementor-widget-text-editor\" data-id=\"72f1e709\" data-element_type=\"widget\" data-e-type=\"widget\" data-widget_type=\"text-editor.default\">\n\t\t\t\t<div class=\"elementor-widget-container\">\n\t\t\t\t\t\t\t\t\t<p data-pm-slice=\"1 1 []\">Im 4-Sterne-Hotel Ker Moor versprechen Ihnen die angebotenen Dienstleistungen sehr sch\u00f6ne Momente zu zweit, mit der Familie oder im Team. Wenn der Tag sch\u00f6n ist, gibt es nichts Angenehmeres als den Zugang zum ganzj\u00e4hrig beheizten Pool. Er befindet sich direkt gegen\u00fcber dem Schloss von Calan und bietet Ihnen von Ihrer Sonnenliege aus einen h\u00f6chst atypischen Ausblick! Die Einrichtung verf\u00fcgt \u00fcber <a href=\"https:\/\/www.ker-moor.com\/de\/zimmer-hotel-saint-quay-portrieux-meerblick\/\"><u>30 Zimmer<\/u><\/a> von denen 27 einen Balkon mit Meerblick haben. Es ist eine einzigartige und erholsame Umgebung, g\u00f6nnen Sie sich einen Moment der reinen und ruhigen Kontemplation. <a href=\"https:\/\/www.ker-moor.com\/de\/erfahrungen\/grafinneninsel\/\"><u>Die Insel der Gr\u00e4fin<\/u><\/a> die Ihnen gegen\u00fcberliegt, und das Ger\u00e4usch der Wellen, die unter Ihren Fenstern zusammenschlagen, haben einen sofortigen Tapetenwechsel zur Folge. Und, was kann man in Saint Quay Portrieux am Ende des Tages unternehmen? Begeben Sie sich auf den <a href=\"https:\/\/www.ker-moor.com\/de\/rooftop-hotel-bretagne-meerblick\/\"><u>rooftop<\/u><\/a> des Hotels f\u00fcr einen schwebenden Moment in einem gem\u00fctlichen Raum, der zu jeder Jahreszeit zug\u00e4nglich ist. Es gibt einen \u00fcberdachten und gem\u00fctlichen Teil f\u00fcr die k\u00fchlere Jahreszeit und eine sommerlichere Au\u00dfenterrasse. In der Kssar, der Bar des Hotels, genie\u00dfen Sie eine privilegierte und exklusive Lage f\u00fcr einen Sonnenuntergang \u00fcber dem Wasser. Um diesen Moment zu begleiten, freut sich das Personal darauf, Ihnen seine Tapas- und Getr\u00e4nkekarte anzubieten. Cocktails, Weine, Spirituosen oder Softdrinks werden in geselliger Runde in einer famili\u00e4ren und herzlichen Atmosph\u00e4re geteilt.\u00a0<\/p>\t\t\t\t\t\t\t\t<\/div>\n\t\t\t\t<\/div>\n\t\t\t\t<\/div>\n\t\t\t\t<\/div>\n\t\t\t\t<\/div>\n\t\t\t\t<\/div>\n\t\t<div class=\"elementor-element elementor-element-df9d40e e-con-full e-flex e-con e-parent\" data-id=\"df9d40e\" data-element_type=\"container\" data-e-type=\"container\" data-settings=\"{&quot;background_background&quot;:&quot;classic&quot;}\">\n\t\t<div class=\"elementor-element elementor-element-ca8ec73 e-con-full events-bloc-toright e-flex e-con e-child\" data-id=\"ca8ec73\" data-element_type=\"container\" data-e-type=\"container\">\n\t\t<div class=\"elementor-element elementor-element-b9b0f15 e-con-full e-flex e-con e-child\" data-id=\"b9b0f15\" data-element_type=\"container\" data-e-type=\"container\">\n\t\t<div class=\"elementor-element elementor-element-9e0da7d e-con-full e-flex e-con e-child\" data-id=\"9e0da7d\" data-element_type=\"container\" data-e-type=\"container\">\n\t\t\t\t<div class=\"elementor-element elementor-element-bbdcfb3 events-title-1 elementor-widget elementor-widget-heading\" data-id=\"bbdcfb3\" data-element_type=\"widget\" data-e-type=\"widget\" data-widget_type=\"heading.default\">\n\t\t\t\t<div class=\"elementor-widget-container\">\n\t\t\t\t\t<h2 class=\"elementor-heading-title elementor-size-default\">Ein Aufenthalt 100 % Bretonisch: ein Tag in Saint-Quay Portrieux\u00a0<\/h2>\t\t\t\t<\/div>\n\t\t\t\t<\/div>\n\t\t\t\t<div class=\"elementor-element elementor-element-3af30e3 elementor-widget__width-initial events-txt elementor-widget elementor-widget-text-editor\" data-id=\"3af30e3\" data-element_type=\"widget\" data-e-type=\"widget\" data-widget_type=\"text-editor.default\">\n\t\t\t\t<div class=\"elementor-widget-container\">\n\t\t\t\t\t\t\t\t\t<p data-pm-slice=\"1 1 []\">Wenn Sie sich fragen, was Sie w\u00e4hrend Ihres Urlaubs in der Bretagne in Saint Quay Portrieux unternehmen k\u00f6nnen, werden Sie viele Gr\u00fcnde finden, sich in den Charme dieser Region zu verlieben. Angefangen mit der gro\u00dfz\u00fcgigen Gastronomie. In der Gemeinde gibt es nicht weniger als 20 Restaurants, von denen die meisten typische regionale Gerichte anbieten. Es gibt nichts Besseres als einen Buchweizenkuchen und ein Sch\u00e4lchen Cidre in den kopfsteingepflasterten Gassen der Altstadt. Eine weitere kulinarische Attraktion sind Meeresfr\u00fcchte, denn Saint Quay Portrieux ist eine der Hauptst\u00e4dte der Jakobsmuschel. Jeden Morgen herrscht am Hafen Hochbetrieb: Die bunten Trawler dr\u00e4ngen sich und laden ihre kostbare Fracht ab. Bretonische Stimmung ist garantiert. In Saint Quay Portrieux findet jedes Jahr im April sogar das Fest der Jakobsmuschel statt! Auf dem Programm stehen Verkostungen, Konzerte und Begegnungen mit den Fischern. Kennen Sie unter den Wundern des Badeortes <a href=\"https:\/\/www.ker-moor.com\/de\/erfahrungen\/naturschwimmbad-von-saint-quay-portrieux\/\"><u>das Meerwasserschwimmbad<\/u><\/a> am Strand des Kasinos? Dieser Ort ist einzigartig in Frankreich und ein Muss f\u00fcr die Region. Das felsige Becken f\u00fcllt und leert sich im Rhythmus der Gezeiten. Sobald die Temperaturen es erlauben, kann man dort in aller Sicherheit baden. Um Ihren 100 %-Tag in der Bretagne perfekt zu machen, ziehen Sie Ihre Turnschuhe an und begeben Sie sich auf den Pfad der Z\u00f6llner. Dieser vollst\u00e4ndig ausgeschilderte Weg (GR 34) f\u00fchrt an den schwarzen Klippen entlang und bietet Aussichtspunkte mit einem Orientierungstisch \u00fcber die gesamte Bucht.<\/p>\t\t\t\t\t\t\t\t<\/div>\n\t\t\t\t<\/div>\n\t\t\t\t<\/div>\n\t\t<div class=\"elementor-element elementor-element-7d3ccdf e-con-full e-flex e-con e-child\" data-id=\"7d3ccdf\" data-element_type=\"container\" data-e-type=\"container\">\n\t\t\t\t<div class=\"elementor-element elementor-element-62334e4 elementor-widget-tablet__width-inherit elementor-widget elementor-widget-image\" data-id=\"62334e4\" data-element_type=\"widget\" data-e-type=\"widget\" data-widget_type=\"image.default\">\n\t\t\t\t<div class=\"elementor-widget-container\">\n\t\t\t\t\t\t\t\t\t\t\t\t\t\t\t<img loading=\"lazy\" decoding=\"async\" width=\"2560\" height=\"1920\" src=\"https:\/\/www.ker-moor.com\/wp-content\/uploads\/2024\/10\/piscine-naturelle-Saint-Quay-Portrieux-scaled.jpg\" class=\"attachment-full size-full wp-image-3358\" alt=\"\" srcset=\"https:\/\/www.ker-moor.com\/wp-content\/uploads\/2024\/10\/piscine-naturelle-Saint-Quay-Portrieux-scaled.jpg 2560w, https:\/\/www.ker-moor.com\/wp-content\/uploads\/2024\/10\/piscine-naturelle-Saint-Quay-Portrieux-300x225.jpg 300w, https:\/\/www.ker-moor.com\/wp-content\/uploads\/2024\/10\/piscine-naturelle-Saint-Quay-Portrieux-1024x768.jpg 1024w, https:\/\/www.ker-moor.com\/wp-content\/uploads\/2024\/10\/piscine-naturelle-Saint-Quay-Portrieux-768x576.jpg 768w, https:\/\/www.ker-moor.com\/wp-content\/uploads\/2024\/10\/piscine-naturelle-Saint-Quay-Portrieux-1536x1152.jpg 1536w, https:\/\/www.ker-moor.com\/wp-content\/uploads\/2024\/10\/piscine-naturelle-Saint-Quay-Portrieux-2048x1536.jpg 2048w, https:\/\/www.ker-moor.com\/wp-content\/uploads\/2024\/10\/piscine-naturelle-Saint-Quay-Portrieux-16x12.jpg 16w\" sizes=\"(max-width: 2560px) 100vw, 2560px\" title=\"\">\t\t\t\t\t\t\t\t\t\t\t\t\t\t\t<\/div>\n\t\t\t\t<\/div>\n\t\t\t\t<\/div>\n\t\t\t\t<\/div>\n\t\t\t\t<\/div>\n\t\t\t\t<\/div>\n\t\t\t\t<\/div>","protected":false},"excerpt":{"rendered":"<p>Que faire \u00e0 Saint-Quay-Portrieux ? Charmant petit bourg au bord de la Manche, Saint Quay Portrieux est la destination parfaite pour un s\u00e9jour ressour\u00e7ant en Bretagne. Situ\u00e9e entre Paimpol et Saint-Brieuc, la station baln\u00e9aire de 3000 habitants n&rsquo;a rien \u00e0 envier \u00e0 ses c\u00e9l\u00e8bres voisines. Port de p\u00eache influent, port de plaisance moderne, plages de [&hellip;]<\/p>\n","protected":false},"author":11,"featured_media":0,"parent":0,"menu_order":0,"comment_status":"closed","ping_status":"closed","template":"","meta":{"inline_featured_image":false,"footnotes":""},"class_list":["post-3349","page","type-page","status-publish","hentry"],"_links":{"self":[{"href":"https:\/\/www.ker-moor.com\/de\/wp-json\/wp\/v2\/pages\/3349","targetHints":{"allow":["GET"]}}],"collection":[{"href":"https:\/\/www.ker-moor.com\/de\/wp-json\/wp\/v2\/pages"}],"about":[{"href":"https:\/\/www.ker-moor.com\/de\/wp-json\/wp\/v2\/types\/page"}],"author":[{"embeddable":true,"href":"https:\/\/www.ker-moor.com\/de\/wp-json\/wp\/v2\/users\/11"}],"replies":[{"embeddable":true,"href":"https:\/\/www.ker-moor.com\/de\/wp-json\/wp\/v2\/comments?post=3349"}],"version-history":[{"count":8,"href":"https:\/\/www.ker-moor.com\/de\/wp-json\/wp\/v2\/pages\/3349\/revisions"}],"predecessor-version":[{"id":3361,"href":"https:\/\/www.ker-moor.com\/de\/wp-json\/wp\/v2\/pages\/3349\/revisions\/3361"}],"wp:attachment":[{"href":"https:\/\/www.ker-moor.com\/de\/wp-json\/wp\/v2\/media?parent=3349"}],"curies":[{"name":"wp","href":"https:\/\/api.w.org\/{rel}","templated":true}]}}