{"id":3084,"date":"2024-07-02T09:25:03","date_gmt":"2024-07-02T07:25:03","guid":{"rendered":"https:\/\/www.ker-moor.com\/?page_id=3084"},"modified":"2024-07-15T12:51:43","modified_gmt":"2024-07-15T10:51:43","slug":"saint-quay-portrieux-hotel","status":"publish","type":"page","link":"https:\/\/www.ker-moor.com\/de\/saint-quay-portrieux-hotel\/","title":{"rendered":"Saint-Quay-Portrieux Hotel"},"content":{"rendered":"<div data-elementor-type=\"wp-page\" data-elementor-id=\"3084\" class=\"elementor elementor-3084\" data-elementor-post-type=\"page\">\n\t\t\t\t<div class=\"elementor-element elementor-element-2d2a34a9 e-con-full e-flex e-con e-parent\" data-id=\"2d2a34a9\" data-element_type=\"container\" data-e-type=\"container\" data-settings=\"{&quot;background_background&quot;:&quot;classic&quot;}\">\n\t\t<div class=\"elementor-element elementor-element-37e1f51b e-flex e-con-boxed e-con e-child\" data-id=\"37e1f51b\" data-element_type=\"container\" data-e-type=\"container\">\n\t\t\t\t\t<div class=\"e-con-inner\">\n\t\t\t\t<div class=\"elementor-element elementor-element-6c1d87f7 elementor-widget-mobile__width-initial elementor-widget elementor-widget-image\" data-id=\"6c1d87f7\" data-element_type=\"widget\" data-e-type=\"widget\" data-widget_type=\"image.default\">\n\t\t\t\t<div class=\"elementor-widget-container\">\n\t\t\t\t\t\t\t\t\t\t\t\t\t\t\t<img decoding=\"async\" width=\"76\" height=\"39\" src=\"https:\/\/www.ker-moor.com\/wp-content\/uploads\/2024\/02\/pics-gauche.png\" class=\"attachment-full size-full wp-image-171\" alt=\"\" srcset=\"https:\/\/www.ker-moor.com\/wp-content\/uploads\/2024\/02\/pics-gauche.png 76w, https:\/\/www.ker-moor.com\/wp-content\/uploads\/2024\/02\/pics-gauche-18x9.png 18w\" sizes=\"(max-width: 76px) 100vw, 76px\" title=\"\">\t\t\t\t\t\t\t\t\t\t\t\t\t\t\t<\/div>\n\t\t\t\t<\/div>\n\t\t\t\t<div class=\"elementor-element elementor-element-111d7335 elementor-widget elementor-widget-heading\" data-id=\"111d7335\" data-element_type=\"widget\" data-e-type=\"widget\" data-widget_type=\"heading.default\">\n\t\t\t\t<div class=\"elementor-widget-container\">\n\t\t\t\t\t<h1 class=\"elementor-heading-title elementor-size-default\">Saint-Quay-Portrieux Hotel<\/h1>\t\t\t\t<\/div>\n\t\t\t\t<\/div>\n\t\t\t\t<div class=\"elementor-element elementor-element-3b02a283 elementor-widget-mobile__width-initial elementor-widget elementor-widget-image\" data-id=\"3b02a283\" data-element_type=\"widget\" data-e-type=\"widget\" data-widget_type=\"image.default\">\n\t\t\t\t<div class=\"elementor-widget-container\">\n\t\t\t\t\t\t\t\t\t\t\t\t\t\t\t<img decoding=\"async\" width=\"76\" height=\"39\" src=\"https:\/\/www.ker-moor.com\/wp-content\/uploads\/2024\/02\/pics-droite.png\" class=\"attachment-full size-full wp-image-170\" alt=\"\" srcset=\"https:\/\/www.ker-moor.com\/wp-content\/uploads\/2024\/02\/pics-droite.png 76w, https:\/\/www.ker-moor.com\/wp-content\/uploads\/2024\/02\/pics-droite-18x9.png 18w\" sizes=\"(max-width: 76px) 100vw, 76px\" title=\"\">\t\t\t\t\t\t\t\t\t\t\t\t\t\t\t<\/div>\n\t\t\t\t<\/div>\n\t\t\t\t\t<\/div>\n\t\t\t\t<\/div>\n\t\t\t\t<\/div>\n\t\t<div class=\"elementor-element elementor-element-7ca07d99 e-flex e-con-boxed e-con e-parent\" data-id=\"7ca07d99\" data-element_type=\"container\" data-e-type=\"container\">\n\t\t\t\t\t<div class=\"e-con-inner\">\n\t\t<div class=\"elementor-element elementor-element-2e6b8a08 e-con-full e-flex e-con e-child\" data-id=\"2e6b8a08\" data-element_type=\"container\" data-e-type=\"container\">\n\t\t<div class=\"elementor-element elementor-element-59b3479d e-flex e-con-boxed e-con e-child\" data-id=\"59b3479d\" data-element_type=\"container\" data-e-type=\"container\" data-settings=\"{&quot;background_background&quot;:&quot;classic&quot;}\">\n\t\t\t\t\t<div class=\"e-con-inner\">\n\t\t\t\t<div class=\"elementor-element elementor-element-21da33ba elementor-widget elementor-widget-heading\" data-id=\"21da33ba\" data-element_type=\"widget\" data-e-type=\"widget\" data-widget_type=\"heading.default\">\n\t\t\t\t<div class=\"elementor-widget-container\">\n\t\t\t\t\t<h2 class=\"elementor-heading-title elementor-size-default\">Saint Quay Portieux und das Hotel Ker Moor erwarten Sie zum Staunen<\/h2>\t\t\t\t<\/div>\n\t\t\t\t<\/div>\n\t\t\t\t\t<\/div>\n\t\t\t\t<\/div>\n\t\t\t\t<div class=\"elementor-element elementor-element-41932d4f elementor-widget__width-initial elementor-widget elementor-widget-text-editor\" data-id=\"41932d4f\" data-element_type=\"widget\" data-e-type=\"widget\" data-widget_type=\"text-editor.default\">\n\t\t\t\t<div class=\"elementor-widget-container\">\n\t\t\t\t\t\t\t\t\t<p data-pm-slice=\"1 1 []\">Saint Quay Portrieux und das Hotel Ker Moor sind zwei unverzichtbare Zwischenstopps bei einem Aufenthalt an der Go\u00eblo-K\u00fcste in der Bretagne. Diese kleine Hafenstadt birgt viele \u00dcberraschungen: eine Auktion, auf der die besten Jakobsmuscheln der Region verkauft werden, ein Meerwasserschwimmbad und sogar eine Schatzinsel. Das 4-Sterne-Hotel befindet sich in einer traumhaften Lage, um von diesen Wundern zu profitieren. Sie werden Ihren Aufenthalt in dieser charmanten K\u00fcstenstadt zwischen Paimpol und Saint-Brieuc nicht bereuen!<\/p>\t\t\t\t\t\t\t\t<\/div>\n\t\t\t\t<\/div>\n\t\t\t\t<\/div>\n\t\t\t\t\t<\/div>\n\t\t\t\t<\/div>\n\t\t<div class=\"elementor-element elementor-element-3b508916 e-con-full e-flex e-con e-parent\" data-id=\"3b508916\" data-element_type=\"container\" data-e-type=\"container\" data-settings=\"{&quot;background_background&quot;:&quot;classic&quot;}\">\n\t\t<div class=\"elementor-element elementor-element-1faf51e8 e-con-full events-bloc-toright e-flex e-con e-child\" data-id=\"1faf51e8\" data-element_type=\"container\" data-e-type=\"container\">\n\t\t<div class=\"elementor-element elementor-element-22cf95ea e-con-full e-flex e-con e-child\" data-id=\"22cf95ea\" data-element_type=\"container\" data-e-type=\"container\">\n\t\t<div class=\"elementor-element elementor-element-5fe2e1c e-con-full e-flex e-con e-child\" data-id=\"5fe2e1c\" data-element_type=\"container\" data-e-type=\"container\">\n\t\t\t\t<div class=\"elementor-element elementor-element-3bbaa6bc events-title-1 elementor-widget elementor-widget-heading\" data-id=\"3bbaa6bc\" data-element_type=\"widget\" data-e-type=\"widget\" data-widget_type=\"heading.default\">\n\t\t\t\t<div class=\"elementor-widget-container\">\n\t\t\t\t\t<h2 class=\"elementor-heading-title elementor-size-default\">Saint Quay Portrieux: Hafenstadt und Badeort<\/h2>\t\t\t\t<\/div>\n\t\t\t\t<\/div>\n\t\t\t\t<div class=\"elementor-element elementor-element-18aa36af elementor-widget__width-initial events-txt elementor-widget elementor-widget-text-editor\" data-id=\"18aa36af\" data-element_type=\"widget\" data-e-type=\"widget\" data-widget_type=\"text-editor.default\">\n\t\t\t\t<div class=\"elementor-widget-container\">\n\t\t\t\t\t\t\t\t\t<p data-pm-slice=\"1 1 []\">Saint Quay Portrieux wurde an steilen H\u00e4ngen errichtet und liegt nur 20 Minuten von der ber\u00fchmten bretonischen Stadt Saint-Brieuc entfernt. Diese kleine Gemeinde mit 3000 Einwohnern k\u00f6nnte leicht \u00fcbersehen werden. Es w\u00e4re jedoch schade, wenn Sie hier nicht Halt machen w\u00fcrden. Und das aus gutem Grund: Auf halbem Weg zwischen einem ruhigen Badeort und einer dynamischen Hafenstadt bietet sie eine unber\u00fchrte nat\u00fcrliche Umgebung f\u00fcr einen mehrt\u00e4gigen Aufenthalt. Der Jachthafen ist eine Attraktion f\u00fcr sich. Mit mehr als 1000 Anlegepl\u00e4tzen ist es ein unaufh\u00f6rliches Schauspiel des Kommens und Gehens, das sich zu jeder Stunde abspielt. Am fr\u00fchen Morgen kann man einer anderen Szene beiwohnen: der Ausschiffung der Fischer. Das ist, ohne zu z\u00f6gern, der beste Weg, um in die bretonische 100%-Atmosph\u00e4re einzutauchen: Der Hafen verwandelt sich in einen frischen Markt f\u00fcr Fisch und Schalentiere. Einige Stunden nach diesen fr\u00f6hlichen Versteigerungen kehrt Ruhe ein und macht Platz f\u00fcr die verschiedenen Wassersportaktivit\u00e4ten. Das Hotel de Ker Moor liegt etwa 15 Gehminuten von der Anlegestelle in Saint Quay Portrieux entfernt, von der aus Segel- und Motorboote gef\u00fchrte Ausfl\u00fcge in die Bucht organisieren. Die zahlreichen Str\u00e4nde der Stadt bieten ein breites Spektrum an Freizeitaktivit\u00e4ten f\u00fcr die ganze Familie. Der Strand des Casinos, der nur 10 Minuten zu Fu\u00df von Ker Moor entfernt liegt, ist eine einzigartige Attraktion in Frankreich: <a href=\"https:\/\/www.ker-moor.com\/de\/erfahrungen\/naturschwimmbad-von-saint-quay-portrieux\/\">ein Meerwasserschwimmbad mit Sprungbrett<\/a>. Unbedingt machen!<\/p>\t\t\t\t\t\t\t\t<\/div>\n\t\t\t\t<\/div>\n\t\t\t\t<\/div>\n\t\t<div class=\"elementor-element elementor-element-595bb0df e-con-full e-flex e-con e-child\" data-id=\"595bb0df\" data-element_type=\"container\" data-e-type=\"container\">\n\t\t\t\t<div class=\"elementor-element elementor-element-5a0f468b elementor-widget-tablet__width-inherit elementor-widget elementor-widget-image\" data-id=\"5a0f468b\" data-element_type=\"widget\" data-e-type=\"widget\" data-widget_type=\"image.default\">\n\t\t\t\t<div class=\"elementor-widget-container\">\n\t\t\t\t\t\t\t\t\t\t\t\t\t\t\t<img fetchpriority=\"high\" decoding=\"async\" width=\"2560\" height=\"1707\" src=\"https:\/\/www.ker-moor.com\/wp-content\/uploads\/2024\/04\/reduit-13-scaled.jpg\" class=\"attachment-full size-full wp-image-2852\" alt=\"Hotel Ker Moor aus der Ferne aus der Luft - hotel saint quay portrieux\" srcset=\"https:\/\/www.ker-moor.com\/wp-content\/uploads\/2024\/04\/reduit-13-scaled.jpg 2560w, https:\/\/www.ker-moor.com\/wp-content\/uploads\/2024\/04\/reduit-13-300x200.jpg 300w, https:\/\/www.ker-moor.com\/wp-content\/uploads\/2024\/04\/reduit-13-1024x683.jpg 1024w, https:\/\/www.ker-moor.com\/wp-content\/uploads\/2024\/04\/reduit-13-768x512.jpg 768w, https:\/\/www.ker-moor.com\/wp-content\/uploads\/2024\/04\/reduit-13-1536x1024.jpg 1536w, https:\/\/www.ker-moor.com\/wp-content\/uploads\/2024\/04\/reduit-13-2048x1365.jpg 2048w, https:\/\/www.ker-moor.com\/wp-content\/uploads\/2024\/04\/reduit-13-18x12.jpg 18w\" sizes=\"(max-width: 2560px) 100vw, 2560px\" title=\"\">\t\t\t\t\t\t\t\t\t\t\t\t\t\t\t<\/div>\n\t\t\t\t<\/div>\n\t\t\t\t<\/div>\n\t\t\t\t<\/div>\n\t\t\t\t<\/div>\n\t\t<div class=\"elementor-element elementor-element-37cd6c13 e-con-full events-bloc-toleft e-flex e-con e-child\" data-id=\"37cd6c13\" data-element_type=\"container\" data-e-type=\"container\">\n\t\t<div class=\"elementor-element elementor-element-c098364 e-con-full e-flex e-con e-child\" data-id=\"c098364\" data-element_type=\"container\" data-e-type=\"container\">\n\t\t<div class=\"elementor-element elementor-element-42d756ca e-con-full e-flex e-con e-child\" data-id=\"42d756ca\" data-element_type=\"container\" data-e-type=\"container\">\n\t\t\t\t<div class=\"elementor-element elementor-element-6491f9c elementor-widget-tablet__width-inherit elementor-widget elementor-widget-image\" data-id=\"6491f9c\" data-element_type=\"widget\" data-e-type=\"widget\" data-widget_type=\"image.default\">\n\t\t\t\t<div class=\"elementor-widget-container\">\n\t\t\t\t\t\t\t\t\t\t\t\t\t\t\t<img loading=\"lazy\" decoding=\"async\" width=\"1707\" height=\"2560\" src=\"https:\/\/www.ker-moor.com\/wp-content\/uploads\/2024\/04\/Chambre-Confort-Terrasse-Vue-Mer-a-lHotel-Ker-Moor-Preference-SAINT-QUAY-PORTRIEUX-COTES-DARMOR-BRETAGNE-11-scaled.jpg\" class=\"attachment-full size-full wp-image-2660\" alt=\"Terrasse mit Meerblick des Komfortzimmers des Hotels Ker Moor Saint Quay\" srcset=\"https:\/\/www.ker-moor.com\/wp-content\/uploads\/2024\/04\/Chambre-Confort-Terrasse-Vue-Mer-a-lHotel-Ker-Moor-Preference-SAINT-QUAY-PORTRIEUX-COTES-DARMOR-BRETAGNE-11-scaled.jpg 1707w, https:\/\/www.ker-moor.com\/wp-content\/uploads\/2024\/04\/Chambre-Confort-Terrasse-Vue-Mer-a-lHotel-Ker-Moor-Preference-SAINT-QUAY-PORTRIEUX-COTES-DARMOR-BRETAGNE-11-200x300.jpg 200w, https:\/\/www.ker-moor.com\/wp-content\/uploads\/2024\/04\/Chambre-Confort-Terrasse-Vue-Mer-a-lHotel-Ker-Moor-Preference-SAINT-QUAY-PORTRIEUX-COTES-DARMOR-BRETAGNE-11-683x1024.jpg 683w, https:\/\/www.ker-moor.com\/wp-content\/uploads\/2024\/04\/Chambre-Confort-Terrasse-Vue-Mer-a-lHotel-Ker-Moor-Preference-SAINT-QUAY-PORTRIEUX-COTES-DARMOR-BRETAGNE-11-768x1152.jpg 768w, https:\/\/www.ker-moor.com\/wp-content\/uploads\/2024\/04\/Chambre-Confort-Terrasse-Vue-Mer-a-lHotel-Ker-Moor-Preference-SAINT-QUAY-PORTRIEUX-COTES-DARMOR-BRETAGNE-11-1024x1536.jpg 1024w, https:\/\/www.ker-moor.com\/wp-content\/uploads\/2024\/04\/Chambre-Confort-Terrasse-Vue-Mer-a-lHotel-Ker-Moor-Preference-SAINT-QUAY-PORTRIEUX-COTES-DARMOR-BRETAGNE-11-1365x2048.jpg 1365w, https:\/\/www.ker-moor.com\/wp-content\/uploads\/2024\/04\/Chambre-Confort-Terrasse-Vue-Mer-a-lHotel-Ker-Moor-Preference-SAINT-QUAY-PORTRIEUX-COTES-DARMOR-BRETAGNE-11-8x12.jpg 8w\" sizes=\"(max-width: 1707px) 100vw, 1707px\" title=\"\">\t\t\t\t\t\t\t\t\t\t\t\t\t\t\t<\/div>\n\t\t\t\t<\/div>\n\t\t\t\t<\/div>\n\t\t<div class=\"elementor-element elementor-element-34c31bd9 e-con-full e-flex e-con e-child\" data-id=\"34c31bd9\" data-element_type=\"container\" data-e-type=\"container\">\n\t\t\t\t<div class=\"elementor-element elementor-element-3d41fa96 events-title-1 elementor-widget elementor-widget-heading\" data-id=\"3d41fa96\" data-element_type=\"widget\" data-e-type=\"widget\" data-widget_type=\"heading.default\">\n\t\t\t\t<div class=\"elementor-widget-container\">\n\t\t\t\t\t<h2 class=\"elementor-heading-title elementor-size-default\">Saint Quay Portrieux und das Hotel Ker Moor: ein atypischer Rahmen mit Blick auf das Meer\u00a0<\/h2>\t\t\t\t<\/div>\n\t\t\t\t<\/div>\n\t\t\t\t<div class=\"elementor-element elementor-element-72f1e709 elementor-widget__width-initial events-txt  elementor-widget elementor-widget-text-editor\" data-id=\"72f1e709\" data-element_type=\"widget\" data-e-type=\"widget\" data-widget_type=\"text-editor.default\">\n\t\t\t\t<div class=\"elementor-widget-container\">\n\t\t\t\t\t\t\t\t\t<p data-pm-slice=\"1 1 []\">Wenn Sie im Hotel Ker Moor ankommen, k\u00f6nnen Sie unm\u00f6glich ein seltsames Geb\u00e4ude \u00fcbersehen, das wie das Ende der Welt aussieht. Es handelt sich um das Ch\u00e2teau de Calan und wirft bei den Neugierigen, die daran vorbeigehen, viele Fragen auf! Das Schloss wurde 1880 von einem franz\u00f6sischen Diplomaten erbaut, der von einer Reise in den Nahen Osten zur\u00fcckkehrte. 100 Jahre sp\u00e4ter wurde am Fu\u00dfe des Geb\u00e4udes das Hotel de Ker Moor, das \"Haus des Meeres\", errichtet, nachdem es vor dem Abriss bewahrt worden war. In dieser Kulisse von Saint Quay Portrieux bietet das Hotel Folgendes <a href=\"https:\/\/www.ker-moor.com\/de\/zimmer-hotel-saint-quay-portrieux-meerblick\/\">30 Zimmer<\/a> davon 27 mit Meerblick, einige verf\u00fcgen auch \u00fcber einen Balkon, damit Sie diesen in vollen Z\u00fcgen genie\u00dfen k\u00f6nnen. Obwohl die Aussicht sich selbst gen\u00fcgt, versch\u00f6nern zahlreiche Dienstleistungen und R\u00e4umlichkeiten den Aufenthalt der G\u00e4ste in der Unterkunft. Der Pool, der sich im eleganten Garten befindet, ist w\u00e4hrend der gesamten Sommersaison (von Mitte Mai bis Mitte September) beheizt. Das Ger\u00e4usch der Wellen, die sich an dem felsigen Vorgebirge unter Ihnen brechen, begleitet Ihren Moment der Entspannung. Um dieses Panorama noch mehr zu genie\u00dfen, bietet der <a href=\"https:\/\/www.ker-moor.com\/de\/rooftop-hotel-bretagne-meerblick\/\">rooftop<\/a> Wie ein Wachturm ist er ein idealer Ort, um den ununterbrochenen Schiffsverkehr und den Sonnenuntergang zu beobachten.<\/p>\t\t\t\t\t\t\t\t<\/div>\n\t\t\t\t<\/div>\n\t\t\t\t<\/div>\n\t\t\t\t<\/div>\n\t\t\t\t<\/div>\n\t\t\t\t<\/div>\n\t\t<div class=\"elementor-element elementor-element-df9d40e e-con-full e-flex e-con e-parent\" data-id=\"df9d40e\" data-element_type=\"container\" data-e-type=\"container\" data-settings=\"{&quot;background_background&quot;:&quot;classic&quot;}\">\n\t\t<div class=\"elementor-element elementor-element-ca8ec73 e-con-full events-bloc-toright e-flex e-con e-child\" data-id=\"ca8ec73\" data-element_type=\"container\" data-e-type=\"container\">\n\t\t<div class=\"elementor-element elementor-element-b9b0f15 e-con-full e-flex e-con e-child\" data-id=\"b9b0f15\" data-element_type=\"container\" data-e-type=\"container\">\n\t\t<div class=\"elementor-element elementor-element-9e0da7d e-con-full e-flex e-con e-child\" data-id=\"9e0da7d\" data-element_type=\"container\" data-e-type=\"container\">\n\t\t\t\t<div class=\"elementor-element elementor-element-bbdcfb3 events-title-1 elementor-widget elementor-widget-heading\" data-id=\"bbdcfb3\" data-element_type=\"widget\" data-e-type=\"widget\" data-widget_type=\"heading.default\">\n\t\t\t\t<div class=\"elementor-widget-container\">\n\t\t\t\t\t<h2 class=\"elementor-heading-title elementor-size-default\">Ein au\u00dfergew\u00f6hnliches Naturerbe nur wenige Schritte vom Hotel Ker Moor entfernt<\/h2>\t\t\t\t<\/div>\n\t\t\t\t<\/div>\n\t\t\t\t<div class=\"elementor-element elementor-element-3af30e3 elementor-widget__width-initial events-txt elementor-widget elementor-widget-text-editor\" data-id=\"3af30e3\" data-element_type=\"widget\" data-e-type=\"widget\" data-widget_type=\"text-editor.default\">\n\t\t\t\t<div class=\"elementor-widget-container\">\n\t\t\t\t\t\t\t\t\t<p data-pm-slice=\"1 1 []\">Ker Moor, dieses \"Haus am Meer\", genie\u00dft eine ideale Lage f\u00fcr einen authentischen Aufenthalt in der bretonischen Region. Die Stadt ist nicht gro\u00df, bietet aber zahlreiche Routen, um die Wunder der K\u00fcsten von Go\u00eblo zu entdecken. Durch Saint Quay Portrieux und das Hotel f\u00fchrt der <a href=\"https:\/\/www.ker-moor.com\/de\/erfahrungen\/gr-34-sentier-des-douaniers-bretagne\/\">GR 34<\/a> der ein markierter und gesicherter Wanderweg ist. Er erm\u00f6glicht unter anderem den Zugang zur Semaphor-Spitze, die einen 360\u00b0-\u00dcberblick \u00fcber ganz <a href=\"https:\/\/www.ker-moor.com\/de\/erfahrungen\/bucht-von-saint-brieuc\/\">die Bucht von Saint-Brieuc<\/a>. Ein Orientierungstisch hilft Ihnen, sich zwischen all den Inseln, die die Landschaft bilden, zurechtzufinden. Von den Zimmern des Hotels aus werden Sie das kleine St\u00fcck Land bemerken, das sich direkt gegen\u00fcber befindet. Das ist \".\u00a0<a href=\"https:\/\/www.ker-moor.com\/de\/erfahrungen\/grafinneninsel\/\">die Insel der Gr\u00e4fin<\/a> \", bei Ebbe k\u00f6nnen Sie sie zu Fu\u00df erreichen, es ist eine romantische Erkundung, die Sie ohne zu z\u00f6gern machen sollten! In seinem Zentrum befinden sich Ruinen, die \u00dcberreste von botanischen Gem\u00fcseg\u00e4rten, die mehrere Jahrhunderte alt sind. Zur\u00fcck auf dem Festland bietet die Rezeption den Verleih von Elektrofahrr\u00e4dern an. So haben Sie die M\u00f6glichkeit, die Stra\u00dfen der Region zu erkunden und die wilde Sch\u00f6nheit der Bretagne zu entdecken.<\/p>\t\t\t\t\t\t\t\t<\/div>\n\t\t\t\t<\/div>\n\t\t\t\t<\/div>\n\t\t<div class=\"elementor-element elementor-element-7d3ccdf e-con-full e-flex e-con e-child\" data-id=\"7d3ccdf\" data-element_type=\"container\" data-e-type=\"container\">\n\t\t\t\t<div class=\"elementor-element elementor-element-62334e4 elementor-widget-tablet__width-inherit elementor-widget elementor-widget-image\" data-id=\"62334e4\" data-element_type=\"widget\" data-e-type=\"widget\" data-widget_type=\"image.default\">\n\t\t\t\t<div class=\"elementor-widget-container\">\n\t\t\t\t\t\t\t\t\t\t\t\t\t\t\t<img loading=\"lazy\" decoding=\"async\" width=\"2121\" height=\"1413\" src=\"https:\/\/www.ker-moor.com\/wp-content\/uploads\/2024\/07\/Saint-Quay-Portrieux.jpg\" class=\"attachment-full size-full wp-image-3090\" alt=\"Blick auf Saint Quay Portrieux Hotel\" srcset=\"https:\/\/www.ker-moor.com\/wp-content\/uploads\/2024\/07\/Saint-Quay-Portrieux.jpg 2121w, https:\/\/www.ker-moor.com\/wp-content\/uploads\/2024\/07\/Saint-Quay-Portrieux-300x200.jpg 300w, https:\/\/www.ker-moor.com\/wp-content\/uploads\/2024\/07\/Saint-Quay-Portrieux-1024x682.jpg 1024w, https:\/\/www.ker-moor.com\/wp-content\/uploads\/2024\/07\/Saint-Quay-Portrieux-768x512.jpg 768w, https:\/\/www.ker-moor.com\/wp-content\/uploads\/2024\/07\/Saint-Quay-Portrieux-1536x1023.jpg 1536w, https:\/\/www.ker-moor.com\/wp-content\/uploads\/2024\/07\/Saint-Quay-Portrieux-2048x1364.jpg 2048w, https:\/\/www.ker-moor.com\/wp-content\/uploads\/2024\/07\/Saint-Quay-Portrieux-18x12.jpg 18w\" sizes=\"(max-width: 2121px) 100vw, 2121px\" title=\"\">\t\t\t\t\t\t\t\t\t\t\t\t\t\t\t<\/div>\n\t\t\t\t<\/div>\n\t\t\t\t<\/div>\n\t\t\t\t<\/div>\n\t\t\t\t<\/div>\n\t\t\t\t<\/div>\n\t\t\t\t<\/div>","protected":false},"excerpt":{"rendered":"<p>Saint-Quay-Portrieux H\u00f4tel Saint Quay Portieux et l&rsquo;h\u00f4tel Ker Moor vous attendent pour vous \u00e9merveiller Saint Quay Portrieux et l&rsquo;h\u00f4tel Ker Moor sont deux escales indispensables lors d&rsquo;un s\u00e9jour sur la c\u00f4te du Go\u00eblo, en Bretagne. Cette petite cit\u00e9 portuaire rec\u00e8le de surprises\u00a0: une cri\u00e9e o\u00f9 l&rsquo;on vend les meilleures coquilles Saint-Jacques de la r\u00e9gion, une [&hellip;]<\/p>\n","protected":false},"author":11,"featured_media":0,"parent":0,"menu_order":0,"comment_status":"closed","ping_status":"closed","template":"","meta":{"inline_featured_image":false,"footnotes":""},"class_list":["post-3084","page","type-page","status-publish","hentry"],"_links":{"self":[{"href":"https:\/\/www.ker-moor.com\/de\/wp-json\/wp\/v2\/pages\/3084","targetHints":{"allow":["GET"]}}],"collection":[{"href":"https:\/\/www.ker-moor.com\/de\/wp-json\/wp\/v2\/pages"}],"about":[{"href":"https:\/\/www.ker-moor.com\/de\/wp-json\/wp\/v2\/types\/page"}],"author":[{"embeddable":true,"href":"https:\/\/www.ker-moor.com\/de\/wp-json\/wp\/v2\/users\/11"}],"replies":[{"embeddable":true,"href":"https:\/\/www.ker-moor.com\/de\/wp-json\/wp\/v2\/comments?post=3084"}],"version-history":[{"count":27,"href":"https:\/\/www.ker-moor.com\/de\/wp-json\/wp\/v2\/pages\/3084\/revisions"}],"predecessor-version":[{"id":3257,"href":"https:\/\/www.ker-moor.com\/de\/wp-json\/wp\/v2\/pages\/3084\/revisions\/3257"}],"wp:attachment":[{"href":"https:\/\/www.ker-moor.com\/de\/wp-json\/wp\/v2\/media?parent=3084"}],"curies":[{"name":"wp","href":"https:\/\/api.w.org\/{rel}","templated":true}]}}