{"id":2019,"date":"2024-03-13T14:38:15","date_gmt":"2024-03-13T13:38:15","guid":{"rendered":"https:\/\/www.ker-moor.com\/?page_id=2019"},"modified":"2024-04-23T12:00:35","modified_gmt":"2024-04-23T10:00:35","slug":"paimpol-und-ile-de-brehat-hotel","status":"publish","type":"page","link":"https:\/\/www.ker-moor.com\/de\/experiences-hotel-bord-de-mer-bretagne-nord\/paimpol-et-ile-de-brehat-hotel\/","title":{"rendered":"Paimpol &amp; \u00cele de Br\u00e9hat"},"content":{"rendered":"\t\t<div data-elementor-type=\"wp-page\" data-elementor-id=\"2019\" class=\"elementor elementor-2019\" data-elementor-post-type=\"page\">\n\t\t\t\t<div class=\"elementor-element elementor-element-51f9281c e-con-full e-flex e-con e-parent\" data-id=\"51f9281c\" data-element_type=\"container\" data-e-type=\"container\" data-settings=\"{&quot;background_background&quot;:&quot;classic&quot;}\">\n\t\t<div class=\"elementor-element elementor-element-11f12295 e-flex e-con-boxed e-con e-child\" data-id=\"11f12295\" data-element_type=\"container\" data-e-type=\"container\">\n\t\t\t\t\t<div class=\"e-con-inner\">\n\t\t\t\t<div class=\"elementor-element elementor-element-7e27367b elementor-widget-mobile__width-initial elementor-widget elementor-widget-image\" data-id=\"7e27367b\" data-element_type=\"widget\" data-e-type=\"widget\" data-widget_type=\"image.default\">\n\t\t\t\t<div class=\"elementor-widget-container\">\n\t\t\t\t\t\t\t\t\t\t\t\t\t\t\t<img decoding=\"async\" width=\"76\" height=\"39\" src=\"https:\/\/www.ker-moor.com\/wp-content\/uploads\/2024\/02\/pics-gauche.png\" class=\"attachment-full size-full wp-image-171\" alt=\"\" srcset=\"https:\/\/www.ker-moor.com\/wp-content\/uploads\/2024\/02\/pics-gauche.png 76w, https:\/\/www.ker-moor.com\/wp-content\/uploads\/2024\/02\/pics-gauche-18x9.png 18w\" sizes=\"(max-width: 76px) 100vw, 76px\" title=\"\">\t\t\t\t\t\t\t\t\t\t\t\t\t\t\t<\/div>\n\t\t\t\t<\/div>\n\t\t\t\t<div class=\"elementor-element elementor-element-1e332517 elementor-widget-mobile__width-initial elementor-widget elementor-widget-image\" data-id=\"1e332517\" data-element_type=\"widget\" data-e-type=\"widget\" data-widget_type=\"image.default\">\n\t\t\t\t<div class=\"elementor-widget-container\">\n\t\t\t\t\t\t\t\t\t\t\t\t\t\t\t<img decoding=\"async\" width=\"76\" height=\"39\" src=\"https:\/\/www.ker-moor.com\/wp-content\/uploads\/2024\/02\/pics-droite.png\" class=\"attachment-full size-full wp-image-170\" alt=\"\" srcset=\"https:\/\/www.ker-moor.com\/wp-content\/uploads\/2024\/02\/pics-droite.png 76w, https:\/\/www.ker-moor.com\/wp-content\/uploads\/2024\/02\/pics-droite-18x9.png 18w\" sizes=\"(max-width: 76px) 100vw, 76px\" title=\"\">\t\t\t\t\t\t\t\t\t\t\t\t\t\t\t<\/div>\n\t\t\t\t<\/div>\n\t\t\t\t\t<\/div>\n\t\t\t\t<\/div>\n\t\t\t\t<\/div>\n\t\t<div class=\"elementor-element elementor-element-22bf679c e-con-full e-flex e-con e-parent\" data-id=\"22bf679c\" data-element_type=\"container\" data-e-type=\"container\" data-settings=\"{&quot;background_background&quot;:&quot;classic&quot;}\">\n\t\t<div class=\"elementor-element elementor-element-8e9b0a5 e-con-full e-flex e-con e-child\" data-id=\"8e9b0a5\" data-element_type=\"container\" data-e-type=\"container\" data-settings=\"{&quot;background_background&quot;:&quot;classic&quot;}\">\n\t\t<div class=\"elementor-element elementor-element-6c6b4179 fixed-label_content e-flex e-con-boxed e-con e-child\" data-id=\"6c6b4179\" data-element_type=\"container\" data-e-type=\"container\">\n\t\t\t\t\t<div class=\"e-con-inner\">\n\t\t<div class=\"elementor-element elementor-element-483e7c59 e-con-full e-flex e-con e-child\" data-id=\"483e7c59\" data-element_type=\"container\" data-e-type=\"container\">\n\t\t\t\t<div class=\"elementor-element elementor-element-65a8fb0e elementor-widget elementor-widget-heading\" data-id=\"65a8fb0e\" data-element_type=\"widget\" data-e-type=\"widget\" data-widget_type=\"heading.default\">\n\t\t\t\t<div class=\"elementor-widget-container\">\n\t\t\t\t\t<h2 class=\"elementor-heading-title elementor-size-default\">Paimpol<\/h2>\t\t\t\t<\/div>\n\t\t\t\t<\/div>\n\t\t\t\t<div class=\"elementor-element elementor-element-5d9ca2df elementor-widget elementor-widget-heading\" data-id=\"5d9ca2df\" data-element_type=\"widget\" data-e-type=\"widget\" data-widget_type=\"heading.default\">\n\t\t\t\t<div class=\"elementor-widget-container\">\n\t\t\t\t\t<p class=\"elementor-heading-title elementor-size-default\">\u00cele de Br\u00e9hat<\/p>\t\t\t\t<\/div>\n\t\t\t\t<\/div>\n\t\t\t\t<\/div>\n\t\t\t\t<div class=\"elementor-element elementor-element-4714e49b elementor-widget elementor-widget-text-editor\" data-id=\"4714e49b\" data-element_type=\"widget\" data-e-type=\"widget\" data-widget_type=\"text-editor.default\">\n\t\t\t\t<div class=\"elementor-widget-container\">\n\t\t\t\t\t\t\t\t\t<p>\u00c0 l&rsquo;extr\u00e9mit\u00e9 de la c\u00f4te du Go\u00eblo, on retrouve la ville portuaire de Paimpol. Un lieu qui est ancr\u00e9 dans le patrimoine breton avec son magnifique port o\u00f9 des centaines de bateaux sont \u00e0 quai. Plus loin, on retrouve l\u2019\u00eele de Br\u00e9hat \u00e0 Ploubazlanec. Cette \u00eele est un incontournable de la Bretagne Nord : fleurie, ensoleill\u00e9e, une eau transparente, elle fait le charme de la destination.<\/p>\t\t\t\t\t\t\t\t<\/div>\n\t\t\t\t<\/div>\n\t\t\t\t\t<\/div>\n\t\t\t\t<\/div>\n\t\t\t\t<\/div>\n\t\t\t\t<\/div>\n\t\t<div class=\"elementor-element elementor-element-45d781ab e-flex e-con-boxed e-con e-parent\" data-id=\"45d781ab\" data-element_type=\"container\" data-e-type=\"container\" data-settings=\"{&quot;background_background&quot;:&quot;classic&quot;}\">\n\t\t\t\t\t<div class=\"e-con-inner\">\n\t\t\t\t<div class=\"elementor-element elementor-element-753bc9b3 elementor-arrows-position-outside elementor-widget__width-initial elementor-widget elementor-widget-n-carousel\" data-id=\"753bc9b3\" data-element_type=\"widget\" data-e-type=\"widget\" data-settings=\"{&quot;carousel_items&quot;:[{&quot;slide_title&quot;:&quot;Autre Destination&quot;,&quot;_id&quot;:&quot;15afb2d&quot;},{&quot;slide_title&quot;:&quot;Autre Destination&quot;,&quot;_id&quot;:&quot;c7be1cd&quot;},{&quot;slide_title&quot;:&quot;Autre Destination&quot;,&quot;_id&quot;:&quot;9fe4b35&quot;},{&quot;slide_title&quot;:&quot;Autre Destination&quot;,&quot;_id&quot;:&quot;4bceb6e&quot;},{&quot;slide_title&quot;:&quot;Autre Destination&quot;,&quot;_id&quot;:&quot;819c2d5&quot;},{&quot;slide_title&quot;:&quot;Autre Destination&quot;,&quot;_id&quot;:&quot;5276bfd&quot;}],&quot;slides_to_show&quot;:&quot;3&quot;,&quot;slides_to_scroll&quot;:&quot;1&quot;,&quot;image_spacing_custom&quot;:{&quot;unit&quot;:&quot;px&quot;,&quot;size&quot;:20,&quot;sizes&quot;:[]},&quot;slides_to_show_tablet&quot;:&quot;2&quot;,&quot;slides_to_show_mobile&quot;:&quot;1&quot;,&quot;infinite&quot;:&quot;yes&quot;,&quot;speed&quot;:500,&quot;offset_sides&quot;:&quot;none&quot;,&quot;arrows&quot;:&quot;yes&quot;,&quot;image_spacing_custom_tablet&quot;:{&quot;unit&quot;:&quot;px&quot;,&quot;size&quot;:&quot;&quot;,&quot;sizes&quot;:[]},&quot;image_spacing_custom_mobile&quot;:{&quot;unit&quot;:&quot;px&quot;,&quot;size&quot;:&quot;&quot;,&quot;sizes&quot;:[]}}\" data-widget_type=\"nested-carousel.default\">\n\t\t\t\t<div class=\"elementor-widget-container\">\n\t\t\t\t\t\t\t<div class=\"e-n-carousel swiper\" role=\"region\" aria-roledescription=\"carousel\" aria-label=\"Karussell\" dir=\"ltr\">\n\t\t\t<div class=\"swiper-wrapper\" aria-live=\"polite\">\n\t\t\t\t\t\t\t\t\t\t<div class=\"swiper-slide\" data-slide=\"1\" role=\"group\" aria-roledescription=\"slide\" aria-label=\"1 von 6\">\n\t\t\t\t\t\t\t<div class=\"elementor-element elementor-element-792186a7 e-flex e-con-boxed e-con e-child\" data-id=\"792186a7\" data-element_type=\"container\" data-e-type=\"container\">\n\t\t\t\t\t<div class=\"e-con-inner\">\n\t\t<div class=\"elementor-element elementor-element-7fcb7f20 e-con-full e-flex e-con e-child\" data-id=\"7fcb7f20\" data-element_type=\"container\" data-e-type=\"container\" data-settings=\"{&quot;background_background&quot;:&quot;classic&quot;}\">\n\t\t<div class=\"elementor-element elementor-element-47e6f8b1 e-con-full e-flex e-con e-child\" data-id=\"47e6f8b1\" data-element_type=\"container\" data-e-type=\"container\">\n\t\t\t\t<div class=\"elementor-element elementor-element-6d8d70cb elementor-widget elementor-widget-heading\" data-id=\"6d8d70cb\" data-element_type=\"widget\" data-e-type=\"widget\" data-widget_type=\"heading.default\">\n\t\t\t\t<div class=\"elementor-widget-container\">\n\t\t\t\t\t<span class=\"elementor-heading-title elementor-size-default\">Baie de Saint-Brieuc<\/span>\t\t\t\t<\/div>\n\t\t\t\t<\/div>\n\t\t\t\t<\/div>\n\t\t\t\t<div class=\"elementor-element elementor-element-7a1cac01 btn-wave-blanc elementor-widget elementor-widget-button\" data-id=\"7a1cac01\" data-element_type=\"widget\" data-e-type=\"widget\" data-widget_type=\"button.default\">\n\t\t\t\t<div class=\"elementor-widget-container\">\n\t\t\t\t\t\t\t\t\t<div class=\"elementor-button-wrapper\">\n\t\t\t\t\t<a class=\"elementor-button elementor-button-link elementor-size-sm\" href=\"https:\/\/www.ker-moor.com\/de\/experiences-hotel-bord-de-mer-bretagne-nord\/baie-de-saint-brieuc\/\">\n\t\t\t\t\t\t<span class=\"elementor-button-content-wrapper\">\n\t\t\t\t\t\t\t\t\t<span class=\"elementor-button-text\">Voir la destination<\/span>\n\t\t\t\t\t<\/span>\n\t\t\t\t\t<\/a>\n\t\t\t\t<\/div>\n\t\t\t\t\t\t\t\t<\/div>\n\t\t\t\t<\/div>\n\t\t\t\t<\/div>\n\t\t\t\t\t<\/div>\n\t\t\t\t<\/div>\n\t\t\t\t\t\t\t\t<\/div>\n\t\t\t\t\t\t\t\t\t\t\t<div class=\"swiper-slide\" data-slide=\"2\" role=\"group\" aria-roledescription=\"slide\" aria-label=\"2 von 6\">\n\t\t\t\t\t\t\t<div class=\"elementor-element elementor-element-38f65359 e-flex e-con-boxed e-con e-child\" data-id=\"38f65359\" data-element_type=\"container\" data-e-type=\"container\">\n\t\t\t\t\t<div class=\"e-con-inner\">\n\t\t<div class=\"elementor-element elementor-element-52b812e1 e-con-full e-flex e-con e-child\" data-id=\"52b812e1\" data-element_type=\"container\" data-e-type=\"container\" data-settings=\"{&quot;background_background&quot;:&quot;classic&quot;}\">\n\t\t<div class=\"elementor-element elementor-element-5c112456 e-con-full e-flex e-con e-child\" data-id=\"5c112456\" data-element_type=\"container\" data-e-type=\"container\">\n\t\t\t\t<div class=\"elementor-element elementor-element-37b34c87 elementor-widget elementor-widget-heading\" data-id=\"37b34c87\" data-element_type=\"widget\" data-e-type=\"widget\" data-widget_type=\"heading.default\">\n\t\t\t\t<div class=\"elementor-widget-container\">\n\t\t\t\t\t<span class=\"elementor-heading-title elementor-size-default\">Piscine naturelle Saint-Quay Portrieux<\/span>\t\t\t\t<\/div>\n\t\t\t\t<\/div>\n\t\t\t\t<\/div>\n\t\t\t\t<div class=\"elementor-element elementor-element-2547c4e3 btn-wave-blanc elementor-widget elementor-widget-button\" data-id=\"2547c4e3\" data-element_type=\"widget\" data-e-type=\"widget\" data-widget_type=\"button.default\">\n\t\t\t\t<div class=\"elementor-widget-container\">\n\t\t\t\t\t\t\t\t\t<div class=\"elementor-button-wrapper\">\n\t\t\t\t\t<a class=\"elementor-button elementor-button-link elementor-size-sm\" href=\"https:\/\/www.ker-moor.com\/de\/experiences-hotel-bord-de-mer-bretagne-nord\/piscine-naturelle-de-saint-quay-portrieux\/\">\n\t\t\t\t\t\t<span class=\"elementor-button-content-wrapper\">\n\t\t\t\t\t\t\t\t\t<span class=\"elementor-button-text\">Voir la destination<\/span>\n\t\t\t\t\t<\/span>\n\t\t\t\t\t<\/a>\n\t\t\t\t<\/div>\n\t\t\t\t\t\t\t\t<\/div>\n\t\t\t\t<\/div>\n\t\t\t\t<\/div>\n\t\t\t\t\t<\/div>\n\t\t\t\t<\/div>\n\t\t\t\t\t\t\t\t<\/div>\n\t\t\t\t\t\t\t\t\t\t\t<div class=\"swiper-slide\" data-slide=\"3\" role=\"group\" aria-roledescription=\"slide\" aria-label=\"3 von 6\">\n\t\t\t\t\t\t\t<div class=\"elementor-element elementor-element-3b9a723 e-flex e-con-boxed e-con e-child\" data-id=\"3b9a723\" data-element_type=\"container\" data-e-type=\"container\">\n\t\t\t\t\t<div class=\"e-con-inner\">\n\t\t<div class=\"elementor-element elementor-element-268e8278 e-con-full e-flex e-con e-child\" data-id=\"268e8278\" data-element_type=\"container\" data-e-type=\"container\" data-settings=\"{&quot;background_background&quot;:&quot;classic&quot;}\">\n\t\t<div class=\"elementor-element elementor-element-5153ad57 e-con-full e-flex e-con e-child\" data-id=\"5153ad57\" data-element_type=\"container\" data-e-type=\"container\">\n\t\t\t\t<div class=\"elementor-element elementor-element-15bfcab4 elementor-widget elementor-widget-heading\" data-id=\"15bfcab4\" data-element_type=\"widget\" data-e-type=\"widget\" data-widget_type=\"heading.default\">\n\t\t\t\t<div class=\"elementor-widget-container\">\n\t\t\t\t\t<span class=\"elementor-heading-title elementor-size-default\">GR 34<\/span>\t\t\t\t<\/div>\n\t\t\t\t<\/div>\n\t\t\t\t<\/div>\n\t\t\t\t<div class=\"elementor-element elementor-element-1b0ae5f3 btn-wave-blanc elementor-widget elementor-widget-button\" data-id=\"1b0ae5f3\" data-element_type=\"widget\" data-e-type=\"widget\" data-widget_type=\"button.default\">\n\t\t\t\t<div class=\"elementor-widget-container\">\n\t\t\t\t\t\t\t\t\t<div class=\"elementor-button-wrapper\">\n\t\t\t\t\t<a class=\"elementor-button elementor-button-link elementor-size-sm\" href=\"https:\/\/www.ker-moor.com\/de\/experiences-hotel-bord-de-mer-bretagne-nord\/gr-34-sentier-des-douaniers-bretagne\/\">\n\t\t\t\t\t\t<span class=\"elementor-button-content-wrapper\">\n\t\t\t\t\t\t\t\t\t<span class=\"elementor-button-text\">Voir la destination<\/span>\n\t\t\t\t\t<\/span>\n\t\t\t\t\t<\/a>\n\t\t\t\t<\/div>\n\t\t\t\t\t\t\t\t<\/div>\n\t\t\t\t<\/div>\n\t\t\t\t<\/div>\n\t\t\t\t\t<\/div>\n\t\t\t\t<\/div>\n\t\t\t\t\t\t\t\t<\/div>\n\t\t\t\t\t\t\t\t\t\t\t<div class=\"swiper-slide\" data-slide=\"4\" role=\"group\" aria-roledescription=\"slide\" aria-label=\"4 von 6\">\n\t\t\t\t\t\t\t<div class=\"elementor-element elementor-element-597c3c33 e-flex e-con-boxed e-con e-child\" data-id=\"597c3c33\" data-element_type=\"container\" data-e-type=\"container\">\n\t\t\t\t\t<div class=\"e-con-inner\">\n\t\t<div class=\"elementor-element elementor-element-3bde44b8 e-con-full e-flex e-con e-child\" data-id=\"3bde44b8\" data-element_type=\"container\" data-e-type=\"container\" data-settings=\"{&quot;background_background&quot;:&quot;classic&quot;}\">\n\t\t<div class=\"elementor-element elementor-element-4ea44061 e-con-full e-flex e-con e-child\" data-id=\"4ea44061\" data-element_type=\"container\" data-e-type=\"container\">\n\t\t\t\t<div class=\"elementor-element elementor-element-b97f7cb elementor-widget elementor-widget-heading\" data-id=\"b97f7cb\" data-element_type=\"widget\" data-e-type=\"widget\" data-widget_type=\"heading.default\">\n\t\t\t\t<div class=\"elementor-widget-container\">\n\t\t\t\t\t<span class=\"elementor-heading-title elementor-size-default\">Falaises de Plouha<\/span>\t\t\t\t<\/div>\n\t\t\t\t<\/div>\n\t\t\t\t<\/div>\n\t\t\t\t<div class=\"elementor-element elementor-element-697699ed btn-wave-blanc elementor-widget elementor-widget-button\" data-id=\"697699ed\" data-element_type=\"widget\" data-e-type=\"widget\" data-widget_type=\"button.default\">\n\t\t\t\t<div class=\"elementor-widget-container\">\n\t\t\t\t\t\t\t\t\t<div class=\"elementor-button-wrapper\">\n\t\t\t\t\t<a class=\"elementor-button elementor-button-link elementor-size-sm\" href=\"https:\/\/www.ker-moor.com\/de\/experiences-hotel-bord-de-mer-bretagne-nord\/falaises-de-plouha-et-port-de-gwin-zegal\/\">\n\t\t\t\t\t\t<span class=\"elementor-button-content-wrapper\">\n\t\t\t\t\t\t\t\t\t<span class=\"elementor-button-text\">Voir la destination<\/span>\n\t\t\t\t\t<\/span>\n\t\t\t\t\t<\/a>\n\t\t\t\t<\/div>\n\t\t\t\t\t\t\t\t<\/div>\n\t\t\t\t<\/div>\n\t\t\t\t<\/div>\n\t\t\t\t\t<\/div>\n\t\t\t\t<\/div>\n\t\t\t\t\t\t\t\t<\/div>\n\t\t\t\t\t\t\t\t\t\t\t<div class=\"swiper-slide\" data-slide=\"5\" role=\"group\" aria-roledescription=\"slide\" aria-label=\"5 von 6\">\n\t\t\t\t\t\t\t<div class=\"elementor-element elementor-element-476e6352 e-flex e-con-boxed e-con e-child\" data-id=\"476e6352\" data-element_type=\"container\" data-e-type=\"container\">\n\t\t\t\t\t<div class=\"e-con-inner\">\n\t\t<div class=\"elementor-element elementor-element-78add804 e-con-full e-flex e-con e-child\" data-id=\"78add804\" data-element_type=\"container\" data-e-type=\"container\" data-settings=\"{&quot;background_background&quot;:&quot;classic&quot;}\">\n\t\t<div class=\"elementor-element elementor-element-605d5b86 e-con-full e-flex e-con e-child\" data-id=\"605d5b86\" data-element_type=\"container\" data-e-type=\"container\">\n\t\t\t\t<div class=\"elementor-element elementor-element-3fd3adc3 elementor-widget elementor-widget-heading\" data-id=\"3fd3adc3\" data-element_type=\"widget\" data-e-type=\"widget\" data-widget_type=\"heading.default\">\n\t\t\t\t<div class=\"elementor-widget-container\">\n\t\t\t\t\t<span class=\"elementor-heading-title elementor-size-default\">Binic Etables-sur-Mer<\/span>\t\t\t\t<\/div>\n\t\t\t\t<\/div>\n\t\t\t\t<\/div>\n\t\t\t\t<div class=\"elementor-element elementor-element-40d0dd19 btn-wave-blanc elementor-widget elementor-widget-button\" data-id=\"40d0dd19\" data-element_type=\"widget\" data-e-type=\"widget\" data-widget_type=\"button.default\">\n\t\t\t\t<div class=\"elementor-widget-container\">\n\t\t\t\t\t\t\t\t\t<div class=\"elementor-button-wrapper\">\n\t\t\t\t\t<a class=\"elementor-button elementor-button-link elementor-size-sm\" href=\"https:\/\/www.ker-moor.com\/de\/experiences-hotel-bord-de-mer-bretagne-nord\/binic-etables-sur-mer\/\">\n\t\t\t\t\t\t<span class=\"elementor-button-content-wrapper\">\n\t\t\t\t\t\t\t\t\t<span class=\"elementor-button-text\">Voir la destination<\/span>\n\t\t\t\t\t<\/span>\n\t\t\t\t\t<\/a>\n\t\t\t\t<\/div>\n\t\t\t\t\t\t\t\t<\/div>\n\t\t\t\t<\/div>\n\t\t\t\t<\/div>\n\t\t\t\t\t<\/div>\n\t\t\t\t<\/div>\n\t\t\t\t\t\t\t\t<\/div>\n\t\t\t\t\t\t\t\t\t\t\t<div class=\"swiper-slide\" data-slide=\"6\" role=\"group\" aria-roledescription=\"slide\" aria-label=\"6 von 6\">\n\t\t\t\t\t\t\t<div class=\"elementor-element elementor-element-194c4a71 e-flex e-con-boxed e-con e-child\" data-id=\"194c4a71\" data-element_type=\"container\" data-e-type=\"container\">\n\t\t\t\t\t<div class=\"e-con-inner\">\n\t\t<div class=\"elementor-element elementor-element-14c7e3dd e-con-full e-flex e-con e-child\" data-id=\"14c7e3dd\" data-element_type=\"container\" data-e-type=\"container\" data-settings=\"{&quot;background_background&quot;:&quot;classic&quot;}\">\n\t\t<div class=\"elementor-element elementor-element-6fa7484e e-con-full e-flex e-con e-child\" data-id=\"6fa7484e\" data-element_type=\"container\" data-e-type=\"container\">\n\t\t\t\t<div class=\"elementor-element elementor-element-2bc608b6 elementor-widget elementor-widget-heading\" data-id=\"2bc608b6\" data-element_type=\"widget\" data-e-type=\"widget\" data-widget_type=\"heading.default\">\n\t\t\t\t<div class=\"elementor-widget-container\">\n\t\t\t\t\t<span class=\"elementor-heading-title elementor-size-default\">\u00cele de la Comtesse<\/span>\t\t\t\t<\/div>\n\t\t\t\t<\/div>\n\t\t\t\t<\/div>\n\t\t\t\t<div class=\"elementor-element elementor-element-266dd148 btn-wave-blanc elementor-widget elementor-widget-button\" data-id=\"266dd148\" data-element_type=\"widget\" data-e-type=\"widget\" data-widget_type=\"button.default\">\n\t\t\t\t<div class=\"elementor-widget-container\">\n\t\t\t\t\t\t\t\t\t<div class=\"elementor-button-wrapper\">\n\t\t\t\t\t<a class=\"elementor-button elementor-button-link elementor-size-sm\" href=\"https:\/\/www.ker-moor.com\/de\/experiences-hotel-bord-de-mer-bretagne-nord\/ile-de-la-comtesse\/\">\n\t\t\t\t\t\t<span class=\"elementor-button-content-wrapper\">\n\t\t\t\t\t\t\t\t\t<span class=\"elementor-button-text\">Voir la destination<\/span>\n\t\t\t\t\t<\/span>\n\t\t\t\t\t<\/a>\n\t\t\t\t<\/div>\n\t\t\t\t\t\t\t\t<\/div>\n\t\t\t\t<\/div>\n\t\t\t\t<\/div>\n\t\t\t\t\t<\/div>\n\t\t\t\t<\/div>\n\t\t\t\t\t\t\t\t<\/div>\n\t\t\t\t\t\t\t\t<\/div>\n\t\t<\/div>\n\t\t\t\t\t<div class=\"elementor-swiper-button elementor-swiper-button-prev\" role=\"button\" tabindex=\"0\" aria-label=\"Voriger\">\n\t\t\t\t<svg xmlns=\"http:\/\/www.w3.org\/2000\/svg\" id=\"Fleche_:_Gauche\" data-name=\"Fleche : Gauche\" width=\"62.033\" height=\"23.129\" viewBox=\"0 0 62.033 23.129\"><path id=\"Trac&#xE9;_10\" data-name=\"Trac&#xE9; 10\" d=\"M50.468,0l-2.1,2.1,7.96,7.96H0v3H56.326l-7.96,7.96,2.1,2.1L62.033,11.564Z\" transform=\"translate(62.033 23.129) rotate(180)\" fill=\"#0a2849\"><\/path><\/svg>\t\t\t<\/div>\n\t\t\t<div class=\"elementor-swiper-button elementor-swiper-button-next\" role=\"button\" tabindex=\"0\" aria-label=\"N\u00e4chster\">\n\t\t\t\t<svg xmlns=\"http:\/\/www.w3.org\/2000\/svg\" width=\"62.033\" height=\"23.129\" viewBox=\"0 0 62.033 23.129\"><g id=\"Fleche_:_Gauche\" data-name=\"Fleche : Gauche\" transform=\"translate(62.033 23.129) rotate(180)\"><path id=\"Trac&#xE9;_10\" data-name=\"Trac&#xE9; 10\" d=\"M50.468,0l-2.1,2.1,7.96,7.96H0v3H56.326l-7.96,7.96,2.1,2.1L62.033,11.564Z\" transform=\"translate(62.033 23.129) rotate(180)\" fill=\"#0a2849\"><\/path><\/g><\/svg>\t\t\t<\/div>\n\t\t\t\t\t\t<\/div>\n\t\t\t\t<\/div>\n\t\t\t\t\t<\/div>\n\t\t\t\t<\/div>\n\t\t<div class=\"elementor-element elementor-element-226b5cb6 e-con-full events-bloc-toleft e-flex e-con e-child\" data-id=\"226b5cb6\" data-element_type=\"container\" data-e-type=\"container\" data-settings=\"{&quot;background_background&quot;:&quot;classic&quot;}\">\n\t\t<div class=\"elementor-element elementor-element-66d57990 e-con-full e-flex e-con e-child\" data-id=\"66d57990\" data-element_type=\"container\" data-e-type=\"container\">\n\t\t<div class=\"elementor-element elementor-element-36d78c42 e-con-full e-flex e-con e-child\" data-id=\"36d78c42\" data-element_type=\"container\" data-e-type=\"container\">\n\t\t\t\t<div class=\"elementor-element elementor-element-7489e419 elementor-widget-tablet__width-inherit elementor-widget elementor-widget-image\" data-id=\"7489e419\" data-element_type=\"widget\" data-e-type=\"widget\" data-widget_type=\"image.default\">\n\t\t\t\t<div class=\"elementor-widget-container\">\n\t\t\t\t\t\t\t\t\t\t\t\t\t\t\t<img fetchpriority=\"high\" decoding=\"async\" width=\"1150\" height=\"680\" src=\"https:\/\/www.ker-moor.com\/wp-content\/uploads\/2024\/02\/Paimpol.jpg\" class=\"attachment-full size-full wp-image-657\" alt=\"Port de Paimpol en Bretagne - hotel saint quay portrieux\" srcset=\"https:\/\/www.ker-moor.com\/wp-content\/uploads\/2024\/02\/Paimpol.jpg 1150w, https:\/\/www.ker-moor.com\/wp-content\/uploads\/2024\/02\/Paimpol-300x177.jpg 300w, https:\/\/www.ker-moor.com\/wp-content\/uploads\/2024\/02\/Paimpol-1024x605.jpg 1024w, https:\/\/www.ker-moor.com\/wp-content\/uploads\/2024\/02\/Paimpol-768x454.jpg 768w, https:\/\/www.ker-moor.com\/wp-content\/uploads\/2024\/02\/Paimpol-18x12.jpg 18w\" sizes=\"(max-width: 1150px) 100vw, 1150px\" title=\"\">\t\t\t\t\t\t\t\t\t\t\t\t\t\t\t<\/div>\n\t\t\t\t<\/div>\n\t\t\t\t<\/div>\n\t\t<div class=\"elementor-element elementor-element-77c7bae4 e-con-full e-flex e-con e-child\" data-id=\"77c7bae4\" data-element_type=\"container\" data-e-type=\"container\">\n\t\t\t\t<div class=\"elementor-element elementor-element-455684f5 events-title-1 elementor-widget elementor-widget-heading\" data-id=\"455684f5\" data-element_type=\"widget\" data-e-type=\"widget\" data-widget_type=\"heading.default\">\n\t\t\t\t<div class=\"elementor-widget-container\">\n\t\t\t\t\t<h2 class=\"elementor-heading-title elementor-size-default\">L'h\u00f4tel<\/h2>\t\t\t\t<\/div>\n\t\t\t\t<\/div>\n\t\t\t\t<div class=\"elementor-element elementor-element-1ff6e082 events-title-2 elementor-widget elementor-widget-heading\" data-id=\"1ff6e082\" data-element_type=\"widget\" data-e-type=\"widget\" data-widget_type=\"heading.default\">\n\t\t\t\t<div class=\"elementor-widget-container\">\n\t\t\t\t\t<h2 class=\"elementor-heading-title elementor-size-default\">&amp; ses services<\/h2>\t\t\t\t<\/div>\n\t\t\t\t<\/div>\n\t\t\t\t<div class=\"elementor-element elementor-element-6affd4b elementor-widget__width-initial events-txt elementor-widget elementor-widget-text-editor\" data-id=\"6affd4b\" data-element_type=\"widget\" data-e-type=\"widget\" data-widget_type=\"text-editor.default\">\n\t\t\t\t<div class=\"elementor-widget-container\">\n\t\t\t\t\t\t\t\t\t<p>L\u2019H\u00f4tel Ker Moor vous ouvre ses portes tout au long de l\u2019ann\u00e9e pour un s\u00e9jour calme et reposant.\u00a0Positionn\u00e9 en front de mer, il vous offre un panorama incroyable. Les vents iod\u00e9s vous apportent un souffle vivifiant pour faire le plein d\u2019\u00e9nergie.<\/p>\t\t\t\t\t\t\t\t<\/div>\n\t\t\t\t<\/div>\n\t\t\t\t<div class=\"elementor-element elementor-element-5366237b btn-wave-bleu elementor-widget elementor-widget-button\" data-id=\"5366237b\" data-element_type=\"widget\" data-e-type=\"widget\" data-widget_type=\"button.default\">\n\t\t\t\t<div class=\"elementor-widget-container\">\n\t\t\t\t\t\t\t\t\t<div class=\"elementor-button-wrapper\">\n\t\t\t\t\t<a class=\"elementor-button elementor-button-link elementor-size-sm\" href=\"https:\/\/www.ker-moor.com\/de\/ker-moor-hotel-saint-quay-portrieux\/\">\n\t\t\t\t\t\t<span class=\"elementor-button-content-wrapper\">\n\t\t\t\t\t\t\t\t\t<span class=\"elementor-button-text\">L'h\u00f4tel &amp; ses services<\/span>\n\t\t\t\t\t<\/span>\n\t\t\t\t\t<\/a>\n\t\t\t\t<\/div>\n\t\t\t\t\t\t\t\t<\/div>\n\t\t\t\t<\/div>\n\t\t\t\t<\/div>\n\t\t\t\t<\/div>\n\t\t\t\t<\/div>\n\t\t\t\t<\/div>\n\t\t","protected":false},"excerpt":{"rendered":"<p>Paimpol \u00cele de Br\u00e9hat \u00c0 l&rsquo;extr\u00e9mit\u00e9 de la c\u00f4te du Go\u00eblo, on retrouve la ville portuaire de Paimpol. Un lieu qui est ancr\u00e9 dans le patrimoine breton avec son magnifique port o\u00f9 des centaines de bateaux sont \u00e0 quai. Plus loin, on retrouve l\u2019\u00eele de Br\u00e9hat \u00e0 Ploubazlanec. Cette \u00eele est un incontournable de la [&hellip;]<\/p>\n","protected":false},"author":13,"featured_media":0,"parent":199,"menu_order":0,"comment_status":"closed","ping_status":"closed","template":"","meta":{"inline_featured_image":false,"footnotes":""},"class_list":["post-2019","page","type-page","status-publish","hentry"],"_links":{"self":[{"href":"https:\/\/www.ker-moor.com\/de\/wp-json\/wp\/v2\/pages\/2019","targetHints":{"allow":["GET"]}}],"collection":[{"href":"https:\/\/www.ker-moor.com\/de\/wp-json\/wp\/v2\/pages"}],"about":[{"href":"https:\/\/www.ker-moor.com\/de\/wp-json\/wp\/v2\/types\/page"}],"author":[{"embeddable":true,"href":"https:\/\/www.ker-moor.com\/de\/wp-json\/wp\/v2\/users\/13"}],"replies":[{"embeddable":true,"href":"https:\/\/www.ker-moor.com\/de\/wp-json\/wp\/v2\/comments?post=2019"}],"version-history":[{"count":23,"href":"https:\/\/www.ker-moor.com\/de\/wp-json\/wp\/v2\/pages\/2019\/revisions"}],"predecessor-version":[{"id":2828,"href":"https:\/\/www.ker-moor.com\/de\/wp-json\/wp\/v2\/pages\/2019\/revisions\/2828"}],"up":[{"embeddable":true,"href":"https:\/\/www.ker-moor.com\/de\/wp-json\/wp\/v2\/pages\/199"}],"wp:attachment":[{"href":"https:\/\/www.ker-moor.com\/de\/wp-json\/wp\/v2\/media?parent=2019"}],"curies":[{"name":"wp","href":"https:\/\/api.w.org\/{rel}","templated":true}]}}