{"id":2011,"date":"2024-03-13T14:35:54","date_gmt":"2024-03-13T13:35:54","guid":{"rendered":"https:\/\/www.ker-moor.com\/?page_id=2011"},"modified":"2024-07-15T11:21:52","modified_gmt":"2024-07-15T09:21:52","slug":"klippen-von-plouha-und-hafen-von-gwin-zegal","status":"publish","type":"page","link":"https:\/\/www.ker-moor.com\/de\/experiences-hotel-bord-de-mer-bretagne-nord\/falaises-de-plouha-et-port-de-gwin-zegal\/","title":{"rendered":"Klippen von Plouha und Hafen von Gwin Zegal"},"content":{"rendered":"\t\t<div data-elementor-type=\"wp-page\" data-elementor-id=\"2011\" class=\"elementor elementor-2011\" data-elementor-post-type=\"page\">\n\t\t\t\t<div class=\"elementor-element elementor-element-5b6b9736 e-con-full e-flex e-con e-parent\" data-id=\"5b6b9736\" data-element_type=\"container\" data-e-type=\"container\" data-settings=\"{&quot;background_background&quot;:&quot;classic&quot;}\">\n\t\t<div class=\"elementor-element elementor-element-9a08fd3 e-flex e-con-boxed e-con e-child\" data-id=\"9a08fd3\" data-element_type=\"container\" data-e-type=\"container\">\n\t\t\t\t\t<div class=\"e-con-inner\">\n\t\t\t\t<div class=\"elementor-element elementor-element-73f0a9f9 elementor-widget-mobile__width-initial elementor-widget elementor-widget-image\" data-id=\"73f0a9f9\" data-element_type=\"widget\" data-e-type=\"widget\" data-widget_type=\"image.default\">\n\t\t\t\t<div class=\"elementor-widget-container\">\n\t\t\t\t\t\t\t\t\t\t\t\t\t\t\t<img decoding=\"async\" width=\"76\" height=\"39\" src=\"https:\/\/www.ker-moor.com\/wp-content\/uploads\/2024\/02\/pics-gauche.png\" class=\"attachment-full size-full wp-image-171\" alt=\"\" srcset=\"https:\/\/www.ker-moor.com\/wp-content\/uploads\/2024\/02\/pics-gauche.png 76w, https:\/\/www.ker-moor.com\/wp-content\/uploads\/2024\/02\/pics-gauche-18x9.png 18w\" sizes=\"(max-width: 76px) 100vw, 76px\" title=\"\">\t\t\t\t\t\t\t\t\t\t\t\t\t\t\t<\/div>\n\t\t\t\t<\/div>\n\t\t\t\t<div class=\"elementor-element elementor-element-6af3e580 elementor-widget-mobile__width-initial elementor-widget elementor-widget-image\" data-id=\"6af3e580\" data-element_type=\"widget\" data-e-type=\"widget\" data-widget_type=\"image.default\">\n\t\t\t\t<div class=\"elementor-widget-container\">\n\t\t\t\t\t\t\t\t\t\t\t\t\t\t\t<img decoding=\"async\" width=\"76\" height=\"39\" src=\"https:\/\/www.ker-moor.com\/wp-content\/uploads\/2024\/02\/pics-droite.png\" class=\"attachment-full size-full wp-image-170\" alt=\"\" srcset=\"https:\/\/www.ker-moor.com\/wp-content\/uploads\/2024\/02\/pics-droite.png 76w, https:\/\/www.ker-moor.com\/wp-content\/uploads\/2024\/02\/pics-droite-18x9.png 18w\" sizes=\"(max-width: 76px) 100vw, 76px\" title=\"\">\t\t\t\t\t\t\t\t\t\t\t\t\t\t\t<\/div>\n\t\t\t\t<\/div>\n\t\t\t\t\t<\/div>\n\t\t\t\t<\/div>\n\t\t\t\t<\/div>\n\t\t<div class=\"elementor-element elementor-element-22835275 e-con-full e-flex e-con e-parent\" data-id=\"22835275\" data-element_type=\"container\" data-e-type=\"container\" data-settings=\"{&quot;background_background&quot;:&quot;classic&quot;}\">\n\t\t<div class=\"elementor-element elementor-element-1f56a15a e-con-full e-flex e-con e-child\" data-id=\"1f56a15a\" data-element_type=\"container\" data-e-type=\"container\" data-settings=\"{&quot;background_background&quot;:&quot;classic&quot;}\">\n\t\t<div class=\"elementor-element elementor-element-5e27594d fixed-label_content e-flex e-con-boxed e-con e-child\" data-id=\"5e27594d\" data-element_type=\"container\" data-e-type=\"container\">\n\t\t\t\t\t<div class=\"e-con-inner\">\n\t\t<div class=\"elementor-element elementor-element-3c668585 e-con-full e-flex e-con e-child\" data-id=\"3c668585\" data-element_type=\"container\" data-e-type=\"container\">\n\t\t\t\t<div class=\"elementor-element elementor-element-2c1c91e0 elementor-widget elementor-widget-heading\" data-id=\"2c1c91e0\" data-element_type=\"widget\" data-e-type=\"widget\" data-widget_type=\"heading.default\">\n\t\t\t\t<div class=\"elementor-widget-container\">\n\t\t\t\t\t<h2 class=\"elementor-heading-title elementor-size-default\">Plouha<\/h2>\t\t\t\t<\/div>\n\t\t\t\t<\/div>\n\t\t\t\t<div class=\"elementor-element elementor-element-6e967565 elementor-widget elementor-widget-heading\" data-id=\"6e967565\" data-element_type=\"widget\" data-e-type=\"widget\" data-widget_type=\"heading.default\">\n\t\t\t\t<div class=\"elementor-widget-container\">\n\t\t\t\t\t<p class=\"elementor-heading-title elementor-size-default\">&amp; Gwin Zegal<\/p>\t\t\t\t<\/div>\n\t\t\t\t<\/div>\n\t\t\t\t<\/div>\n\t\t\t\t<div class=\"elementor-element elementor-element-4997b2ea elementor-widget elementor-widget-text-editor\" data-id=\"4997b2ea\" data-element_type=\"widget\" data-e-type=\"widget\" data-widget_type=\"text-editor.default\">\n\t\t\t\t<div class=\"elementor-widget-container\">\n\t\t\t\t\t\t\t\t\t<p>\u00c0 10 minutes en voiture de l\u2019<a href=\"https:\/\/www.ker-moor.com\/ker-moor-hotel-saint-quay-portrieux\/\">h\u00f4tel Ker Moor<\/a>, on peut retrouver un site class\u00e9, les plus hautes falaises de Bretagne ainsi que son ancien port datant du 5\u00e8me si\u00e8cle. Ce port est un mouillage d&rsquo;une quarantaine de pieux auxquels s&rsquo;amarrent les bateaux des plaisanciers.<br \/>Hautes de 104 m, ce sont les plus hautes falaises de Bretagne et certainement parmi les plus belles aussi. \u00c0 leurs pieds, le petit port de Gwin Zegal que l\u2019on rejoint par le <a href=\"https:\/\/www.ker-moor.com\/experiences\/gr-34-sentier-des-douaniers-bretagne\/\">GR 34<\/a> pour une immersion totale entre plages historiques et paysages atypiques.<\/p>\t\t\t\t\t\t\t\t<\/div>\n\t\t\t\t<\/div>\n\t\t\t\t\t<\/div>\n\t\t\t\t<\/div>\n\t\t\t\t<\/div>\n\t\t\t\t<\/div>\n\t\t<div class=\"elementor-element elementor-element-686078d3 e-flex e-con-boxed e-con e-parent\" data-id=\"686078d3\" data-element_type=\"container\" data-e-type=\"container\" data-settings=\"{&quot;background_background&quot;:&quot;classic&quot;}\">\n\t\t\t\t\t<div class=\"e-con-inner\">\n\t\t\t\t<div class=\"elementor-element elementor-element-3e202f76 elementor-arrows-position-outside elementor-widget__width-initial elementor-widget elementor-widget-n-carousel\" data-id=\"3e202f76\" data-element_type=\"widget\" data-e-type=\"widget\" data-settings=\"{&quot;carousel_items&quot;:[{&quot;slide_title&quot;:&quot;Autre Destination&quot;,&quot;_id&quot;:&quot;819c2d5&quot;},{&quot;slide_title&quot;:&quot;Autre Destination&quot;,&quot;_id&quot;:&quot;c7be1cd&quot;},{&quot;slide_title&quot;:&quot;Autre Destination&quot;,&quot;_id&quot;:&quot;9fe4b35&quot;},{&quot;slide_title&quot;:&quot;Autre Destination&quot;,&quot;_id&quot;:&quot;5276bfd&quot;},{&quot;slide_title&quot;:&quot;Autre Destination&quot;,&quot;_id&quot;:&quot;15afb2d&quot;},{&quot;slide_title&quot;:&quot;Autre Destination&quot;,&quot;_id&quot;:&quot;4bceb6e&quot;}],&quot;slides_to_show&quot;:&quot;3&quot;,&quot;slides_to_scroll&quot;:&quot;1&quot;,&quot;image_spacing_custom&quot;:{&quot;unit&quot;:&quot;px&quot;,&quot;size&quot;:20,&quot;sizes&quot;:[]},&quot;slides_to_show_tablet&quot;:&quot;2&quot;,&quot;slides_to_show_mobile&quot;:&quot;1&quot;,&quot;infinite&quot;:&quot;yes&quot;,&quot;speed&quot;:500,&quot;offset_sides&quot;:&quot;none&quot;,&quot;arrows&quot;:&quot;yes&quot;,&quot;image_spacing_custom_tablet&quot;:{&quot;unit&quot;:&quot;px&quot;,&quot;size&quot;:&quot;&quot;,&quot;sizes&quot;:[]},&quot;image_spacing_custom_mobile&quot;:{&quot;unit&quot;:&quot;px&quot;,&quot;size&quot;:&quot;&quot;,&quot;sizes&quot;:[]}}\" data-widget_type=\"nested-carousel.default\">\n\t\t\t\t<div class=\"elementor-widget-container\">\n\t\t\t\t\t\t\t<div class=\"e-n-carousel swiper\" role=\"region\" aria-roledescription=\"carousel\" aria-label=\"Karussell\" dir=\"ltr\">\n\t\t\t<div class=\"swiper-wrapper\" aria-live=\"polite\">\n\t\t\t\t\t\t\t\t\t\t<div class=\"swiper-slide\" data-slide=\"1\" role=\"group\" aria-roledescription=\"slide\" aria-label=\"1 von 6\">\n\t\t\t\t\t\t\t<div class=\"elementor-element elementor-element-5b5f4a91 e-flex e-con-boxed e-con e-child\" data-id=\"5b5f4a91\" data-element_type=\"container\" data-e-type=\"container\">\n\t\t\t\t\t<div class=\"e-con-inner\">\n\t\t<div class=\"elementor-element elementor-element-60b25cec e-con-full e-flex e-con e-child\" data-id=\"60b25cec\" data-element_type=\"container\" data-e-type=\"container\" data-settings=\"{&quot;background_background&quot;:&quot;classic&quot;}\">\n\t\t<div class=\"elementor-element elementor-element-1726554 e-con-full e-flex e-con e-child\" data-id=\"1726554\" data-element_type=\"container\" data-e-type=\"container\">\n\t\t\t\t<div class=\"elementor-element elementor-element-5b871656 elementor-widget elementor-widget-heading\" data-id=\"5b871656\" data-element_type=\"widget\" data-e-type=\"widget\" data-widget_type=\"heading.default\">\n\t\t\t\t<div class=\"elementor-widget-container\">\n\t\t\t\t\t<span class=\"elementor-heading-title elementor-size-default\">Binic Etables-sur-Mer<\/span>\t\t\t\t<\/div>\n\t\t\t\t<\/div>\n\t\t\t\t<\/div>\n\t\t\t\t<div class=\"elementor-element elementor-element-3c44a18f btn-wave-blanc elementor-widget elementor-widget-button\" data-id=\"3c44a18f\" data-element_type=\"widget\" data-e-type=\"widget\" data-widget_type=\"button.default\">\n\t\t\t\t<div class=\"elementor-widget-container\">\n\t\t\t\t\t\t\t\t\t<div class=\"elementor-button-wrapper\">\n\t\t\t\t\t<a class=\"elementor-button elementor-button-link elementor-size-sm\" href=\"https:\/\/www.ker-moor.com\/de\/experiences-hotel-bord-de-mer-bretagne-nord\/binic-etables-sur-mer\/\">\n\t\t\t\t\t\t<span class=\"elementor-button-content-wrapper\">\n\t\t\t\t\t\t\t\t\t<span class=\"elementor-button-text\">Voir la destination<\/span>\n\t\t\t\t\t<\/span>\n\t\t\t\t\t<\/a>\n\t\t\t\t<\/div>\n\t\t\t\t\t\t\t\t<\/div>\n\t\t\t\t<\/div>\n\t\t\t\t<\/div>\n\t\t\t\t\t<\/div>\n\t\t\t\t<\/div>\n\t\t\t\t\t\t\t\t<\/div>\n\t\t\t\t\t\t\t\t\t\t\t<div class=\"swiper-slide\" data-slide=\"2\" role=\"group\" aria-roledescription=\"slide\" aria-label=\"2 von 6\">\n\t\t\t\t\t\t\t<div class=\"elementor-element elementor-element-551f8c73 e-flex e-con-boxed e-con e-child\" data-id=\"551f8c73\" data-element_type=\"container\" data-e-type=\"container\">\n\t\t\t\t\t<div class=\"e-con-inner\">\n\t\t<div class=\"elementor-element elementor-element-7aaa440c e-con-full e-flex e-con e-child\" data-id=\"7aaa440c\" data-element_type=\"container\" data-e-type=\"container\" data-settings=\"{&quot;background_background&quot;:&quot;classic&quot;}\">\n\t\t<div class=\"elementor-element elementor-element-1b7f7623 e-con-full e-flex e-con e-child\" data-id=\"1b7f7623\" data-element_type=\"container\" data-e-type=\"container\">\n\t\t\t\t<div class=\"elementor-element elementor-element-5b630f56 elementor-widget elementor-widget-heading\" data-id=\"5b630f56\" data-element_type=\"widget\" data-e-type=\"widget\" data-widget_type=\"heading.default\">\n\t\t\t\t<div class=\"elementor-widget-container\">\n\t\t\t\t\t<span class=\"elementor-heading-title elementor-size-default\">Piscine naturelle Saint-Quay Portrieux<\/span>\t\t\t\t<\/div>\n\t\t\t\t<\/div>\n\t\t\t\t<\/div>\n\t\t\t\t<div class=\"elementor-element elementor-element-314f7c4d btn-wave-blanc elementor-widget elementor-widget-button\" data-id=\"314f7c4d\" data-element_type=\"widget\" data-e-type=\"widget\" data-widget_type=\"button.default\">\n\t\t\t\t<div class=\"elementor-widget-container\">\n\t\t\t\t\t\t\t\t\t<div class=\"elementor-button-wrapper\">\n\t\t\t\t\t<a class=\"elementor-button elementor-button-link elementor-size-sm\" href=\"https:\/\/www.ker-moor.com\/de\/experiences-hotel-bord-de-mer-bretagne-nord\/piscine-naturelle-de-saint-quay-portrieux\/\">\n\t\t\t\t\t\t<span class=\"elementor-button-content-wrapper\">\n\t\t\t\t\t\t\t\t\t<span class=\"elementor-button-text\">Voir la destination<\/span>\n\t\t\t\t\t<\/span>\n\t\t\t\t\t<\/a>\n\t\t\t\t<\/div>\n\t\t\t\t\t\t\t\t<\/div>\n\t\t\t\t<\/div>\n\t\t\t\t<\/div>\n\t\t\t\t\t<\/div>\n\t\t\t\t<\/div>\n\t\t\t\t\t\t\t\t<\/div>\n\t\t\t\t\t\t\t\t\t\t\t<div class=\"swiper-slide\" data-slide=\"3\" role=\"group\" aria-roledescription=\"slide\" aria-label=\"3 von 6\">\n\t\t\t\t\t\t\t<div class=\"elementor-element elementor-element-5628b295 e-flex e-con-boxed e-con e-child\" data-id=\"5628b295\" data-element_type=\"container\" data-e-type=\"container\">\n\t\t\t\t\t<div class=\"e-con-inner\">\n\t\t<div class=\"elementor-element elementor-element-1d0ade00 e-con-full e-flex e-con e-child\" data-id=\"1d0ade00\" data-element_type=\"container\" data-e-type=\"container\" data-settings=\"{&quot;background_background&quot;:&quot;classic&quot;}\">\n\t\t<div class=\"elementor-element elementor-element-15826b6f e-con-full e-flex e-con e-child\" data-id=\"15826b6f\" data-element_type=\"container\" data-e-type=\"container\">\n\t\t\t\t<div class=\"elementor-element elementor-element-454dfd40 elementor-widget elementor-widget-heading\" data-id=\"454dfd40\" data-element_type=\"widget\" data-e-type=\"widget\" data-widget_type=\"heading.default\">\n\t\t\t\t<div class=\"elementor-widget-container\">\n\t\t\t\t\t<span class=\"elementor-heading-title elementor-size-default\">GR 34<\/span>\t\t\t\t<\/div>\n\t\t\t\t<\/div>\n\t\t\t\t<\/div>\n\t\t\t\t<div class=\"elementor-element elementor-element-445664a0 btn-wave-blanc elementor-widget elementor-widget-button\" data-id=\"445664a0\" data-element_type=\"widget\" data-e-type=\"widget\" data-widget_type=\"button.default\">\n\t\t\t\t<div class=\"elementor-widget-container\">\n\t\t\t\t\t\t\t\t\t<div class=\"elementor-button-wrapper\">\n\t\t\t\t\t<a class=\"elementor-button elementor-button-link elementor-size-sm\" href=\"https:\/\/www.ker-moor.com\/de\/experiences-hotel-bord-de-mer-bretagne-nord\/gr-34-sentier-des-douaniers-bretagne\/\">\n\t\t\t\t\t\t<span class=\"elementor-button-content-wrapper\">\n\t\t\t\t\t\t\t\t\t<span class=\"elementor-button-text\">Voir la destination<\/span>\n\t\t\t\t\t<\/span>\n\t\t\t\t\t<\/a>\n\t\t\t\t<\/div>\n\t\t\t\t\t\t\t\t<\/div>\n\t\t\t\t<\/div>\n\t\t\t\t<\/div>\n\t\t\t\t\t<\/div>\n\t\t\t\t<\/div>\n\t\t\t\t\t\t\t\t<\/div>\n\t\t\t\t\t\t\t\t\t\t\t<div class=\"swiper-slide\" data-slide=\"4\" role=\"group\" aria-roledescription=\"slide\" aria-label=\"4 von 6\">\n\t\t\t\t\t\t\t<div class=\"elementor-element elementor-element-6c9c9ac7 e-flex e-con-boxed e-con e-child\" data-id=\"6c9c9ac7\" data-element_type=\"container\" data-e-type=\"container\">\n\t\t\t\t\t<div class=\"e-con-inner\">\n\t\t<div class=\"elementor-element elementor-element-eebb68c e-con-full e-flex e-con e-child\" data-id=\"eebb68c\" data-element_type=\"container\" data-e-type=\"container\" data-settings=\"{&quot;background_background&quot;:&quot;classic&quot;}\">\n\t\t<div class=\"elementor-element elementor-element-3a1fb628 e-con-full e-flex e-con e-child\" data-id=\"3a1fb628\" data-element_type=\"container\" data-e-type=\"container\">\n\t\t\t\t<div class=\"elementor-element elementor-element-56afc35 elementor-widget elementor-widget-heading\" data-id=\"56afc35\" data-element_type=\"widget\" data-e-type=\"widget\" data-widget_type=\"heading.default\">\n\t\t\t\t<div class=\"elementor-widget-container\">\n\t\t\t\t\t<span class=\"elementor-heading-title elementor-size-default\">Paimpol<\/span>\t\t\t\t<\/div>\n\t\t\t\t<\/div>\n\t\t\t\t<\/div>\n\t\t\t\t<div class=\"elementor-element elementor-element-6bd13ebf btn-wave-blanc elementor-widget elementor-widget-button\" data-id=\"6bd13ebf\" data-element_type=\"widget\" data-e-type=\"widget\" data-widget_type=\"button.default\">\n\t\t\t\t<div class=\"elementor-widget-container\">\n\t\t\t\t\t\t\t\t\t<div class=\"elementor-button-wrapper\">\n\t\t\t\t\t<a class=\"elementor-button elementor-button-link elementor-size-sm\" href=\"https:\/\/www.ker-moor.com\/de\/experiences-hotel-bord-de-mer-bretagne-nord\/paimpol-et-ile-de-brehat-hotel\/\">\n\t\t\t\t\t\t<span class=\"elementor-button-content-wrapper\">\n\t\t\t\t\t\t\t\t\t<span class=\"elementor-button-text\">Voir la destination<\/span>\n\t\t\t\t\t<\/span>\n\t\t\t\t\t<\/a>\n\t\t\t\t<\/div>\n\t\t\t\t\t\t\t\t<\/div>\n\t\t\t\t<\/div>\n\t\t\t\t<\/div>\n\t\t\t\t\t<\/div>\n\t\t\t\t<\/div>\n\t\t\t\t\t\t\t\t<\/div>\n\t\t\t\t\t\t\t\t\t\t\t<div class=\"swiper-slide\" data-slide=\"5\" role=\"group\" aria-roledescription=\"slide\" aria-label=\"5 von 6\">\n\t\t\t\t\t\t\t<div class=\"elementor-element elementor-element-4723d4c6 e-flex e-con-boxed e-con e-child\" data-id=\"4723d4c6\" data-element_type=\"container\" data-e-type=\"container\">\n\t\t\t\t\t<div class=\"e-con-inner\">\n\t\t<div class=\"elementor-element elementor-element-4fb9f7fd e-con-full e-flex e-con e-child\" data-id=\"4fb9f7fd\" data-element_type=\"container\" data-e-type=\"container\" data-settings=\"{&quot;background_background&quot;:&quot;classic&quot;}\">\n\t\t<div class=\"elementor-element elementor-element-26de2b25 e-con-full e-flex e-con e-child\" data-id=\"26de2b25\" data-element_type=\"container\" data-e-type=\"container\">\n\t\t\t\t<div class=\"elementor-element elementor-element-614377c1 elementor-widget elementor-widget-heading\" data-id=\"614377c1\" data-element_type=\"widget\" data-e-type=\"widget\" data-widget_type=\"heading.default\">\n\t\t\t\t<div class=\"elementor-widget-container\">\n\t\t\t\t\t<span class=\"elementor-heading-title elementor-size-default\">Baie de Saint-Brieuc<\/span>\t\t\t\t<\/div>\n\t\t\t\t<\/div>\n\t\t\t\t<\/div>\n\t\t\t\t<div class=\"elementor-element elementor-element-7ebb2cac btn-wave-blanc elementor-widget elementor-widget-button\" data-id=\"7ebb2cac\" data-element_type=\"widget\" data-e-type=\"widget\" data-widget_type=\"button.default\">\n\t\t\t\t<div class=\"elementor-widget-container\">\n\t\t\t\t\t\t\t\t\t<div class=\"elementor-button-wrapper\">\n\t\t\t\t\t<a class=\"elementor-button elementor-button-link elementor-size-sm\" href=\"https:\/\/www.ker-moor.com\/de\/experiences-hotel-bord-de-mer-bretagne-nord\/baie-de-saint-brieuc\/\">\n\t\t\t\t\t\t<span class=\"elementor-button-content-wrapper\">\n\t\t\t\t\t\t\t\t\t<span class=\"elementor-button-text\">Voir la destination<\/span>\n\t\t\t\t\t<\/span>\n\t\t\t\t\t<\/a>\n\t\t\t\t<\/div>\n\t\t\t\t\t\t\t\t<\/div>\n\t\t\t\t<\/div>\n\t\t\t\t<\/div>\n\t\t\t\t\t<\/div>\n\t\t\t\t<\/div>\n\t\t\t\t\t\t\t\t<\/div>\n\t\t\t\t\t\t\t\t\t\t\t<div class=\"swiper-slide\" data-slide=\"6\" role=\"group\" aria-roledescription=\"slide\" aria-label=\"6 von 6\">\n\t\t\t\t\t\t\t<div class=\"elementor-element elementor-element-1ca2ae27 e-flex e-con-boxed e-con e-child\" data-id=\"1ca2ae27\" data-element_type=\"container\" data-e-type=\"container\">\n\t\t\t\t\t<div class=\"e-con-inner\">\n\t\t<div class=\"elementor-element elementor-element-534fa8d0 e-con-full e-flex e-con e-child\" data-id=\"534fa8d0\" data-element_type=\"container\" data-e-type=\"container\" data-settings=\"{&quot;background_background&quot;:&quot;classic&quot;}\">\n\t\t<div class=\"elementor-element elementor-element-60cc7456 e-con-full e-flex e-con e-child\" data-id=\"60cc7456\" data-element_type=\"container\" data-e-type=\"container\">\n\t\t\t\t<div class=\"elementor-element elementor-element-4f89dc57 elementor-widget elementor-widget-heading\" data-id=\"4f89dc57\" data-element_type=\"widget\" data-e-type=\"widget\" data-widget_type=\"heading.default\">\n\t\t\t\t<div class=\"elementor-widget-container\">\n\t\t\t\t\t<span class=\"elementor-heading-title elementor-size-default\">\u00cele de la Comtesse<\/span>\t\t\t\t<\/div>\n\t\t\t\t<\/div>\n\t\t\t\t<\/div>\n\t\t\t\t<div class=\"elementor-element elementor-element-20ec88dc btn-wave-blanc elementor-widget elementor-widget-button\" data-id=\"20ec88dc\" data-element_type=\"widget\" data-e-type=\"widget\" data-widget_type=\"button.default\">\n\t\t\t\t<div class=\"elementor-widget-container\">\n\t\t\t\t\t\t\t\t\t<div class=\"elementor-button-wrapper\">\n\t\t\t\t\t<a class=\"elementor-button elementor-button-link elementor-size-sm\" href=\"https:\/\/www.ker-moor.com\/de\/experiences-hotel-bord-de-mer-bretagne-nord\/ile-de-la-comtesse\/\">\n\t\t\t\t\t\t<span class=\"elementor-button-content-wrapper\">\n\t\t\t\t\t\t\t\t\t<span class=\"elementor-button-text\">Voir la destination<\/span>\n\t\t\t\t\t<\/span>\n\t\t\t\t\t<\/a>\n\t\t\t\t<\/div>\n\t\t\t\t\t\t\t\t<\/div>\n\t\t\t\t<\/div>\n\t\t\t\t<\/div>\n\t\t\t\t\t<\/div>\n\t\t\t\t<\/div>\n\t\t\t\t\t\t\t\t<\/div>\n\t\t\t\t\t\t\t\t<\/div>\n\t\t<\/div>\n\t\t\t\t\t<div class=\"elementor-swiper-button elementor-swiper-button-prev\" role=\"button\" tabindex=\"0\" aria-label=\"Voriger\">\n\t\t\t\t<svg xmlns=\"http:\/\/www.w3.org\/2000\/svg\" id=\"Fleche_:_Gauche\" data-name=\"Fleche : Gauche\" width=\"62.033\" height=\"23.129\" viewBox=\"0 0 62.033 23.129\"><path id=\"Trac&#xE9;_10\" data-name=\"Trac&#xE9; 10\" d=\"M50.468,0l-2.1,2.1,7.96,7.96H0v3H56.326l-7.96,7.96,2.1,2.1L62.033,11.564Z\" transform=\"translate(62.033 23.129) rotate(180)\" fill=\"#0a2849\"><\/path><\/svg>\t\t\t<\/div>\n\t\t\t<div class=\"elementor-swiper-button elementor-swiper-button-next\" role=\"button\" tabindex=\"0\" aria-label=\"N\u00e4chster\">\n\t\t\t\t<svg xmlns=\"http:\/\/www.w3.org\/2000\/svg\" width=\"62.033\" height=\"23.129\" viewBox=\"0 0 62.033 23.129\"><g id=\"Fleche_:_Gauche\" data-name=\"Fleche : Gauche\" transform=\"translate(62.033 23.129) rotate(180)\"><path id=\"Trac&#xE9;_10\" data-name=\"Trac&#xE9; 10\" d=\"M50.468,0l-2.1,2.1,7.96,7.96H0v3H56.326l-7.96,7.96,2.1,2.1L62.033,11.564Z\" transform=\"translate(62.033 23.129) rotate(180)\" fill=\"#0a2849\"><\/path><\/g><\/svg>\t\t\t<\/div>\n\t\t\t\t\t\t<\/div>\n\t\t\t\t<\/div>\n\t\t\t\t\t<\/div>\n\t\t\t\t<\/div>\n\t\t<div class=\"elementor-element elementor-element-72fad086 e-con-full events-bloc-toleft e-flex e-con e-child\" data-id=\"72fad086\" data-element_type=\"container\" data-e-type=\"container\" data-settings=\"{&quot;background_background&quot;:&quot;classic&quot;}\">\n\t\t<div class=\"elementor-element elementor-element-3ca69b41 e-con-full e-flex e-con e-child\" data-id=\"3ca69b41\" data-element_type=\"container\" data-e-type=\"container\">\n\t\t<div class=\"elementor-element elementor-element-5795df80 e-con-full e-flex e-con e-child\" data-id=\"5795df80\" data-element_type=\"container\" data-e-type=\"container\">\n\t\t\t\t<div class=\"elementor-element elementor-element-7b892fd2 elementor-widget-tablet__width-inherit elementor-widget elementor-widget-image\" data-id=\"7b892fd2\" data-element_type=\"widget\" data-e-type=\"widget\" data-widget_type=\"image.default\">\n\t\t\t\t<div class=\"elementor-widget-container\">\n\t\t\t\t\t\t\t\t\t\t\t\t\t\t\t<img fetchpriority=\"high\" decoding=\"async\" width=\"1150\" height=\"680\" src=\"https:\/\/www.ker-moor.com\/wp-content\/uploads\/2024\/02\/Paimpol.jpg\" class=\"attachment-full size-full wp-image-657\" alt=\"Port de Paimpol en Bretagne - hotel saint quay portrieux\" srcset=\"https:\/\/www.ker-moor.com\/wp-content\/uploads\/2024\/02\/Paimpol.jpg 1150w, https:\/\/www.ker-moor.com\/wp-content\/uploads\/2024\/02\/Paimpol-300x177.jpg 300w, https:\/\/www.ker-moor.com\/wp-content\/uploads\/2024\/02\/Paimpol-1024x605.jpg 1024w, https:\/\/www.ker-moor.com\/wp-content\/uploads\/2024\/02\/Paimpol-768x454.jpg 768w, https:\/\/www.ker-moor.com\/wp-content\/uploads\/2024\/02\/Paimpol-18x12.jpg 18w\" sizes=\"(max-width: 1150px) 100vw, 1150px\" title=\"\">\t\t\t\t\t\t\t\t\t\t\t\t\t\t\t<\/div>\n\t\t\t\t<\/div>\n\t\t\t\t<\/div>\n\t\t<div class=\"elementor-element elementor-element-4e56215e e-con-full e-flex e-con e-child\" data-id=\"4e56215e\" data-element_type=\"container\" data-e-type=\"container\">\n\t\t\t\t<div class=\"elementor-element elementor-element-115f7ac3 events-title-1 elementor-widget elementor-widget-heading\" data-id=\"115f7ac3\" data-element_type=\"widget\" data-e-type=\"widget\" data-widget_type=\"heading.default\">\n\t\t\t\t<div class=\"elementor-widget-container\">\n\t\t\t\t\t<h2 class=\"elementor-heading-title elementor-size-default\">L'h\u00f4tel<\/h2>\t\t\t\t<\/div>\n\t\t\t\t<\/div>\n\t\t\t\t<div class=\"elementor-element elementor-element-3064f497 events-title-2 elementor-widget elementor-widget-heading\" data-id=\"3064f497\" data-element_type=\"widget\" data-e-type=\"widget\" data-widget_type=\"heading.default\">\n\t\t\t\t<div class=\"elementor-widget-container\">\n\t\t\t\t\t<h2 class=\"elementor-heading-title elementor-size-default\">&amp; ses services<\/h2>\t\t\t\t<\/div>\n\t\t\t\t<\/div>\n\t\t\t\t<div class=\"elementor-element elementor-element-4070cbfe elementor-widget__width-initial events-txt elementor-widget elementor-widget-text-editor\" data-id=\"4070cbfe\" data-element_type=\"widget\" data-e-type=\"widget\" data-widget_type=\"text-editor.default\">\n\t\t\t\t<div class=\"elementor-widget-container\">\n\t\t\t\t\t\t\t\t\t<p>L\u2019H\u00f4tel Ker Moor vous ouvre ses portes tout au long de l\u2019ann\u00e9e pour un s\u00e9jour calme et reposant.\u00a0Positionn\u00e9 en front de mer, il vous offre un panorama incroyable. Les vents iod\u00e9s vous apportent un souffle vivifiant pour faire le plein d\u2019\u00e9nergie.<\/p>\t\t\t\t\t\t\t\t<\/div>\n\t\t\t\t<\/div>\n\t\t\t\t<div class=\"elementor-element elementor-element-4a233dc7 btn-wave-bleu elementor-widget elementor-widget-button\" data-id=\"4a233dc7\" data-element_type=\"widget\" data-e-type=\"widget\" data-widget_type=\"button.default\">\n\t\t\t\t<div class=\"elementor-widget-container\">\n\t\t\t\t\t\t\t\t\t<div class=\"elementor-button-wrapper\">\n\t\t\t\t\t<a class=\"elementor-button elementor-button-link elementor-size-sm\" href=\"https:\/\/www.ker-moor.com\/de\/ker-moor-hotel-saint-quay-portrieux\/\">\n\t\t\t\t\t\t<span class=\"elementor-button-content-wrapper\">\n\t\t\t\t\t\t\t\t\t<span class=\"elementor-button-text\">L'h\u00f4tel &amp; ses services<\/span>\n\t\t\t\t\t<\/span>\n\t\t\t\t\t<\/a>\n\t\t\t\t<\/div>\n\t\t\t\t\t\t\t\t<\/div>\n\t\t\t\t<\/div>\n\t\t\t\t<\/div>\n\t\t\t\t<\/div>\n\t\t\t\t<\/div>\n\t\t\t\t<\/div>\n\t\t","protected":false},"excerpt":{"rendered":"<p>Plouha &#038; Gwin Zegal \u00c0 10 minutes en voiture de l\u2019h\u00f4tel Ker Moor, on peut retrouver un site class\u00e9, les plus hautes falaises de Bretagne ainsi que son ancien port datant du 5\u00e8me si\u00e8cle. Ce port est un mouillage d&rsquo;une quarantaine de pieux auxquels s&rsquo;amarrent les bateaux des plaisanciers.Hautes de 104 m, ce sont les [&hellip;]<\/p>\n","protected":false},"author":13,"featured_media":0,"parent":199,"menu_order":0,"comment_status":"closed","ping_status":"closed","template":"","meta":{"inline_featured_image":false,"footnotes":""},"class_list":["post-2011","page","type-page","status-publish","hentry"],"_links":{"self":[{"href":"https:\/\/www.ker-moor.com\/de\/wp-json\/wp\/v2\/pages\/2011","targetHints":{"allow":["GET"]}}],"collection":[{"href":"https:\/\/www.ker-moor.com\/de\/wp-json\/wp\/v2\/pages"}],"about":[{"href":"https:\/\/www.ker-moor.com\/de\/wp-json\/wp\/v2\/types\/page"}],"author":[{"embeddable":true,"href":"https:\/\/www.ker-moor.com\/de\/wp-json\/wp\/v2\/users\/13"}],"replies":[{"embeddable":true,"href":"https:\/\/www.ker-moor.com\/de\/wp-json\/wp\/v2\/comments?post=2011"}],"version-history":[{"count":28,"href":"https:\/\/www.ker-moor.com\/de\/wp-json\/wp\/v2\/pages\/2011\/revisions"}],"predecessor-version":[{"id":3241,"href":"https:\/\/www.ker-moor.com\/de\/wp-json\/wp\/v2\/pages\/2011\/revisions\/3241"}],"up":[{"embeddable":true,"href":"https:\/\/www.ker-moor.com\/de\/wp-json\/wp\/v2\/pages\/199"}],"wp:attachment":[{"href":"https:\/\/www.ker-moor.com\/de\/wp-json\/wp\/v2\/media?parent=2011"}],"curies":[{"name":"wp","href":"https:\/\/api.w.org\/{rel}","templated":true}]}}