{"id":199,"date":"2024-02-13T16:43:12","date_gmt":"2024-02-13T15:43:12","guid":{"rendered":"https:\/\/www.ker-moor.com\/?page_id=199"},"modified":"2025-11-07T14:37:58","modified_gmt":"2025-11-07T13:37:58","slug":"erfahrungen-hotel-am-meer-bretagne-nord","status":"publish","type":"page","link":"https:\/\/www.ker-moor.com\/de\/experiences-hotel-bord-de-mer-bretagne-nord\/","title":{"rendered":"Erfahrungen"},"content":{"rendered":"<div data-elementor-type=\"wp-page\" data-elementor-id=\"199\" class=\"elementor elementor-199\" data-elementor-post-type=\"page\">\n\t\t\t\t<div class=\"elementor-element elementor-element-fb8600e e-con-full e-flex e-con e-parent\" data-id=\"fb8600e\" data-element_type=\"container\" data-e-type=\"container\" data-settings=\"{&quot;background_background&quot;:&quot;classic&quot;}\">\n\t\t<div class=\"elementor-element elementor-element-43b4043 e-flex e-con-boxed e-con e-child\" data-id=\"43b4043\" data-element_type=\"container\" data-e-type=\"container\">\n\t\t\t\t\t<div class=\"e-con-inner\">\n\t\t\t\t<div class=\"elementor-element elementor-element-8c850c6 elementor-widget-mobile__width-initial elementor-widget elementor-widget-image\" data-id=\"8c850c6\" data-element_type=\"widget\" data-e-type=\"widget\" data-widget_type=\"image.default\">\n\t\t\t\t<div class=\"elementor-widget-container\">\n\t\t\t\t\t\t\t\t\t\t\t\t\t\t\t<img decoding=\"async\" width=\"76\" height=\"39\" src=\"https:\/\/www.ker-moor.com\/wp-content\/uploads\/2024\/02\/pics-gauche.png\" class=\"attachment-full size-full wp-image-171\" alt=\"\" srcset=\"https:\/\/www.ker-moor.com\/wp-content\/uploads\/2024\/02\/pics-gauche.png 76w, https:\/\/www.ker-moor.com\/wp-content\/uploads\/2024\/02\/pics-gauche-18x9.png 18w\" sizes=\"(max-width: 76px) 100vw, 76px\" title=\"\">\t\t\t\t\t\t\t\t\t\t\t\t\t\t\t<\/div>\n\t\t\t\t<\/div>\n\t\t\t\t<div class=\"elementor-element elementor-element-1a69eba elementor-widget elementor-widget-heading\" data-id=\"1a69eba\" data-element_type=\"widget\" data-e-type=\"widget\" data-widget_type=\"heading.default\">\n\t\t\t\t<div class=\"elementor-widget-container\">\n\t\t\t\t\t<span class=\"elementor-heading-title elementor-size-default\">Erfahrungen<\/span>\t\t\t\t<\/div>\n\t\t\t\t<\/div>\n\t\t\t\t<div class=\"elementor-element elementor-element-6c232df elementor-widget-mobile__width-initial elementor-widget elementor-widget-image\" data-id=\"6c232df\" data-element_type=\"widget\" data-e-type=\"widget\" data-widget_type=\"image.default\">\n\t\t\t\t<div class=\"elementor-widget-container\">\n\t\t\t\t\t\t\t\t\t\t\t\t\t\t\t<img decoding=\"async\" width=\"76\" height=\"39\" src=\"https:\/\/www.ker-moor.com\/wp-content\/uploads\/2024\/02\/pics-droite.png\" class=\"attachment-full size-full wp-image-170\" alt=\"\" srcset=\"https:\/\/www.ker-moor.com\/wp-content\/uploads\/2024\/02\/pics-droite.png 76w, https:\/\/www.ker-moor.com\/wp-content\/uploads\/2024\/02\/pics-droite-18x9.png 18w\" sizes=\"(max-width: 76px) 100vw, 76px\" title=\"\">\t\t\t\t\t\t\t\t\t\t\t\t\t\t\t<\/div>\n\t\t\t\t<\/div>\n\t\t\t\t\t<\/div>\n\t\t\t\t<\/div>\n\t\t<div class=\"elementor-element elementor-element-516b9c8 e-flex e-con-boxed e-con e-child\" data-id=\"516b9c8\" data-element_type=\"container\" data-e-type=\"container\">\n\t\t\t\t\t<div class=\"e-con-inner\">\n\t\t\t\t<div class=\"elementor-element elementor-element-0bc6e2a elementor-widget elementor-widget-heading\" data-id=\"0bc6e2a\" data-element_type=\"widget\" data-e-type=\"widget\" data-widget_type=\"heading.default\">\n\t\t\t\t<div class=\"elementor-widget-container\">\n\t\t\t\t\t<h1 class=\"elementor-heading-title elementor-size-default\">Hotel am Meer, Nordbretagne<\/h1>\t\t\t\t<\/div>\n\t\t\t\t<\/div>\n\t\t\t\t\t<\/div>\n\t\t\t\t<\/div>\n\t\t\t\t<\/div>\n\t\t<div class=\"elementor-element elementor-element-08eb04a e-flex e-con-boxed e-con e-parent\" data-id=\"08eb04a\" data-element_type=\"container\" data-e-type=\"container\">\n\t\t\t\t\t<div class=\"e-con-inner\">\n\t\t\t\t<div class=\"elementor-element elementor-element-ea33a7e elementor-widget elementor-widget-image\" data-id=\"ea33a7e\" data-element_type=\"widget\" data-e-type=\"widget\" data-widget_type=\"image.default\">\n\t\t\t\t<div class=\"elementor-widget-container\">\n\t\t\t\t\t\t\t\t\t\t\t\t\t\t\t<img fetchpriority=\"high\" decoding=\"async\" width=\"445\" height=\"485\" src=\"https:\/\/www.ker-moor.com\/wp-content\/uploads\/2024\/03\/Phare-avec-fond.png\" class=\"attachment-full size-full wp-image-2004\" alt=\"\" srcset=\"https:\/\/www.ker-moor.com\/wp-content\/uploads\/2024\/03\/Phare-avec-fond.png 445w, https:\/\/www.ker-moor.com\/wp-content\/uploads\/2024\/03\/Phare-avec-fond-275x300.png 275w, https:\/\/www.ker-moor.com\/wp-content\/uploads\/2024\/03\/Phare-avec-fond-11x12.png 11w\" sizes=\"(max-width: 445px) 100vw, 445px\" title=\"\">\t\t\t\t\t\t\t\t\t\t\t\t\t\t\t<\/div>\n\t\t\t\t<\/div>\n\t\t\t\t\t<\/div>\n\t\t\t\t<\/div>\n\t\t<div class=\"elementor-element elementor-element-ba280ad e-flex e-con-boxed e-con e-parent\" data-id=\"ba280ad\" data-element_type=\"container\" data-e-type=\"container\">\n\t\t\t\t\t<div class=\"e-con-inner\">\n\t\t<div class=\"elementor-element elementor-element-c6130fe e-con-full e-flex e-con e-child\" data-id=\"c6130fe\" data-element_type=\"container\" data-e-type=\"container\">\n\t\t<div class=\"elementor-element elementor-element-db77b3d e-flex e-con-boxed e-con e-child\" data-id=\"db77b3d\" data-element_type=\"container\" data-e-type=\"container\" data-settings=\"{&quot;background_background&quot;:&quot;classic&quot;}\">\n\t\t\t\t\t<div class=\"e-con-inner\">\n\t\t\t\t<div class=\"elementor-element elementor-element-02e1963 elementor-widget elementor-widget-heading\" data-id=\"02e1963\" data-element_type=\"widget\" data-e-type=\"widget\" data-widget_type=\"heading.default\">\n\t\t\t\t<div class=\"elementor-widget-container\">\n\t\t\t\t\t<h2 class=\"elementor-heading-title elementor-size-default\">Das Reiseziel Ker Moor<\/h2>\t\t\t\t<\/div>\n\t\t\t\t<\/div>\n\t\t\t\t<div class=\"elementor-element elementor-element-9663149 border-title-bottom-only elementor-widget elementor-widget-heading\" data-id=\"9663149\" data-element_type=\"widget\" data-e-type=\"widget\" data-widget_type=\"heading.default\">\n\t\t\t\t<div class=\"elementor-widget-container\">\n\t\t\t\t\t<span class=\"elementor-heading-title elementor-size-default\">Von unserem Hotel aus<\/span>\t\t\t\t<\/div>\n\t\t\t\t<\/div>\n\t\t\t\t\t<\/div>\n\t\t\t\t<\/div>\n\t\t\t\t<div class=\"elementor-element elementor-element-a1a5a26 elementor-widget__width-initial elementor-widget elementor-widget-text-editor\" data-id=\"a1a5a26\" data-element_type=\"widget\" data-e-type=\"widget\" data-widget_type=\"text-editor.default\">\n\t\t\t\t<div class=\"elementor-widget-container\">\n\t\t\t\t\t\t\t\t\t<p>Tr\u00e4umen, flanieren, atmen, genie\u00dfen, an Bord gehen, Abenteuer erleben... Unser Hotel in Saint Quay Portrieux, das sich an die felsigen Ausl\u00e4ufer von <a href=\"https:\/\/www.ker-moor.com\/de\/erfahrungen\/bucht-von-saint-brieuc\/\">die Bucht von Saint Brieuc<\/a>l\u00e4dt zu allen Arten von Reisen in die Nordbretagne ein. Ob Meer- oder Landseite, Sommer oder Winter, tausendundeine Aktivit\u00e4t und Entdeckungsreise warten am Horizont! Zwischen Landschaften wie am Ende der Welt und sch\u00f6nen Str\u00e4nden ist es so einfach, seine Freizeit zu zweit, mit der Familie oder mit Freunden zu organisieren.<br \/>Vor Ort in Saint Quay Portieux werden Sie alle Freuden eines famili\u00e4ren und geselligen Badeortes entdecken mit <a href=\"https:\/\/www.ker-moor.com\/de\/erfahrungen\/grafinneninsel\/\">seine Str\u00e4nde<\/a>, <a href=\"https:\/\/www.ker-moor.com\/de\/erfahrungen\/naturschwimmbad-von-saint-quay-portrieux\/\">ihre Animationen und Veranstaltungen<\/a> das ganze Jahr \u00fcber, <a href=\"https:\/\/www.ker-moor.com\/de\/erfahrungen\/gr-34-sentier-des-douaniers-bretagne\/\">seine K\u00fcstenpfade<\/a>Es gibt viele Wassersportm\u00f6glichkeiten. Das Hotel Ker Moor hat einen direkten Zugang zum Meer, eine kleine, windgesch\u00fctzte Bucht, die alle Schwimmer begeistern wird.<br \/>In der N\u00e4he befinden sich die unumg\u00e4nglichen Sehensw\u00fcrdigkeiten der Nordbretagne. Zwischen der Rosa Granitk\u00fcste und den majest\u00e4tischen Caps Fr\u00e9hel und Erquy ... entdecken Sie farbenfrohe Reiseziele voller Geschmack, Sinneseindr\u00fccke und Emotionen! Mit der Bucht von Saint-Brieuc in ihrem Zentrum erfreuen sie sich wechselnder Lichtverh\u00e4ltnisse und enth\u00fcllen wundersch\u00f6ne Landschaften und eine unber\u00fchrte Natur.<\/p>\t\t\t\t\t\t\t\t<\/div>\n\t\t\t\t<\/div>\n\t\t<div class=\"elementor-element elementor-element-d4e4a1c e-flex e-con-boxed e-con e-child\" data-id=\"d4e4a1c\" data-element_type=\"container\" data-e-type=\"container\">\n\t\t\t\t\t<div class=\"e-con-inner\">\n\t\t\t\t<div class=\"elementor-element elementor-element-eb5b453 btn-wave-bleu elementor-widget elementor-widget-button\" data-id=\"eb5b453\" data-element_type=\"widget\" data-e-type=\"widget\" data-widget_type=\"button.default\">\n\t\t\t\t<div class=\"elementor-widget-container\">\n\t\t\t\t\t\t\t\t\t<div class=\"elementor-button-wrapper\">\n\t\t\t\t\t<a class=\"elementor-button elementor-button-link elementor-size-sm\" href=\"https:\/\/www.ker-moor.com\/de\/ker-moor-hotel-saint-quay-portrieux\/\">\n\t\t\t\t\t\t<span class=\"elementor-button-content-wrapper\">\n\t\t\t\t\t\t\t\t\t<span class=\"elementor-button-text\">hotel &amp; dienstleistungen<\/span>\n\t\t\t\t\t<\/span>\n\t\t\t\t\t<\/a>\n\t\t\t\t<\/div>\n\t\t\t\t\t\t\t\t<\/div>\n\t\t\t\t<\/div>\n\t\t\t\t\t<\/div>\n\t\t\t\t<\/div>\n\t\t\t\t<\/div>\n\t\t\t\t\t<\/div>\n\t\t\t\t<\/div>\n\t\t<div class=\"elementor-element elementor-element-5cb427a e-con-full e-flex e-con e-parent\" data-id=\"5cb427a\" data-element_type=\"container\" data-e-type=\"container\">\n\t\t\t\t<div class=\"elementor-element elementor-element-8ccd08c elementor-widget__width-inherit slider-destinations elementor--h-position-center elementor--v-position-middle elementor-arrows-position-inside elementor-pagination-position-inside elementor-widget elementor-widget-slides\" data-id=\"8ccd08c\" data-element_type=\"widget\" data-e-type=\"widget\" data-settings=\"{&quot;navigation&quot;:&quot;both&quot;,&quot;autoplay&quot;:&quot;yes&quot;,&quot;pause_on_hover&quot;:&quot;yes&quot;,&quot;autoplay_speed&quot;:5000,&quot;infinite&quot;:&quot;yes&quot;,&quot;transition&quot;:&quot;slide&quot;,&quot;transition_speed&quot;:500}\" data-widget_type=\"slides.default\">\n\t\t\t\t<div class=\"elementor-widget-container\">\n\t\t\t\t\t\t\t\t\t<div class=\"elementor-swiper\">\n\t\t\t\t\t<div class=\"elementor-slides-wrapper elementor-main-swiper swiper\" role=\"region\" aria-roledescription=\"carousel\" aria-label=\"Folien\" dir=\"ltr\" data-animation=\"fadeInUp\">\n\t\t\t\t<div class=\"swiper-wrapper elementor-slides\">\n\t\t\t\t\t\t\t\t\t\t<div class=\"elementor-repeater-item-b58f2d1 swiper-slide\" role=\"group\" aria-roledescription=\"slide\"><div class=\"swiper-slide-bg elementor-ken-burns elementor-ken-burns--in\" role=\"img\" aria-label=\"Ile de Comtesse - hotel saint quay portrieux meerblick\"><\/div><div class=\"elementor-background-overlay\"><\/div><div class=\"swiper-slide-inner\" ><div class=\"swiper-slide-contents\"><div class=\"elementor-slide-heading\">Insel der Gr\u00e4fin<\/div><a href=\"https:\/\/www.ker-moor.com\/de\/experiences-hotel-bord-de-mer-bretagne-nord\/ile-de-la-comtesse\/\" class=\"elementor-button elementor-slide-button elementor-size-sm\">Entdecken Sie<\/a><\/div><\/div><\/div><div class=\"elementor-repeater-item-fe3f332 swiper-slide\" role=\"group\" aria-roledescription=\"slide\"><div class=\"swiper-slide-bg elementor-ken-burns elementor-ken-burns--in\" role=\"img\" aria-label=\"Klippen von Plouha in der Bretagne - hotel saint quay portrieux Meerblick\"><\/div><div class=\"elementor-background-overlay\"><\/div><div class=\"swiper-slide-inner\" ><div class=\"swiper-slide-contents\"><div class=\"elementor-slide-heading\">Klippen von Plouha<\/div><a href=\"https:\/\/www.ker-moor.com\/de\/experiences-hotel-bord-de-mer-bretagne-nord\/falaises-de-plouha-et-port-de-gwin-zegal\/\" class=\"elementor-button elementor-slide-button elementor-size-sm\">Entdecken Sie<\/a><\/div><\/div><\/div><div class=\"elementor-repeater-item-4d5583c swiper-slide\" role=\"group\" aria-roledescription=\"slide\"><div class=\"swiper-slide-bg elementor-ken-burns elementor-ken-burns--in\" role=\"img\" aria-label=\"Strandh\u00e4user in Etables-sur-Mer - hotel saint quay portrieux meerblick\"><\/div><div class=\"elementor-background-overlay\"><\/div><div class=\"swiper-slide-inner\" ><div class=\"swiper-slide-contents\"><div class=\"elementor-slide-heading\">Binic-\u00c9tables-sur-Mer<\/div><a href=\"https:\/\/www.ker-moor.com\/de\/experiences-hotel-bord-de-mer-bretagne-nord\/binic-etables-sur-mer\/\" class=\"elementor-button elementor-slide-button elementor-size-sm\">Entdecken Sie<\/a><\/div><\/div><\/div><div class=\"elementor-repeater-item-076ae8b swiper-slide\" role=\"group\" aria-roledescription=\"slide\"><div class=\"swiper-slide-bg elementor-ken-burns elementor-ken-burns--in\" role=\"img\" aria-label=\"Naturpool - hotel saint quay portrieux Meerblick\"><\/div><div class=\"elementor-background-overlay\"><\/div><div class=\"swiper-slide-inner\" ><div class=\"swiper-slide-contents\"><div class=\"elementor-slide-heading\">Naturschwimmbad in Saint-quay-portrieux<\/div><a href=\"https:\/\/www.ker-moor.com\/de\/experiences-hotel-bord-de-mer-bretagne-nord\/piscine-naturelle-de-saint-quay-portrieux\/\" class=\"elementor-button elementor-slide-button elementor-size-sm\">Entdecken Sie<\/a><\/div><\/div><\/div><div class=\"elementor-repeater-item-f180e9d swiper-slide\" role=\"group\" aria-roledescription=\"slide\"><div class=\"swiper-slide-bg elementor-ken-burns elementor-ken-burns--in\" role=\"img\" aria-label=\"Wanderweg GR34 - hotel saint quay portrieux Meerblick\"><\/div><div class=\"elementor-background-overlay\"><\/div><div class=\"swiper-slide-inner\" ><div class=\"swiper-slide-contents\"><div class=\"elementor-slide-heading\">GR 34: Pfad der Z\u00f6llner<\/div><a href=\"https:\/\/www.ker-moor.com\/de\/experiences-hotel-bord-de-mer-bretagne-nord\/gr-34-sentier-des-douaniers-bretagne\/\" class=\"elementor-button elementor-slide-button elementor-size-sm\">Entdecken Sie<\/a><\/div><\/div><\/div><div class=\"elementor-repeater-item-03f9d33 swiper-slide\" role=\"group\" aria-roledescription=\"slide\"><div class=\"swiper-slide-bg elementor-ken-burns elementor-ken-burns--in\" role=\"img\" aria-label=\"Hafen von Paimpol in der Bretagne - hotel saint quay portrieux\"><\/div><div class=\"elementor-background-overlay\"><\/div><div class=\"swiper-slide-inner\" ><div class=\"swiper-slide-contents\"><div class=\"elementor-slide-heading\">Paimpol &amp; \u00cele de br\u00e9hat<\/div><a href=\"https:\/\/www.ker-moor.com\/de\/experiences-hotel-bord-de-mer-bretagne-nord\/paimpol-et-ile-de-brehat-hotel\/\" class=\"elementor-button elementor-slide-button elementor-size-sm\">Entdecken Sie<\/a><\/div><\/div><\/div><div class=\"elementor-repeater-item-f0d34bd swiper-slide\" role=\"group\" aria-roledescription=\"slide\"><div class=\"swiper-slide-bg elementor-ken-burns elementor-ken-burns--in\" role=\"img\" aria-label=\"Bucht von Saint Brieux - hotel saint quay portrieux meerblick\"><\/div><div class=\"elementor-background-overlay\"><\/div><div class=\"swiper-slide-inner\" ><div class=\"swiper-slide-contents\"><div class=\"elementor-slide-heading\">Die Bucht von Saint-Brieuc<\/div><a href=\"https:\/\/www.ker-moor.com\/de\/experiences-hotel-bord-de-mer-bretagne-nord\/baie-de-saint-brieuc\/\" class=\"elementor-button elementor-slide-button elementor-size-sm\">Entdecken Sie<\/a><\/div><\/div><\/div>\t\t\t\t<\/div>\n\t\t\t\t\t\t\t\t\t\t\t\t\t\t\t<div class=\"elementor-swiper-button elementor-swiper-button-prev\" role=\"button\" tabindex=\"0\" aria-label=\"Vorheriger Slide\">\n\t\t\t\t\t\t\t<i aria-hidden=\"true\" class=\"eicon-chevron-left\"><\/i>\t\t\t\t\t\t<\/div>\n\t\t\t\t\t\t<div class=\"elementor-swiper-button elementor-swiper-button-next\" role=\"button\" tabindex=\"0\" aria-label=\"N\u00e4chster Slide\">\n\t\t\t\t\t\t\t<i aria-hidden=\"true\" class=\"eicon-chevron-right\"><\/i>\t\t\t\t\t\t<\/div>\n\t\t\t\t\t\t\t\t\t\t\t\t\t\t\t\t<div class=\"swiper-pagination\"><\/div>\n\t\t\t\t\t\t\t\t\t\t\t\t<\/div>\n\t\t\t\t<\/div>\n\t\t\t\t\t\t\t\t<\/div>\n\t\t\t\t<\/div>\n\t\t\t\t<\/div>\n\t\t\t\t<\/div>","protected":false},"excerpt":{"rendered":"<p>Exp\u00e9riences H\u00f4tel en bord de mer, Bretagne du nord La destination Ker Moor Depuis notre h\u00f4tel R\u00eaver, fl\u00e2ner, respirer, savourer, embarquer, s\u2019aventurer\u2026 Notre h\u00f4tel situ\u00e9 \u00e0 Saint Quay Portrieux, adoss\u00e9 aux flans rocheux de la Baie de Saint Brieuc, invite \u00e0 tous les voyages dans l\u2019\u00e9crin de la Bretagne Nord. C\u00f4t\u00e9 mer ou c\u00f4t\u00e9 terre, [&hellip;]<\/p>\n","protected":false},"author":13,"featured_media":0,"parent":0,"menu_order":0,"comment_status":"closed","ping_status":"closed","template":"","meta":{"inline_featured_image":false,"footnotes":""},"class_list":["post-199","page","type-page","status-publish","hentry"],"_links":{"self":[{"href":"https:\/\/www.ker-moor.com\/de\/wp-json\/wp\/v2\/pages\/199","targetHints":{"allow":["GET"]}}],"collection":[{"href":"https:\/\/www.ker-moor.com\/de\/wp-json\/wp\/v2\/pages"}],"about":[{"href":"https:\/\/www.ker-moor.com\/de\/wp-json\/wp\/v2\/types\/page"}],"author":[{"embeddable":true,"href":"https:\/\/www.ker-moor.com\/de\/wp-json\/wp\/v2\/users\/13"}],"replies":[{"embeddable":true,"href":"https:\/\/www.ker-moor.com\/de\/wp-json\/wp\/v2\/comments?post=199"}],"version-history":[{"count":115,"href":"https:\/\/www.ker-moor.com\/de\/wp-json\/wp\/v2\/pages\/199\/revisions"}],"predecessor-version":[{"id":3741,"href":"https:\/\/www.ker-moor.com\/de\/wp-json\/wp\/v2\/pages\/199\/revisions\/3741"}],"wp:attachment":[{"href":"https:\/\/www.ker-moor.com\/de\/wp-json\/wp\/v2\/media?parent=199"}],"curies":[{"name":"wp","href":"https:\/\/api.w.org\/{rel}","templated":true}]}}